{"id":527,"date":"2022-06-15T08:47:08","date_gmt":"2022-06-15T08:47:08","guid":{"rendered":"https:\/\/themelocker.tech\/crysa\/?page_id=527"},"modified":"2024-08-24T00:44:04","modified_gmt":"2024-08-24T00:44:04","slug":"campos_de_accion","status":"publish","type":"page","link":"https:\/\/cybernet.com.co\/index.php\/campos_de_accion\/","title":{"rendered":"Campos de acci\u00f3n"},"content":{"rendered":"\t\t<div data-elementor-type=\"wp-page\" data-elementor-id=\"527\" class=\"elementor elementor-527\" data-elementor-post-type=\"page\">\n\t\t\t\t\t\t<section class=\"elementor-section elementor-top-section elementor-element elementor-element-14db4d5 elementor-section-boxed elementor-section-height-default elementor-section-height-default\" data-id=\"14db4d5\" data-element_type=\"section\">\n\t\t\t\t\t\t<div class=\"elementor-container elementor-column-gap-no\">\n\t\t\t\t\t<div class=\"elementor-column elementor-col-100 elementor-top-column elementor-element elementor-element-314c9f6\" data-id=\"314c9f6\" data-element_type=\"column\">\n\t\t\t<div class=\"elementor-widget-wrap elementor-element-populated\">\n\t\t\t\t\t\t<div class=\"elementor-element elementor-element-9379e8b elementor-widget elementor-widget-crysa_service\" data-id=\"9379e8b\" data-element_type=\"widget\" data-widget_type=\"crysa_service.default\">\n\t\t\t\t<div class=\"elementor-widget-container\">\n\t\t\t    <!-- Start Services Four\r\n    ============================================= -->\r\n    <div class=\"services-area\">\r\n        \t        <div class=\"container\">\r\n\t            <div class=\"row\">\r\n\t                <div class=\"col-lg-8 offset-lg-2\">\r\n\t                    <div class=\"site-heading text-center\">\r\n\t                    \t\t                        \t                        \t<h2 class=\"title\">CAMPOS DE ACCI\u00d3N<\/h2>\r\n\t                        \t                    <\/div>\r\n\t                <\/div>\r\n\t            <\/div>\r\n\t        <\/div>\r\n                <div class=\"container\">\r\n            <div class=\"services-style-one-box\">\r\n                <div class=\"row\">\r\n                \t\t                    <!-- Single Item -->\r\n\t                    <div class=\"services-style-four col-xl-3 col-md-6\">\r\n\t                        <div class=\"item style-four-item\">\r\n\t                            <div class=\"bg-shape\" style=\"background-image: url(https:\/\/validthemes.net\/themeforest\/wp\/crysa\/wp-content\/uploads\/2022\/07\/28.png);\"><\/div>\r\n\t                            <div class=\"thumb\" style=\"background-image: url(https:\/\/cybernet.com.co\/wp-content\/uploads\/2024\/07\/it2.png);\"><\/div>\r\n\t                            \t                                <i class=\"flaticon-data-processing\"><\/i>\r\n\t                            \t                            \t                            \t                            <h4><a href=\"https:\/\/cybernet.com.co\/index.php\/infraestructurati\/\">Infraestructura y TI<\/a><\/h4>\r\n\t                            <p>\r\n\t                                \t                            <\/p>\r\n\t                            <div class=\"bottom\">\r\n\t                                <span>01<\/span>\r\n\t                                <a href=\"https:\/\/cybernet.com.co\/index.php\/infraestructurati\/\"><i class=\"fas fa-arrow-right\"><\/i><\/a>\r\n\t                            <\/div>\r\n\t                        <\/div>\r\n\t                    <\/div>\r\n\t                    <!-- End Single Item -->\r\n                   \t\t                    <!-- Single Item -->\r\n\t                    <div class=\"services-style-four col-xl-3 col-md-6\">\r\n\t                        <div class=\"item style-four-item\">\r\n\t                            <div class=\"bg-shape\" style=\"background-image: url(https:\/\/validthemes.net\/themeforest\/wp\/crysa\/wp-content\/uploads\/2022\/07\/28.png);\"><\/div>\r\n\t                            <div class=\"thumb\" style=\"background-image: url(https:\/\/cybernet.com.co\/wp-content\/uploads\/2024\/07\/SALAS-OPERACIONALES-e1722357436150.jpg);\"><\/div>\r\n\t                            \t                                <i class=\"flaticon-data-security\"><\/i>\r\n\t                            \t                            \t                            \t                            <h4><a href=\"https:\/\/cybernet.com.co\/index.php\/gestion_de_emergencias\/\">Gesti\u00f3n de emergencias<\/a><\/h4>\r\n\t                            <p>\r\n\t                                \t                            <\/p>\r\n\t                            <div class=\"bottom\">\r\n\t                                <span>02<\/span>\r\n\t                                <a href=\"https:\/\/cybernet.com.co\/index.php\/gestion_de_emergencias\/\"><i class=\"fas fa-arrow-right\"><\/i><\/a>\r\n\t                            <\/div>\r\n\t                        <\/div>\r\n\t                    <\/div>\r\n\t                    <!-- End Single Item -->\r\n                   \t\t                    <!-- Single Item -->\r\n\t                    <div class=\"services-style-four col-xl-3 col-md-6\">\r\n\t                        <div class=\"item style-four-item\">\r\n\t                            <div class=\"bg-shape\" style=\"background-image: url(https:\/\/validthemes.net\/themeforest\/wp\/crysa\/wp-content\/uploads\/2022\/07\/28.png);\"><\/div>\r\n\t                            <div class=\"thumb\" style=\"background-image: url(https:\/\/cybernet.com.co\/wp-content\/uploads\/2024\/07\/cam.jpg);\"><\/div>\r\n\t                            \t                                <i class=\"flaticon-augmented-reality\"><\/i>\r\n\t                            \t                            \t                            \t                            <h4><a href=\"https:\/\/cybernet.com.co\/index.php\/seguridad_fisica\/\">Seguridad F\u00edsica<\/a><\/h4>\r\n\t                            <p>\r\n\t                                \t                            <\/p>\r\n\t                            <div class=\"bottom\">\r\n\t                                <span>03<\/span>\r\n\t                                <a href=\"https:\/\/cybernet.com.co\/index.php\/seguridad_fisica\/\"><i class=\"fas fa-arrow-right\"><\/i><\/a>\r\n\t                            <\/div>\r\n\t                        <\/div>\r\n\t                    <\/div>\r\n\t                    <!-- End Single Item -->\r\n                   \t\t                    <!-- Single Item -->\r\n\t                    <div class=\"services-style-four col-xl-3 col-md-6\">\r\n\t                        <div class=\"item style-four-item\">\r\n\t                            <div class=\"bg-shape\" style=\"background-image: url(https:\/\/validthemes.net\/themeforest\/wp\/crysa\/wp-content\/uploads\/2022\/07\/28.png);\"><\/div>\r\n\t                            <div class=\"thumb\" style=\"background-image: url(https:\/\/cybernet.com.co\/wp-content\/uploads\/2024\/06\/adecuacion-e1719349886777.jpg);\"><\/div>\r\n\t                            \t                                <i class=\"flaticon-protection\"><\/i>\r\n\t                            \t                            \t                            \t                            <h4><a href=\"https:\/\/cybernet.com.co\/index.php\/salas-operacionales\/\">Salas Operacionales<\/a><\/h4>\r\n\t                            <p>\r\n\t                                \t                            <\/p>\r\n\t                            <div class=\"bottom\">\r\n\t                                <span>04<\/span>\r\n\t                                <a href=\"https:\/\/cybernet.com.co\/index.php\/salas-operacionales\/\"><i class=\"fas fa-arrow-right\"><\/i><\/a>\r\n\t                            <\/div>\r\n\t                        <\/div>\r\n\t                    <\/div>\r\n\t                    <!-- End Single Item -->\r\n                   \t\t                    <!-- Single Item -->\r\n\t                    <div class=\"services-style-four col-xl-3 col-md-6\">\r\n\t                        <div class=\"item style-four-item\">\r\n\t                            <div class=\"bg-shape\" style=\"background-image: url(https:\/\/validthemes.net\/themeforest\/wp\/crysa\/wp-content\/uploads\/2022\/07\/28.png);\"><\/div>\r\n\t                            <div class=\"thumb\" style=\"background-image: url(https:\/\/cybernet.com.co\/wp-content\/uploads\/2024\/06\/DEV-e1719349130252.jpg);\"><\/div>\r\n\t                            \t                                <i class=\"flaticon-data-processing\"><\/i>\r\n\t                            \t                            \t                            \t                            <h4><a href=\"https:\/\/cybernet.com.co\/index.php\/seguridad_cibernetica\/\">Seguridad Cibern\u00e9tica<\/a><\/h4>\r\n\t                            <p>\r\n\t                                \t                            <\/p>\r\n\t                            <div class=\"bottom\">\r\n\t                                <span>05<\/span>\r\n\t                                <a href=\"https:\/\/cybernet.com.co\/index.php\/seguridad_cibernetica\/\"><i class=\"fas fa-arrow-right\"><\/i><\/a>\r\n\t                            <\/div>\r\n\t                        <\/div>\r\n\t                    <\/div>\r\n\t                    <!-- End Single Item -->\r\n                   \t                <\/div>\r\n            <\/div>\r\n        <\/div>\r\n    <\/div>\r\n    <!-- End Services Four -->\r\n    \t\t<\/div>\n\t\t\t\t<\/div>\n\t\t\t\t\t<\/div>\n\t\t<\/div>\n\t\t\t\t\t<\/div>\n\t\t<\/section>\n\t\t\t\t<\/div>\n\t\t","protected":false},"excerpt":{"rendered":"<p>CAMPOS DE ACCI\u00d3N Infraestructura y TI 01 Gesti\u00f3n de emergencias 02 Seguridad F\u00edsica 03 Salas Operacionales 04 Seguridad Cibern\u00e9tica 05<\/p>\n","protected":false},"author":1,"featured_media":0,"parent":0,"menu_order":0,"comment_status":"closed","ping_status":"closed","template":"page-template\/crysa-project-single.php","meta":{"footnotes":""},"class_list":["post-527","page","type-page","status-publish","hentry"],"_links":{"self":[{"href":"https:\/\/cybernet.com.co\/index.php\/wp-json\/wp\/v2\/pages\/527","targetHints":{"allow":["GET"]}}],"collection":[{"href":"https:\/\/cybernet.com.co\/index.php\/wp-json\/wp\/v2\/pages"}],"about":[{"href":"https:\/\/cybernet.com.co\/index.php\/wp-json\/wp\/v2\/types\/page"}],"author":[{"embeddable":true,"href":"https:\/\/cybernet.com.co\/index.php\/wp-json\/wp\/v2\/users\/1"}],"replies":[{"embeddable":true,"href":"https:\/\/cybernet.com.co\/index.php\/wp-json\/wp\/v2\/comments?post=527"}],"version-history":[{"count":16,"href":"https:\/\/cybernet.com.co\/index.php\/wp-json\/wp\/v2\/pages\/527\/revisions"}],"predecessor-version":[{"id":4412,"href":"https:\/\/cybernet.com.co\/index.php\/wp-json\/wp\/v2\/pages\/527\/revisions\/4412"}],"wp:attachment":[{"href":"https:\/\/cybernet.com.co\/index.php\/wp-json\/wp\/v2\/media?parent=527"}],"curies":[{"name":"wp","href":"https:\/\/api.w.org\/{rel}","templated":true}]}}