{"id":441,"date":"2022-06-14T17:57:56","date_gmt":"2022-06-14T17:57:56","guid":{"rendered":"https:\/\/themelocker.tech\/crysa\/?page_id=441"},"modified":"2024-09-11T17:25:34","modified_gmt":"2024-09-11T17:25:34","slug":"servicios","status":"publish","type":"page","link":"https:\/\/cybernet.com.co\/index.php\/servicios\/","title":{"rendered":"Servicios"},"content":{"rendered":"\t\t<div data-elementor-type=\"wp-page\" data-elementor-id=\"441\" class=\"elementor elementor-441\" data-elementor-post-type=\"page\">\n\t\t\t\t\t\t<section class=\"elementor-section elementor-top-section elementor-element elementor-element-50f6f7d elementor-section-full_width elementor-section-stretched elementor-section-height-default elementor-section-height-default\" data-id=\"50f6f7d\" data-element_type=\"section\" data-settings=\"{&quot;stretch_section&quot;:&quot;section-stretched&quot;,&quot;background_background&quot;:&quot;classic&quot;}\">\n\t\t\t\t\t\t<div class=\"elementor-container elementor-column-gap-no\">\n\t\t\t\t\t<div class=\"elementor-column elementor-col-100 elementor-top-column elementor-element elementor-element-8528c81\" data-id=\"8528c81\" data-element_type=\"column\">\n\t\t\t<div class=\"elementor-widget-wrap elementor-element-populated\">\n\t\t\t\t\t\t<div class=\"elementor-element elementor-element-0d5b865 elementor-widget elementor-widget-crysa_service\" data-id=\"0d5b865\" data-element_type=\"widget\" data-widget_type=\"crysa_service.default\">\n\t\t\t\t<div class=\"elementor-widget-container\">\n\t\t\t    <!-- Start Services Four\r\n    ============================================= -->\r\n    <div class=\"services-area\">\r\n        \t        <div class=\"container\">\r\n\t            <div class=\"row\">\r\n\t                <div class=\"col-lg-8 offset-lg-2\">\r\n\t                    <div class=\"site-heading text-center\">\r\n\t                    \t\t                        \t                        \t<h2 class=\"title\">NUESTROS SERVICIOS <\/h2>\r\n\t                        \t                    <\/div>\r\n\t                <\/div>\r\n\t            <\/div>\r\n\t        <\/div>\r\n                <div class=\"container\">\r\n            <div class=\"services-style-one-box\">\r\n                <div class=\"row\">\r\n                \t\t                    <!-- Single Item -->\r\n\t                    <div class=\"services-style-four col-xl-3 col-md-6\">\r\n\t                        <div class=\"item style-four-item\">\r\n\t                            <div class=\"bg-shape\" style=\"background-image: url(https:\/\/validthemes.net\/themeforest\/wp\/crysa\/wp-content\/uploads\/2022\/07\/28.png);\"><\/div>\r\n\t                            <div class=\"thumb\" style=\"background-image: url(https:\/\/validthemes.net\/themeforest\/wp\/crysa\/wp-content\/uploads\/2022\/07\/4.jpg);\"><\/div>\r\n\t                            \t                                <i class=\"flaticon-data-processing\"><\/i>\r\n\t                            \t                            \t                            \t                            <h4><a href=\"https:\/\/cybernet.com.co\/index.php\/gestion_tecnologica_avanzada\/\">Gesti\u00f3n Tecnol\u00f3gica Avanzada<\/a><\/h4>\r\n\t                            <p>\r\n\t                                \t                            <\/p>\r\n\t                            <div class=\"bottom\">\r\n\t                                <span>01<\/span>\r\n\t                                <a href=\"https:\/\/cybernet.com.co\/index.php\/gestion_tecnologica_avanzada\/\"><i class=\"fas fa-arrow-right\"><\/i><\/a>\r\n\t                            <\/div>\r\n\t                        <\/div>\r\n\t                    <\/div>\r\n\t                    <!-- End Single Item -->\r\n                   \t\t                    <!-- Single Item -->\r\n\t                    <div class=\"services-style-four col-xl-3 col-md-6\">\r\n\t                        <div class=\"item style-four-item\">\r\n\t                            <div class=\"bg-shape\" style=\"background-image: url(https:\/\/validthemes.net\/themeforest\/wp\/crysa\/wp-content\/uploads\/2022\/07\/28.png);\"><\/div>\r\n\t                            <div class=\"thumb\" style=\"background-image: url(https:\/\/cybernet.com.co\/wp-content\/uploads\/2024\/07\/it.png);\"><\/div>\r\n\t                            \t                                <i class=\"flaticon-data-security\"><\/i>\r\n\t                            \t                            \t                            \t                            <h4><a href=\"https:\/\/cybernet.com.co\/index.php\/atencion_a_emergencias\/\">Software para Atenci\u00f3n a Emergencias <\/a><\/h4>\r\n\t                            <p>\r\n\t                                \t                            <\/p>\r\n\t                            <div class=\"bottom\">\r\n\t                                <span>02<\/span>\r\n\t                                <a href=\"https:\/\/cybernet.com.co\/index.php\/atencion_a_emergencias\/\"><i class=\"fas fa-arrow-right\"><\/i><\/a>\r\n\t                            <\/div>\r\n\t                        <\/div>\r\n\t                    <\/div>\r\n\t                    <!-- End Single Item -->\r\n                   \t\t                    <!-- Single Item -->\r\n\t                    <div class=\"services-style-four col-xl-3 col-md-6\">\r\n\t                        <div class=\"item style-four-item\">\r\n\t                            <div class=\"bg-shape\" style=\"background-image: url(https:\/\/validthemes.net\/themeforest\/wp\/crysa\/wp-content\/uploads\/2022\/07\/28.png);\"><\/div>\r\n\t                            <div class=\"thumb\" style=\"background-image: url(https:\/\/cybernet.com.co\/wp-content\/uploads\/2024\/06\/adecuacion-e1719349886777.jpg);\"><\/div>\r\n\t                            \t                                <i class=\"flaticon-augmented-reality\"><\/i>\r\n\t                            \t                            \t                            \t                            <h4><a href=\"https:\/\/cybernet.com.co\/index.php\/c_comandoycontrol\/\">Centros de Comando y Control<\/a><\/h4>\r\n\t                            <p>\r\n\t                                \t                            <\/p>\r\n\t                            <div class=\"bottom\">\r\n\t                                <span>03<\/span>\r\n\t                                <a href=\"https:\/\/cybernet.com.co\/index.php\/c_comandoycontrol\/\"><i class=\"fas fa-arrow-right\"><\/i><\/a>\r\n\t                            <\/div>\r\n\t                        <\/div>\r\n\t                    <\/div>\r\n\t                    <!-- End Single Item -->\r\n                   \t\t                    <!-- Single Item -->\r\n\t                    <div class=\"services-style-four col-xl-3 col-md-6\">\r\n\t                        <div class=\"item style-four-item\">\r\n\t                            <div class=\"bg-shape\" style=\"background-image: url(https:\/\/validthemes.net\/themeforest\/wp\/crysa\/wp-content\/uploads\/2022\/07\/28.png);\"><\/div>\r\n\t                            <div class=\"thumb\" style=\"background-image: url(https:\/\/cybernet.com.co\/wp-content\/uploads\/2024\/07\/cam.jpg);\"><\/div>\r\n\t                            \t                                <i class=\"flaticon-protection\"><\/i>\r\n\t                            \t                            \t                            \t                            <h4><a href=\"https:\/\/cybernet.com.co\/index.php\/sistemas_de_seguridad\/\">Consultoria y Dise\u00f1o de Sistemas de Seguridad<\/a><\/h4>\r\n\t                            <p>\r\n\t                                \t                            <\/p>\r\n\t                            <div class=\"bottom\">\r\n\t                                <span>04<\/span>\r\n\t                                <a href=\"https:\/\/cybernet.com.co\/index.php\/sistemas_de_seguridad\/\"><i class=\"fas fa-arrow-right\"><\/i><\/a>\r\n\t                            <\/div>\r\n\t                        <\/div>\r\n\t                    <\/div>\r\n\t                    <!-- End Single Item -->\r\n                   \t                <\/div>\r\n            <\/div>\r\n        <\/div>\r\n    <\/div>\r\n    <!-- End Services Four -->\r\n    \t\t<\/div>\n\t\t\t\t<\/div>\n\t\t\t\t\t<\/div>\n\t\t<\/div>\n\t\t\t\t\t<\/div>\n\t\t<\/section>\n\t\t\t\t<\/div>\n\t\t","protected":false},"excerpt":{"rendered":"<p>NUESTROS SERVICIOS Gesti\u00f3n Tecnol\u00f3gica Avanzada 01 Software para Atenci\u00f3n a Emergencias 02 Centros de Comando y Control 03 Consultoria y Dise\u00f1o de Sistemas de Seguridad 04<\/p>\n","protected":false},"author":1,"featured_media":0,"parent":0,"menu_order":0,"comment_status":"closed","ping_status":"closed","template":"page-template\/crystal-template.php","meta":{"footnotes":""},"class_list":["post-441","page","type-page","status-publish","hentry"],"_links":{"self":[{"href":"https:\/\/cybernet.com.co\/index.php\/wp-json\/wp\/v2\/pages\/441","targetHints":{"allow":["GET"]}}],"collection":[{"href":"https:\/\/cybernet.com.co\/index.php\/wp-json\/wp\/v2\/pages"}],"about":[{"href":"https:\/\/cybernet.com.co\/index.php\/wp-json\/wp\/v2\/types\/page"}],"author":[{"embeddable":true,"href":"https:\/\/cybernet.com.co\/index.php\/wp-json\/wp\/v2\/users\/1"}],"replies":[{"embeddable":true,"href":"https:\/\/cybernet.com.co\/index.php\/wp-json\/wp\/v2\/comments?post=441"}],"version-history":[{"count":29,"href":"https:\/\/cybernet.com.co\/index.php\/wp-json\/wp\/v2\/pages\/441\/revisions"}],"predecessor-version":[{"id":4517,"href":"https:\/\/cybernet.com.co\/index.php\/wp-json\/wp\/v2\/pages\/441\/revisions\/4517"}],"wp:attachment":[{"href":"https:\/\/cybernet.com.co\/index.php\/wp-json\/wp\/v2\/media?parent=441"}],"curies":[{"name":"wp","href":"https:\/\/api.w.org\/{rel}","templated":true}]}}