{"id":378,"date":"2022-06-14T17:14:11","date_gmt":"2022-06-14T17:14:11","guid":{"rendered":"https:\/\/themelocker.tech\/crysa\/?page_id=378"},"modified":"2024-08-23T19:33:55","modified_gmt":"2024-08-23T19:33:55","slug":"seguridad_cibernetica","status":"publish","type":"page","link":"https:\/\/cybernet.com.co\/index.php\/seguridad_cibernetica\/","title":{"rendered":"Seguridad Cibern\u00e9tica"},"content":{"rendered":"\t\t<div data-elementor-type=\"wp-page\" data-elementor-id=\"378\" class=\"elementor elementor-378\" data-elementor-post-type=\"page\">\n\t\t\t\t\t\t<section class=\"elementor-section elementor-top-section elementor-element elementor-element-a97a70f elementor-section-full_width elementor-section-stretched elementor-section-height-default elementor-section-height-default\" data-id=\"a97a70f\" data-element_type=\"section\" data-settings=\"{&quot;stretch_section&quot;:&quot;section-stretched&quot;}\">\n\t\t\t\t\t\t\t<div class=\"elementor-background-overlay\"><\/div>\n\t\t\t\t\t\t\t<div class=\"elementor-container elementor-column-gap-no\">\n\t\t\t\t\t<div class=\"elementor-column elementor-col-100 elementor-top-column elementor-element elementor-element-70b44d8\" data-id=\"70b44d8\" data-element_type=\"column\">\n\t\t\t<div class=\"elementor-widget-wrap elementor-element-populated\">\n\t\t\t\t\t\t<section class=\"elementor-section elementor-inner-section elementor-element elementor-element-238ccbf about-page elementor-section-boxed elementor-section-height-default elementor-section-height-default\" data-id=\"238ccbf\" data-element_type=\"section\">\n\t\t\t\t\t\t<div class=\"elementor-container elementor-column-gap-no\">\n\t\t\t\t\t<div class=\"elementor-column elementor-col-50 elementor-inner-column elementor-element elementor-element-9b1c3f9\" data-id=\"9b1c3f9\" data-element_type=\"column\">\n\t\t\t<div class=\"elementor-widget-wrap elementor-element-populated\">\n\t\t\t\t\t\t<div class=\"elementor-element elementor-element-0ad5676 elementor-widget elementor-widget-about_image\" data-id=\"0ad5676\" data-element_type=\"widget\" data-widget_type=\"about_image.default\">\n\t\t\t\t<div class=\"elementor-widget-container\">\n\t\t\t\t    <div class=\"about-style-one\">\r\n            <div class=\"thumb\">\r\n                <img decoding=\"async\" src=\"https:\/\/cybernet.com.co\/wp-content\/uploads\/2024\/06\/imag6.jpg\" alt=\"Cybernet\">\r\n                                <div class=\"thumb-shape\">\r\n                    <div class=\"shape\"><\/div>\r\n                    <div class=\"shape\"><\/div>\r\n                    <div class=\"shape\"><\/div>\r\n                    <div class=\"shape\"><\/div>\r\n                    <div class=\"shape\"><\/div>\r\n                <\/div>\r\n            <\/div>\r\n        <\/div>\r\n    \t\t<\/div>\n\t\t\t\t<\/div>\n\t\t\t\t\t<\/div>\n\t\t<\/div>\n\t\t\t\t<div class=\"elementor-column elementor-col-50 elementor-inner-column elementor-element elementor-element-3c78675\" data-id=\"3c78675\" data-element_type=\"column\">\n\t\t\t<div class=\"elementor-widget-wrap elementor-element-populated\">\n\t\t\t\t\t\t<div class=\"elementor-element elementor-element-2cd9f63 elementor-widget elementor-widget-about_content\" data-id=\"2cd9f63\" data-element_type=\"widget\" data-widget_type=\"about_content.default\">\n\t\t\t\t<div class=\"elementor-widget-container\">\n\t\t\t\t    <div class=\"about-style-one\">\r\n\t        <!-- Shape -->\r\n\t        <div class=\"blur-bg\"><\/div>\r\n\t        <!-- End Shape -->\r\n\t        <div class=\"info\">\r\n\t            <h4 class=\"sub-heading mb-20\">CYBERNET<\/h4>\r\n\t            <h2 class=\"heading\">Seguridad<br>\nCibern\u00e9tica<\/h2>\r\n\t            <p class=\"mb-0\">La seguridad cibern\u00e9tica es crucial en todos los sectores que dependen de tecnolog\u00edas digitales, incluyendo finanzas, salud, gobierno, energ\u00eda, y pr\u00e1cticamente cualquier empresa moderna.<\/p>\r\n\t            <ul class=\"short-feature-list\">\r\n\t            \t\t                <li>\r\n\t                    <h4><a href=\"#\">Protecci\u00f3n integral<\/a><\/h4>\r\n\t                    <p>\r\n\t                        \t                    <\/p>\r\n\t                <\/li>\r\n\t            \t                <li>\r\n\t                    <h4><a href=\"#\">Experiencia y confianza<\/a><\/h4>\r\n\t                    <p>\r\n\t                        \t                    <\/p>\r\n\t                <\/li>\r\n\t            \t            <\/ul>\r\n\t        <\/div>\r\n\t        <div class=\"experience\">\r\n\t        \t\t            <div class=\"left\">\r\n\t                <h2><\/h2>\r\n\t                <h4><\/h4>\r\n\t            <\/div>\r\n\t        <\/div>\r\n\t    <\/div>\r\n    \t\t<\/div>\n\t\t\t\t<\/div>\n\t\t\t\t\t<\/div>\n\t\t<\/div>\n\t\t\t\t\t<\/div>\n\t\t<\/section>\n\t\t\t\t\t<\/div>\n\t\t<\/div>\n\t\t\t\t\t<\/div>\n\t\t<\/section>\n\t\t\t\t<section class=\"elementor-section elementor-top-section elementor-element elementor-element-bc45023 elementor-section-full_width elementor-section-stretched elementor-section-height-default elementor-section-height-default\" data-id=\"bc45023\" data-element_type=\"section\" data-settings=\"{&quot;stretch_section&quot;:&quot;section-stretched&quot;}\">\n\t\t\t\t\t\t\t<div class=\"elementor-background-overlay\"><\/div>\n\t\t\t\t\t\t\t<div class=\"elementor-container elementor-column-gap-no\">\n\t\t\t\t\t<div class=\"elementor-column elementor-col-100 elementor-top-column elementor-element elementor-element-41c027d\" data-id=\"41c027d\" data-element_type=\"column\">\n\t\t\t<div class=\"elementor-widget-wrap elementor-element-populated\">\n\t\t\t\t\t\t<div class=\"elementor-element elementor-element-60491d3 elementor-widget elementor-widget-crysa_team\" data-id=\"60491d3\" data-element_type=\"widget\" data-widget_type=\"crysa_team.default\">\n\t\t\t\t<div class=\"elementor-widget-container\">\n\t\t\t    <!-- Start Team Style Two\r\n    ============================================= -->\r\n    <div class=\"team-area team-grid-style text-center overflow-hidden\">\r\n        <!-- Shape -->\r\n        <div class=\"center-shape\" style=\"background-image: url(https:\/\/themelocker.tech\/crysa\/wp-content\/uploads\/2022\/06\/34.png);\"><\/div>\r\n        <!-- End Shape -->\r\n        \t        <div class=\"container\">\r\n\t            <div class=\"row\">\r\n\t                <div class=\"col-lg-8 offset-lg-2\">\r\n\t                    <div class=\"site-heading text-center\">\r\n\t                    \t\t                        \t                        \t<h2 class=\"title\">Conoce<br>\nNuestros servicios<\/h2>\r\n\t                        \t                    <\/div>\r\n\t                <\/div>\r\n\t            <\/div>\r\n\t        <\/div>\r\n                <div class=\"container\">\r\n            <div class=\"row\">\r\n            \t                <!-- Single Item -->\r\n                <div class=\"col-lg-3 col-md-6\">\r\n                    <div class=\"team-style-one\">\r\n                        <div class=\"thumb\">\r\n                            <img decoding=\"async\" src=\"https:\/\/cybernet.com.co\/wp-content\/uploads\/2022\/09\/1.png\" alt=\"Cybernet\">\r\n                            <div class=\"angle-shape\" style=\"background-image: url( https:\/\/themelocker.tech\/crysa\/wp-content\/uploads\/2022\/06\/24.png);\"><\/div>\r\n                        <\/div>\r\n                        <div class=\"info\">\r\n                            <div class=\"content\">\r\n                                <h4 class=\"title\"><a href=\"\">Consultor\u00eda en Seguridad Cibern\u00e9tica<\/a><\/h4>\r\n                                <span><\/span>\r\n                            <\/div>\r\n                            <ul class=\"social\">\r\n                            \t                                                                                                                                                                                                                            <\/ul>\r\n                        <\/div>\r\n                    <\/div>\r\n                <\/div>\r\n                <!-- End Single Item -->\r\n                                <!-- Single Item -->\r\n                <div class=\"col-lg-3 col-md-6\">\r\n                    <div class=\"team-style-one\">\r\n                        <div class=\"thumb\">\r\n                            <img decoding=\"async\" src=\"https:\/\/cybernet.com.co\/wp-content\/uploads\/2022\/09\/4.png\" alt=\"Cybernet\">\r\n                            <div class=\"angle-shape\" style=\"background-image: url( https:\/\/themelocker.tech\/crysa\/wp-content\/uploads\/2022\/06\/24.png);\"><\/div>\r\n                        <\/div>\r\n                        <div class=\"info\">\r\n                            <div class=\"content\">\r\n                                <h4 class=\"title\"><a href=\"\">Pruebas de Penetraci\u00f3n (Pen Test)<\/a><\/h4>\r\n                                <span><\/span>\r\n                            <\/div>\r\n                            <ul class=\"social\">\r\n                            \t                                                                                                                                                                                                                            <\/ul>\r\n                        <\/div>\r\n                    <\/div>\r\n                <\/div>\r\n                <!-- End Single Item -->\r\n                                <!-- Single Item -->\r\n                <div class=\"col-lg-3 col-md-6\">\r\n                    <div class=\"team-style-one\">\r\n                        <div class=\"thumb\">\r\n                            <img decoding=\"async\" src=\"https:\/\/cybernet.com.co\/wp-content\/uploads\/2022\/09\/3.png\" alt=\"Cybernet\">\r\n                            <div class=\"angle-shape\" style=\"background-image: url( https:\/\/themelocker.tech\/crysa\/wp-content\/uploads\/2022\/06\/24.png);\"><\/div>\r\n                        <\/div>\r\n                        <div class=\"info\">\r\n                            <div class=\"content\">\r\n                                <h4 class=\"title\"><a href=\"\">Respuesta a Incidentes<\/a><\/h4>\r\n                                <span><\/span>\r\n                            <\/div>\r\n                            <ul class=\"social\">\r\n                            \t                                                                                                                                                                                                                            <\/ul>\r\n                        <\/div>\r\n                    <\/div>\r\n                <\/div>\r\n                <!-- End Single Item -->\r\n                                <!-- Single Item -->\r\n                <div class=\"col-lg-3 col-md-6\">\r\n                    <div class=\"team-style-one\">\r\n                        <div class=\"thumb\">\r\n                            <img decoding=\"async\" src=\"https:\/\/cybernet.com.co\/wp-content\/uploads\/2022\/06\/3-1.png\" alt=\"Cybernet\">\r\n                            <div class=\"angle-shape\" style=\"background-image: url( https:\/\/themelocker.tech\/crysa\/wp-content\/uploads\/2022\/06\/24.png);\"><\/div>\r\n                        <\/div>\r\n                        <div class=\"info\">\r\n                            <div class=\"content\">\r\n                                <h4 class=\"title\"><a href=\"\">Recuperaci\u00f3n de sistemas<\/a><\/h4>\r\n                                <span><\/span>\r\n                            <\/div>\r\n                            <ul class=\"social\">\r\n                            \t                                                                                                                                                                                                                            <\/ul>\r\n                        <\/div>\r\n                    <\/div>\r\n                <\/div>\r\n                <!-- End Single Item -->\r\n                   \r\n            <\/div>                \r\n        <\/div>\r\n    <\/div>\r\n    <!-- End Team Style Two -->\r\n\t\t\t<\/div>\n\t\t\t\t<\/div>\n\t\t\t\t\t<\/div>\n\t\t<\/div>\n\t\t\t\t\t<\/div>\n\t\t<\/section>\n\t\t\t\t<section class=\"elementor-section elementor-top-section elementor-element elementor-element-7140699 elementor-section-full_width elementor-section-stretched elementor-section-height-default elementor-section-height-default\" data-id=\"7140699\" data-element_type=\"section\" data-settings=\"{&quot;stretch_section&quot;:&quot;section-stretched&quot;,&quot;background_background&quot;:&quot;classic&quot;}\">\n\t\t\t\t\t\t\t<div class=\"elementor-background-overlay\"><\/div>\n\t\t\t\t\t\t\t<div class=\"elementor-container elementor-column-gap-no\">\n\t\t\t\t\t<div class=\"elementor-column elementor-col-100 elementor-top-column elementor-element elementor-element-05972e2\" data-id=\"05972e2\" data-element_type=\"column\">\n\t\t\t<div class=\"elementor-widget-wrap elementor-element-populated\">\n\t\t\t\t\t\t<div class=\"elementor-element elementor-element-bf3da79 elementor-widget elementor-widget-crysa_choose\" data-id=\"bf3da79\" data-element_type=\"widget\" data-widget_type=\"crysa_choose.default\">\n\t\t\t\t<div class=\"elementor-widget-container\">\n\t\t\t\t<!-- Start Why Choose Us Style One\r\n    ============================================= -->\r\n    <div class=\"choose-us-area\">\r\n        <div class=\"container\">\r\n            <div class=\"row\">\r\n                <div class=\"choose-us-style-one col-xl-5 col-lg-5\">\r\n                    <h4 class=\"sub-heading\">TECNOLOG\u00cdA Y SEGURIDAD<\/h4>\r\n                    <h2 class=\"heading\">La seguridad Cibern\u00e9tica<br>\ntambien es importante<\/h2>\r\n                    <p class=\"mb--5\"> Entendemos las necesidades \u00fanicas de las peque\u00f1as empresas y te ofrecemos soluciones de seguridad personalizadas y asequibles para proteger tus datos y reputaci\u00f3n.\n<\/p>\r\n                                        <a class=\"btn mt-30 btn-md btn-theme\" href=\"https:\/\/cybernet.com.co\/index.php\/servicios\/\">Nuestros servicios<\/a>\r\n                \t                <\/div>\r\n                <div class=\"choose-us-style-one text-center col-xl-6 offset-xl-1 col-lg-7\">\r\n                    <div class=\"right-item\">\r\n                        <div class=\"row\">\r\n                        \t                            <!-- Signle Item -->\r\n                            <div class=\"choose-us-card col-md-6\">\r\n                                <div class=\"item\">\r\n                                    \t\t\t                            \t\t\t                                <img decoding=\"async\" src=\"https:\/\/cybernet.com.co\/wp-content\/uploads\/2022\/06\/3-1.png\" alt=\"Cybernet\">\r\n\t\t\t                            \t\t\t                                                                <span>soluciones hechas a la medida<\/span>\r\n                                    <h4>Entrenamiento Corporativo<\/h4>\r\n                                    <a href=\"\"><\/a>\r\n                                <\/div>\r\n                            <\/div>\r\n                            <!-- End Signle Item -->\r\n                                                        <!-- Signle Item -->\r\n                            <div class=\"choose-us-card col-md-6\">\r\n                                <div class=\"item\">\r\n                                    \t\t\t                            \t\t\t                                <img decoding=\"async\" src=\"https:\/\/cybernet.com.co\/wp-content\/uploads\/2022\/06\/1-1.png\" alt=\"Cybernet\">\r\n\t\t\t                            \t\t\t                                                                <span>Corporaciones seguras<\/span>\r\n                                    <h4>Bases de datos seguras<\/h4>\r\n                                    <a href=\"\"><\/a>\r\n                                <\/div>\r\n                            <\/div>\r\n                            <!-- End Signle Item -->\r\n                                                    <\/div>\r\n                    <\/div>\r\n                <\/div>\r\n            <\/div>\r\n        <\/div>\r\n    <\/div>\r\n    <!-- End Why Choose Us Style One -->\r\n\t\t\t<\/div>\n\t\t\t\t<\/div>\n\t\t\t\t\t<\/div>\n\t\t<\/div>\n\t\t\t\t\t<\/div>\n\t\t<\/section>\n\t\t\t\t<\/div>\n\t\t","protected":false},"excerpt":{"rendered":"<p>CYBERNET Seguridad Cibern\u00e9tica La seguridad cibern\u00e9tica es crucial en todos los sectores que dependen de tecnolog\u00edas digitales, incluyendo finanzas, salud, gobierno, energ\u00eda, y pr\u00e1cticamente cualquier empresa moderna. Protecci\u00f3n integral Experiencia y confianza Conoce Nuestros servicios Consultor\u00eda en Seguridad Cibern\u00e9tica Pruebas de Penetraci\u00f3n (Pen Test) Respuesta a Incidentes Recuperaci\u00f3n de sistemas TECNOLOG\u00cdA Y SEGURIDAD La seguridad [&hellip;]<\/p>\n","protected":false},"author":1,"featured_media":0,"parent":0,"menu_order":0,"comment_status":"closed","ping_status":"closed","template":"page-template\/crystal-template.php","meta":{"footnotes":""},"class_list":["post-378","page","type-page","status-publish","hentry"],"_links":{"self":[{"href":"https:\/\/cybernet.com.co\/index.php\/wp-json\/wp\/v2\/pages\/378","targetHints":{"allow":["GET"]}}],"collection":[{"href":"https:\/\/cybernet.com.co\/index.php\/wp-json\/wp\/v2\/pages"}],"about":[{"href":"https:\/\/cybernet.com.co\/index.php\/wp-json\/wp\/v2\/types\/page"}],"author":[{"embeddable":true,"href":"https:\/\/cybernet.com.co\/index.php\/wp-json\/wp\/v2\/users\/1"}],"replies":[{"embeddable":true,"href":"https:\/\/cybernet.com.co\/index.php\/wp-json\/wp\/v2\/comments?post=378"}],"version-history":[{"count":57,"href":"https:\/\/cybernet.com.co\/index.php\/wp-json\/wp\/v2\/pages\/378\/revisions"}],"predecessor-version":[{"id":4334,"href":"https:\/\/cybernet.com.co\/index.php\/wp-json\/wp\/v2\/pages\/378\/revisions\/4334"}],"wp:attachment":[{"href":"https:\/\/cybernet.com.co\/index.php\/wp-json\/wp\/v2\/media?parent=378"}],"curies":[{"name":"wp","href":"https:\/\/api.w.org\/{rel}","templated":true}]}}