{"id":2446,"date":"2022-06-15T05:21:30","date_gmt":"2022-06-15T05:21:30","guid":{"rendered":"https:\/\/validthemes.net\/themeforest\/wp\/crysa\/?page_id=479"},"modified":"2024-09-11T16:53:27","modified_gmt":"2024-09-11T16:53:27","slug":"contacto","status":"publish","type":"page","link":"https:\/\/cybernet.com.co\/index.php\/contacto\/","title":{"rendered":"Contacto"},"content":{"rendered":"\t\t<div data-elementor-type=\"wp-page\" data-elementor-id=\"2446\" class=\"elementor elementor-2446\" data-elementor-post-type=\"page\">\n\t\t\t\t\t\t<section class=\"elementor-section elementor-top-section elementor-element elementor-element-3f2d756 elementor-section-full_width elementor-section-stretched elementor-section-height-default elementor-section-height-default\" data-id=\"3f2d756\" data-element_type=\"section\" data-settings=\"{&quot;stretch_section&quot;:&quot;section-stretched&quot;}\">\n\t\t\t\t\t\t<div class=\"elementor-container elementor-column-gap-no\">\n\t\t\t\t\t<div class=\"elementor-column elementor-col-100 elementor-top-column elementor-element elementor-element-7a4b3bf\" data-id=\"7a4b3bf\" data-element_type=\"column\">\n\t\t\t<div class=\"elementor-widget-wrap elementor-element-populated\">\n\t\t\t\t\t\t<div class=\"elementor-element elementor-element-43126aa elementor-widget elementor-widget-crysa_contact\" data-id=\"43126aa\" data-element_type=\"widget\" data-widget_type=\"crysa_contact.default\">\n\t\t\t\t<div class=\"elementor-widget-container\">\n\t\t\t    <!-- Start Contact Us \r\n    ============================================= -->\r\n    <div class=\"contact-area\">\r\n        <div class=\"container\">\r\n            <div class=\"contact-style-two-items text-center bg-gradient text-light\">\r\n            \t                <!-- Shape -->\r\n                <div class=\"shape-left-top\" style=\"background-image: url(https:\/\/validthemes.net\/themeforest\/wp\/crysa\/wp-content\/uploads\/2022\/06\/25.png);\"><\/div>\r\n                <!-- Shape -->\r\n            \t                <div class=\"row\">\r\n                \t\t                    <!-- Single Item -->\r\n\t                    <div class=\"col-lg-4 contact-style-two\">\r\n\t                        <div class=\"item\">\r\n\t                            \t                            \t                                                                <i class=\"fas fa-phone-alt\"><\/i>\r\n                                \t                            <h4 class=\"title\">Tel\u00e9fono<\/h4>\r\n\t                            <p>\r\n\t                                Nuestros asesores est\u00e1n listo a atender sus requerimientos\t                            <\/p>\r\n\t                            <a href=\"tel:2151234567\">(+57) 601 805 35 73 <\/a>\r\n\t                        <\/div>\r\n\t                    <\/div>\r\n\t                    <!-- End Single Item -->\r\n                \t\t                    <!-- Single Item -->\r\n\t                    <div class=\"col-lg-4 contact-style-two\">\r\n\t                        <div class=\"item\">\r\n\t                            \t                            \t                                                                <i class=\"fas fa-map-marker-alt\"><\/i>\r\n                                \t                            <h4 class=\"title\">Ubicaci\u00f3n<\/h4>\r\n\t                            <p>\r\n\t                                Encu\u00e9ntranos en:\t                            <\/p>\r\n\t                            <a href=\"#contact\">Carrera 40b # 19 - 23\nBogot\u00e1 Colombia<\/a>\r\n\t                        <\/div>\r\n\t                    <\/div>\r\n\t                    <!-- End Single Item -->\r\n                \t\t                    <!-- Single Item -->\r\n\t                    <div class=\"col-lg-4 contact-style-two\">\r\n\t                        <div class=\"item\">\r\n\t                            \t                            \t                                                                <i class=\"fas fa-envelope-open-text\"><\/i>\r\n                                \t                            <h4 class=\"title\">Email<\/h4>\r\n\t                            <p>\r\n\t                                Estamos atentos a sus soportes, dudas o inquietudes \t                            <\/p>\r\n\t                            <a href=\"mailto:info@crysta.com.com\">info@cybernet.com.co<\/a>\r\n\t                        <\/div>\r\n\t                    <\/div>\r\n\t                    <!-- End Single Item -->\r\n                \t                <\/div>\r\n            <\/div>\r\n        <\/div>\r\n    <\/div>\r\n    <!-- End Contact -->\r\n    \t\t<\/div>\n\t\t\t\t<\/div>\n\t\t\t\t\t<\/div>\n\t\t<\/div>\n\t\t\t\t\t<\/div>\n\t\t<\/section>\n\t\t\t\t<section class=\"elementor-section elementor-top-section elementor-element elementor-element-b7ddabd elementor-section-full_width elementor-section-stretched elementor-section-height-default elementor-section-height-default\" data-id=\"b7ddabd\" data-element_type=\"section\" data-settings=\"{&quot;stretch_section&quot;:&quot;section-stretched&quot;}\">\n\t\t\t\t\t\t<div class=\"elementor-container elementor-column-gap-no\">\n\t\t\t\t\t<div class=\"elementor-column elementor-col-100 elementor-top-column elementor-element elementor-element-fb20637\" data-id=\"fb20637\" data-element_type=\"column\">\n\t\t\t<div class=\"elementor-widget-wrap elementor-element-populated\">\n\t\t\t\t\t\t<div class=\"elementor-element elementor-element-b03baea elementor-widget elementor-widget-crysa_contact_us_form\" data-id=\"b03baea\" data-element_type=\"widget\" data-widget_type=\"crysa_contact_us_form.default\">\n\t\t\t\t<div class=\"elementor-widget-container\">\n\t\t\t\r\n    <!-- Start Contact Form \r\n    ============================================= -->\r\n    <div id=\"contact\" class=\"contact-form-area default-padding bg-gray overflow-hidden\">\r\n        <!-- Shape -->\r\n        <div class=\"shape-right-bottom-large\" style=\"background-image: url(https:\/\/validthemes.net\/themeforest\/wp\/crysa\/wp-content\/uploads\/2022\/06\/16.png)\"><\/div>\r\n        <!-- Shape -->\r\n        <div class=\"google-maps\">\r\n            \n<iframe src=\"https:\/\/www.google.com\/maps\/embed?pb=!1m18!1m12!1m3!1d3976.94892218685!2d-74.12153852510691!3d4.603169795371509!2m3!1f0!2f0!3f0!3m2!1i1024!2i768!4f13.1!3m3!1m2!1s0x8e3f993408b6df6f%3A0x1ef341c1a4837831!2sCra.%2040b%20%2319-23%2C%20Bogot%C3%A1!5e0!3m2!1ses!2sco!4v1721861818398!5m2!1ses!2sco\" width=\"600\" height=\"450\" style=\"border:0;\" allowfullscreen=\"\" loading=\"lazy\" referrerpolicy=\"no-referrer-when-downgrade\"><\/iframe>        <\/div>\r\n        <div class=\"container\">\r\n            <!-- Contact Form -->\r\n            <div class=\"row\">\r\n                <div class=\"col-xl-6 offset-xl-6 col-lg-7 offset-lg-5\">\r\n                    <div class=\"form\">\r\n                        <h4 class=\"sub-heading\"><\/h4>\r\n                        <h2 class=\"heading\">\u00bfTienes preguntas?<br>\n\u00a1Cont\u00e1ctanos!<\/h2>\r\n                       \n<div class=\"wpcf7 no-js\" id=\"wpcf7-f668-o1\" lang=\"es-ES\" dir=\"ltr\">\n<div class=\"screen-reader-response\"><p role=\"status\" aria-live=\"polite\" aria-atomic=\"true\"><\/p> <ul><\/ul><\/div>\n<form action=\"\/index.php\/wp-json\/wp\/v2\/pages\/2446#wpcf7-f668-o1\" method=\"post\" class=\"wpcf7-form init\" aria-label=\"Formulario de contacto\" novalidate=\"novalidate\" data-status=\"init\">\n<div style=\"display: none;\">\n<input type=\"hidden\" name=\"_wpcf7\" value=\"668\" \/>\n<input type=\"hidden\" name=\"_wpcf7_version\" value=\"5.9.7\" \/>\n<input type=\"hidden\" name=\"_wpcf7_locale\" value=\"es_ES\" \/>\n<input type=\"hidden\" name=\"_wpcf7_unit_tag\" value=\"wpcf7-f668-o1\" \/>\n<input type=\"hidden\" name=\"_wpcf7_container_post\" value=\"0\" \/>\n<input type=\"hidden\" name=\"_wpcf7_posted_data_hash\" value=\"\" \/>\n<\/div>\n<label> Nombre <br>\n    <span class=\"wpcf7-form-control-wrap\" data-name=\"your-nombre\"><input size=\"40\" maxlength=\"400\" class=\"wpcf7-form-control wpcf7-text wpcf7-validates-as-required\" autocomplete=\"name\" aria-required=\"true\" aria-invalid=\"false\" value=\"\" type=\"text\" name=\"your-nombre\" \/><\/span> <\/label>\n\n<label> Email <br>\n    <span class=\"wpcf7-form-control-wrap\" data-name=\"your-email\"><input size=\"40\" maxlength=\"400\" class=\"wpcf7-form-control wpcf7-email wpcf7-validates-as-required wpcf7-text wpcf7-validates-as-email\" autocomplete=\"email\" aria-required=\"true\" aria-invalid=\"false\" value=\"\" type=\"email\" name=\"your-email\" \/><\/span> <\/label>\n\n<label> Asunto <br>\n    <span class=\"wpcf7-form-control-wrap\" data-name=\"your-subject\"><input size=\"40\" maxlength=\"400\" class=\"wpcf7-form-control wpcf7-text wpcf7-validates-as-required\" aria-required=\"true\" aria-invalid=\"false\" value=\"\" type=\"text\" name=\"your-subject\" \/><\/span> <\/label>\n\n<label> Mensaje (opcional)\n    <span class=\"wpcf7-form-control-wrap\" data-name=\"your-message\"><textarea cols=\"40\" rows=\"10\" maxlength=\"2000\" class=\"wpcf7-form-control wpcf7-textarea\" aria-invalid=\"false\" name=\"your-message\"><\/textarea><\/span> <\/label>\n\n<input class=\"wpcf7-form-control wpcf7-submit has-spinner\" type=\"submit\" value=\"Enviar\" \/><div class=\"wpcf7-response-output\" aria-hidden=\"true\"><\/div>\n<\/form>\n<\/div>\n                    <\/div>\r\n                <\/div>\r\n            <\/div>\r\n            <!-- End Contact Form -->\r\n        <\/div>\r\n    <\/div>\r\n    <!-- End Contact Form -->\r\n\t\t\t<\/div>\n\t\t\t\t<\/div>\n\t\t\t\t\t<\/div>\n\t\t<\/div>\n\t\t\t\t\t<\/div>\n\t\t<\/section>\n\t\t\t\t<\/div>\n\t\t","protected":false},"excerpt":{"rendered":"<p>Tel\u00e9fono Nuestros asesores est\u00e1n listo a atender sus requerimientos (+57) 601 805 35 73 Ubicaci\u00f3n Encu\u00e9ntranos en: Carrera 40b # 19 &#8211; 23 Bogot\u00e1 Colombia Email Estamos atentos a sus soportes, dudas o inquietudes info@cybernet.com.co \u00bfTienes preguntas? \u00a1Cont\u00e1ctanos! Nombre Email Asunto Mensaje (opcional)<\/p>\n","protected":false},"author":1,"featured_media":0,"parent":0,"menu_order":0,"comment_status":"closed","ping_status":"closed","template":"page-template\/crystal-template.php","meta":{"footnotes":""},"class_list":["post-2446","page","type-page","status-publish","hentry"],"_links":{"self":[{"href":"https:\/\/cybernet.com.co\/index.php\/wp-json\/wp\/v2\/pages\/2446","targetHints":{"allow":["GET"]}}],"collection":[{"href":"https:\/\/cybernet.com.co\/index.php\/wp-json\/wp\/v2\/pages"}],"about":[{"href":"https:\/\/cybernet.com.co\/index.php\/wp-json\/wp\/v2\/types\/page"}],"author":[{"embeddable":true,"href":"https:\/\/cybernet.com.co\/index.php\/wp-json\/wp\/v2\/users\/1"}],"replies":[{"embeddable":true,"href":"https:\/\/cybernet.com.co\/index.php\/wp-json\/wp\/v2\/comments?post=2446"}],"version-history":[{"count":43,"href":"https:\/\/cybernet.com.co\/index.php\/wp-json\/wp\/v2\/pages\/2446\/revisions"}],"predecessor-version":[{"id":4506,"href":"https:\/\/cybernet.com.co\/index.php\/wp-json\/wp\/v2\/pages\/2446\/revisions\/4506"}],"wp:attachment":[{"href":"https:\/\/cybernet.com.co\/index.php\/wp-json\/wp\/v2\/media?parent=2446"}],"curies":[{"name":"wp","href":"https:\/\/api.w.org\/{rel}","templated":true}]}}