{"id":2443,"date":"2022-06-14T17:41:34","date_gmt":"2022-06-14T17:41:34","guid":{"rendered":"https:\/\/validthemes.net\/themeforest\/wp\/crysa\/?page_id=427"},"modified":"2024-09-11T16:44:42","modified_gmt":"2024-09-11T16:44:42","slug":"proyectos","status":"publish","type":"page","link":"https:\/\/cybernet.com.co\/index.php\/proyectos\/","title":{"rendered":"Proyectos"},"content":{"rendered":"\t\t<div data-elementor-type=\"wp-page\" data-elementor-id=\"2443\" class=\"elementor elementor-2443\" data-elementor-post-type=\"page\">\n\t\t\t\t\t\t<section class=\"elementor-section elementor-top-section elementor-element elementor-element-e807091 elementor-section-full_width elementor-section-stretched elementor-section-height-default elementor-section-height-default\" data-id=\"e807091\" data-element_type=\"section\" data-settings=\"{&quot;stretch_section&quot;:&quot;section-stretched&quot;}\">\n\t\t\t\t\t\t<div class=\"elementor-container elementor-column-gap-no\">\n\t\t\t\t\t<div class=\"elementor-column elementor-col-100 elementor-top-column elementor-element elementor-element-ef7887f\" data-id=\"ef7887f\" data-element_type=\"column\">\n\t\t\t<div class=\"elementor-widget-wrap elementor-element-populated\">\n\t\t\t\t\t\t<div class=\"elementor-element elementor-element-be882b7 elementor-widget elementor-widget-crysa_slider\" data-id=\"be882b7\" data-element_type=\"widget\" data-widget_type=\"crysa_slider.default\">\n\t\t\t\t<div class=\"elementor-widget-container\">\n\t\t\t    <!-- Start Banner Style Four  -->\r\n    <div class=\"banner-style-four-area bg-cover text-light\" style=\"background-image: url(https:\/\/validthemes.net\/themeforest\/wp\/crysa\/wp-content\/uploads\/2022\/07\/1.jpg);\">\r\n        <div class=\"container\">\r\n            <div class=\"banner-items\">\r\n                <div class=\"row align-center\">\r\n                    <div class=\"col-lg-6 banner-style-four\">\r\n                        <div class=\"info\">\r\n                            <h4 class=\"sub-title\"><\/h4>\r\n                            <h2 class=\"title\">Nuestros\n<strong>Proyectos<\/strong><\/h2>\r\n                            <p>\r\n                                                           <\/p>\r\n                            <div class=\"button\">\r\n                                <a class=\"btn btn-gradient btn-md radius animation\" href=\"https:\/\/cybernet.com.co\/index.php\/contacto\/\">Contacto<\/a>\r\n                            <\/div>\r\n                        <\/div>\r\n                    <\/div>\r\n                    <div class=\"col-lg-6 banner-style-four\">\r\n                        <div class=\"thumb\">\r\n                            <img decoding=\"async\" src=\"https:\/\/cybernet.com.co\/wp-content\/uploads\/2024\/06\/fondo.png\" alt=\"Cybernet\">\r\n                        <\/div>\r\n                    <\/div>\r\n                <\/div>\r\n            <\/div>\r\n        <\/div>\r\n    <\/div>\r\n    <!-- End Banner Style Four -->\r\n    \t\t<\/div>\n\t\t\t\t<\/div>\n\t\t\t\t\t<\/div>\n\t\t<\/div>\n\t\t\t\t\t<\/div>\n\t\t<\/section>\n\t\t\t\t<section class=\"elementor-section elementor-top-section elementor-element elementor-element-5c5928e elementor-section-full_width elementor-section-stretched elementor-section-height-default elementor-section-height-default\" data-id=\"5c5928e\" data-element_type=\"section\" data-settings=\"{&quot;stretch_section&quot;:&quot;section-stretched&quot;,&quot;background_background&quot;:&quot;classic&quot;}\">\n\t\t\t\t\t\t<div class=\"elementor-container elementor-column-gap-no\">\n\t\t\t\t\t<div class=\"elementor-column elementor-col-100 elementor-top-column elementor-element elementor-element-042ca96\" data-id=\"042ca96\" data-element_type=\"column\">\n\t\t\t<div class=\"elementor-widget-wrap elementor-element-populated\">\n\t\t\t\t\t\t<div class=\"elementor-element elementor-element-ec59f56 elementor-widget elementor-widget-crysa_portfolio\" data-id=\"ec59f56\" data-element_type=\"widget\" data-widget_type=\"crysa_portfolio.default\">\n\t\t\t\t<div class=\"elementor-widget-container\">\n\t\t\t\t  \t<!-- Start Portfolio Area\r\n    ============================================= -->\r\n    <div class=\"projects-area default-padding\">\r\n                <div class=\"container\">\r\n            <div class=\"row\">\r\n                <div class=\"col-xl-12\">\r\n                    <div class=\"masonary\">\r\n                        <div class=\"gallery-items text-center colums-3 mixed\">\r\n                        \t                            <!-- Single Item -->\r\n                            <div class=\"gallery-item gallery-style-one\">\r\n                                <div class=\"item gallery-mixed-item\">\r\n                                    <div class=\"thumb\">\r\n                                        <img decoding=\"async\" src=\"https:\/\/cybernet.com.co\/wp-content\/uploads\/2024\/07\/boydor.jpg\" alt=\"Cybernet\">\r\n                                    <\/div>\r\n                                    <div class=\"content\">\r\n                                        <div class=\"info\">\r\n                                            <h4><a href=\"\">BOYDOR<\/a><\/h4>\r\n                                            <span>Seguridad F\u00edsica<\/span>\r\n                                        <\/div>\r\n                                    <\/div>\r\n                                <\/div>\r\n                            <\/div>\r\n                            <!-- End Single Item -->\r\n    \t\t\t\t\t\t                            <!-- Single Item -->\r\n                            <div class=\"gallery-item gallery-style-one\">\r\n                                <div class=\"item gallery-mixed-item\">\r\n                                    <div class=\"thumb\">\r\n                                        <img decoding=\"async\" src=\"https:\/\/cybernet.com.co\/wp-content\/uploads\/2024\/07\/bw.jpg\" alt=\"Cybernet\">\r\n                                    <\/div>\r\n                                    <div class=\"content\">\r\n                                        <div class=\"info\">\r\n                                            <h4><a href=\"https:\/\/cybernet.com.co\/index.php\/buffalo-wings\/\">BUFFALO WINGS<\/a><\/h4>\r\n                                            <span>Seguridad F\u00edsica e Infraestructura TI<\/span>\r\n                                        <\/div>\r\n                                    <\/div>\r\n                                <\/div>\r\n                            <\/div>\r\n                            <!-- End Single Item -->\r\n    \t\t\t\t\t\t                            <!-- Single Item -->\r\n                            <div class=\"gallery-item gallery-style-one\">\r\n                                <div class=\"item gallery-mixed-item\">\r\n                                    <div class=\"thumb\">\r\n                                        <img decoding=\"async\" src=\"https:\/\/cybernet.com.co\/wp-content\/uploads\/2024\/07\/inplasco.jpg\" alt=\"Cybernet\">\r\n                                    <\/div>\r\n                                    <div class=\"content\">\r\n                                        <div class=\"info\">\r\n                                            <h4><a href=\"\">INPLASCO<\/a><\/h4>\r\n                                            <span>Infraestructura TI y Seguridad F\u00edsica<\/span>\r\n                                        <\/div>\r\n                                    <\/div>\r\n                                <\/div>\r\n                            <\/div>\r\n                            <!-- End Single Item -->\r\n    \t\t\t\t\t\t                            <!-- Single Item -->\r\n                            <div class=\"gallery-item gallery-style-one\">\r\n                                <div class=\"item gallery-mixed-item\">\r\n                                    <div class=\"thumb\">\r\n                                        <img decoding=\"async\" src=\"https:\/\/cybernet.com.co\/wp-content\/uploads\/2024\/07\/puertorico2.jpg\" alt=\"Cybernet\">\r\n                                    <\/div>\r\n                                    <div class=\"content\">\r\n                                        <div class=\"info\">\r\n                                            <h4><a href=\"https:\/\/cybernet.com.co\/index.php\/cc-puerto-rico\">CC PUERTO RICO<\/a><\/h4>\r\n                                            <span>Infraestructura TI<\/span>\r\n                                        <\/div>\r\n                                    <\/div>\r\n                                <\/div>\r\n                            <\/div>\r\n                            <!-- End Single Item -->\r\n    \t\t\t\t\t\t                            <!-- Single Item -->\r\n                            <div class=\"gallery-item gallery-style-one\">\r\n                                <div class=\"item gallery-mixed-item\">\r\n                                    <div class=\"thumb\">\r\n                                        <img decoding=\"async\" src=\"https:\/\/cybernet.com.co\/wp-content\/uploads\/2024\/07\/trofor-1.jpg\" alt=\"Cybernet\">\r\n                                    <\/div>\r\n                                    <div class=\"content\">\r\n                                        <div class=\"info\">\r\n                                            <h4><a href=\"\">TROFORMAS<\/a><\/h4>\r\n                                            <span>Seguridad F\u00edsica<\/span>\r\n                                        <\/div>\r\n                                    <\/div>\r\n                                <\/div>\r\n                            <\/div>\r\n                            <!-- End Single Item -->\r\n    \t\t\t\t\t\t                            <!-- Single Item -->\r\n                            <div class=\"gallery-item gallery-style-one\">\r\n                                <div class=\"item gallery-mixed-item\">\r\n                                    <div class=\"thumb\">\r\n                                        <img decoding=\"async\" src=\"https:\/\/cybernet.com.co\/wp-content\/uploads\/2024\/07\/Contact.jpg\" alt=\"Cybernet\">\r\n                                    <\/div>\r\n                                    <div class=\"content\">\r\n                                        <div class=\"info\">\r\n                                            <h4><a href=\"https:\/\/cybernet.com.co\/index.php\/contact-point\/\">CONTACT POINT<\/a><\/h4>\r\n                                            <span>Infraestructura TI<\/span>\r\n                                        <\/div>\r\n                                    <\/div>\r\n                                <\/div>\r\n                            <\/div>\r\n                            <!-- End Single Item -->\r\n    \t\t\t\t\t\t                        <\/div>\r\n                    <\/div>\r\n                <\/div>\r\n            <\/div>\r\n        <\/div> \r\n    <\/div>\r\n    <!-- End Portfolios Area -->\r\n    \t\t<\/div>\n\t\t\t\t<\/div>\n\t\t\t\t\t<\/div>\n\t\t<\/div>\n\t\t\t\t\t<\/div>\n\t\t<\/section>\n\t\t<div class=\"elementor-element elementor-element-3ee8bd2 e-flex e-con-boxed e-con e-parent\" data-id=\"3ee8bd2\" data-element_type=\"container\">\n\t\t\t\t\t<div class=\"e-con-inner\">\n\t\t\t\t<div class=\"elementor-element elementor-element-3209f4f elementor-headline--style-rotate elementor-widget elementor-widget-animated-headline\" data-id=\"3209f4f\" data-element_type=\"widget\" data-settings=\"{&quot;headline_style&quot;:&quot;rotate&quot;,&quot;rotating_text&quot;:&quot;Infraestructura TI\\nSeguridad F\\u00edsica\\nSalas Operativas\\nSeguridad Cibern\\u00e9tica&quot;,&quot;animation_type&quot;:&quot;typing&quot;,&quot;loop&quot;:&quot;yes&quot;,&quot;rotate_iteration_delay&quot;:2500}\" data-widget_type=\"animated-headline.default\">\n\t\t\t\t<div class=\"elementor-widget-container\">\n\t\t\t<link rel=\"stylesheet\" href=\"https:\/\/cybernet.com.co\/wp-content\/plugins\/pro-elements\/assets\/css\/widget-animated-headline.min.css\">\t\t<div class=\"elementor-headline elementor-headline-animation-type-typing elementor-headline-letters\">\n\t\t\t\t\t<span class=\"elementor-headline-plain-text elementor-headline-text-wrapper\">Proyectos<\/span>\n\t\t\t\t<span class=\"elementor-headline-dynamic-wrapper elementor-headline-text-wrapper\">\n\t\t\t\t\t<span class=\"elementor-headline-dynamic-text elementor-headline-text-active\">\n\t\t\t\tInfraestructura&nbsp;TI\t\t\t<\/span>\n\t\t\t\t\t<span class=\"elementor-headline-dynamic-text\">\n\t\t\t\tSeguridad&nbsp;F\u00edsica\t\t\t<\/span>\n\t\t\t\t\t<span class=\"elementor-headline-dynamic-text\">\n\t\t\t\tSalas&nbsp;Operativas\t\t\t<\/span>\n\t\t\t\t\t<span class=\"elementor-headline-dynamic-text\">\n\t\t\t\tSeguridad&nbsp;Cibern\u00e9tica\t\t\t<\/span>\n\t\t\t\t\t\t<\/span>\n\t\t\t\t<\/div>\n\t\t\t\t<\/div>\n\t\t\t\t<\/div>\n\t\t\t\t\t<\/div>\n\t\t\t\t<\/div>\n\t\t\t\t<\/div>\n\t\t","protected":false},"excerpt":{"rendered":"<p>Nuestros Proyectos Contacto BOYDOR Seguridad F\u00edsica BUFFALO WINGS Seguridad F\u00edsica e Infraestructura TI INPLASCO Infraestructura TI y Seguridad F\u00edsica CC PUERTO RICO Infraestructura TI TROFORMAS Seguridad F\u00edsica CONTACT POINT Infraestructura TI Proyectos Infraestructura&nbsp;TI Seguridad&nbsp;F\u00edsica Salas&nbsp;Operativas Seguridad&nbsp;Cibern\u00e9tica<\/p>\n","protected":false},"author":1,"featured_media":0,"parent":0,"menu_order":0,"comment_status":"closed","ping_status":"closed","template":"page-template\/crystal-template.php","meta":{"footnotes":""},"class_list":["post-2443","page","type-page","status-publish","hentry"],"_links":{"self":[{"href":"https:\/\/cybernet.com.co\/index.php\/wp-json\/wp\/v2\/pages\/2443","targetHints":{"allow":["GET"]}}],"collection":[{"href":"https:\/\/cybernet.com.co\/index.php\/wp-json\/wp\/v2\/pages"}],"about":[{"href":"https:\/\/cybernet.com.co\/index.php\/wp-json\/wp\/v2\/types\/page"}],"author":[{"embeddable":true,"href":"https:\/\/cybernet.com.co\/index.php\/wp-json\/wp\/v2\/users\/1"}],"replies":[{"embeddable":true,"href":"https:\/\/cybernet.com.co\/index.php\/wp-json\/wp\/v2\/comments?post=2443"}],"version-history":[{"count":77,"href":"https:\/\/cybernet.com.co\/index.php\/wp-json\/wp\/v2\/pages\/2443\/revisions"}],"predecessor-version":[{"id":4497,"href":"https:\/\/cybernet.com.co\/index.php\/wp-json\/wp\/v2\/pages\/2443\/revisions\/4497"}],"wp:attachment":[{"href":"https:\/\/cybernet.com.co\/index.php\/wp-json\/wp\/v2\/media?parent=2443"}],"curies":[{"name":"wp","href":"https:\/\/api.w.org\/{rel}","templated":true}]}}