{"id":2439,"date":"2022-06-14T13:10:45","date_gmt":"2022-06-14T13:10:45","guid":{"rendered":"https:\/\/validthemes.net\/themeforest\/wp\/crysa\/?page_id=244"},"modified":"2024-08-23T19:36:49","modified_gmt":"2024-08-23T19:36:49","slug":"gestion_tecnologica_avanzada","status":"publish","type":"page","link":"https:\/\/cybernet.com.co\/index.php\/gestion_tecnologica_avanzada\/","title":{"rendered":"Gesti\u00f3n Tecnol\u00f3gica Avanzada"},"content":{"rendered":"\t\t<div data-elementor-type=\"wp-page\" data-elementor-id=\"2439\" class=\"elementor elementor-2439\" data-elementor-post-type=\"page\">\n\t\t\t\t\t\t<section class=\"elementor-section elementor-top-section elementor-element elementor-element-2d140b7 elementor-section-full_width elementor-section-stretched elementor-section-height-default elementor-section-height-default\" data-id=\"2d140b7\" data-element_type=\"section\" data-settings=\"{&quot;stretch_section&quot;:&quot;section-stretched&quot;}\">\n\t\t\t\t\t\t<div class=\"elementor-container elementor-column-gap-no\">\n\t\t\t\t\t<div class=\"elementor-column elementor-col-100 elementor-top-column elementor-element elementor-element-ee38b7f\" data-id=\"ee38b7f\" data-element_type=\"column\">\n\t\t\t<div class=\"elementor-widget-wrap elementor-element-populated\">\n\t\t\t\t\t\t<div class=\"elementor-element elementor-element-615c8d4 elementor-widget elementor-widget-crysa_slider\" data-id=\"615c8d4\" data-element_type=\"widget\" data-widget_type=\"crysa_slider.default\">\n\t\t\t\t<div class=\"elementor-widget-container\">\n\t\t\t    <!-- Start Banner Style Two\r\n    ============================================= -->\r\n    <div class=\"banner-area banner-style-two navigation-icon-solid navigation-between-bottom navigation-custom overflow-hidden top-pad-150 text-light\">\r\n        <!-- Slider main container -->\r\n        <div class=\"banner-slide\">\r\n            <!-- Additional required wrapper -->\r\n            <div class=\"swiper-wrapper\">\r\n            \t                <!-- Single Item -->\r\n                <div class=\"swiper-slide bg-cover shadow dark\" style=\"background: url(https:\/\/cybernet.com.co\/wp-content\/uploads\/2024\/06\/fondo-contacto.png);\">\r\n                    <div class=\"container\">\r\n                        <div class=\"row align-center\">\r\n                            <div class=\"col-xl-8 offset-xl-1\">\r\n                                <div class=\"content\">\r\n                                    <h2>Gesti\u00f3n<strong>Tecnol\u00f3gica Avanzada<\/strong><\/h2>\r\n                                    <p>\r\n                                        Infraestructura TI                                    <\/p>\r\n                                    \t                                    <div class=\"button\">\r\n\t                                        <a class=\"btn btn-gradient btn-md radius animation\" href=\"https:\/\/cybernet.com.co\/index.php\/contacto\/\">Contacto<\/a>\r\n\t                                    <\/div>\r\n\t                                    \r\n                                <\/div>\r\n                            <\/div>\r\n                        <\/div>\r\n                    <\/div>\r\n                <\/div>\r\n                <!-- End Single Item -->\r\n                 \r\n            <\/div>\r\n\r\n            <!-- Pagination -->\r\n            <div class=\"swiper-pagination\"><\/div>\r\n\r\n            <!-- Navigation -->\r\n            <div class=\"swiper-button-prev\"><\/div>\r\n            <div class=\"swiper-button-next\"><\/div>\r\n\r\n        <\/div>        \r\n    <\/div>\r\n    <!-- End Main -->\r\n    <!-- End Banner Banner Style Two -->\r\n    \t\t<\/div>\n\t\t\t\t<\/div>\n\t\t\t\t<div class=\"elementor-element elementor-element-298cac6 elementor-widget elementor-widget-crysa_service\" data-id=\"298cac6\" data-element_type=\"widget\" data-widget_type=\"crysa_service.default\">\n\t\t\t\t<div class=\"elementor-widget-container\">\n\t\t\t    <!-- Start Services Four\r\n    ============================================= -->\r\n    <div class=\"services-area\">\r\n        \t        <div class=\"container\">\r\n\t            <div class=\"row\">\r\n\t                <div class=\"col-lg-8 offset-lg-2\">\r\n\t                    <div class=\"site-heading text-center\">\r\n\t                    \t\t                        \t                        \t<h2 class=\"title\">LA OFERTA<\/h2>\r\n\t                        \t                    <\/div>\r\n\t                <\/div>\r\n\t            <\/div>\r\n\t        <\/div>\r\n                <div class=\"container\">\r\n            <div class=\"services-style-one-box\">\r\n                <div class=\"row\">\r\n                \t\t                    <!-- Single Item -->\r\n\t                    <div class=\"services-style-four col-xl-3 col-md-6\">\r\n\t                        <div class=\"item style-four-item\">\r\n\t                            <div class=\"bg-shape\" style=\"background-image: url(https:\/\/validthemes.net\/themeforest\/wp\/crysa\/wp-content\/uploads\/2022\/07\/28.png);\"><\/div>\r\n\t                            <div class=\"thumb\" style=\"background-image: url(https:\/\/validthemes.net\/themeforest\/wp\/crysa\/wp-content\/uploads\/2022\/07\/4.jpg);\"><\/div>\r\n\t                            \t                                <i class=\"flaticon-data-processing\"><\/i>\r\n\t                            \t                            \t                            \t                            <h4><a href=\"\">Monitoreo 24\/7<\/a><\/h4>\r\n\t                            <p>\r\n\t                                \t                            <\/p>\r\n\t                            <div class=\"bottom\">\r\n\t                                <span>01<\/span>\r\n\t                                <a href=\"\"><i class=\"fas fa-arrow-right\"><\/i><\/a>\r\n\t                            <\/div>\r\n\t                        <\/div>\r\n\t                    <\/div>\r\n\t                    <!-- End Single Item -->\r\n                   \t\t                    <!-- Single Item -->\r\n\t                    <div class=\"services-style-four col-xl-3 col-md-6\">\r\n\t                        <div class=\"item style-four-item\">\r\n\t                            <div class=\"bg-shape\" style=\"background-image: url(https:\/\/validthemes.net\/themeforest\/wp\/crysa\/wp-content\/uploads\/2022\/07\/28.png);\"><\/div>\r\n\t                            <div class=\"thumb\" style=\"background-image: url(https:\/\/cybernet.com.co\/wp-content\/uploads\/2024\/07\/it.png);\"><\/div>\r\n\t                            \t                                <i class=\"flaticon-data-security\"><\/i>\r\n\t                            \t                            \t                            \t                            <h4><a href=\"\">Servicios en Nube<\/a><\/h4>\r\n\t                            <p>\r\n\t                                \t                            <\/p>\r\n\t                            <div class=\"bottom\">\r\n\t                                <span>02<\/span>\r\n\t                                <a href=\"\"><i class=\"fas fa-arrow-right\"><\/i><\/a>\r\n\t                            <\/div>\r\n\t                        <\/div>\r\n\t                    <\/div>\r\n\t                    <!-- End Single Item -->\r\n                   \t\t                    <!-- Single Item -->\r\n\t                    <div class=\"services-style-four col-xl-3 col-md-6\">\r\n\t                        <div class=\"item style-four-item\">\r\n\t                            <div class=\"bg-shape\" style=\"background-image: url(https:\/\/validthemes.net\/themeforest\/wp\/crysa\/wp-content\/uploads\/2022\/07\/28.png);\"><\/div>\r\n\t                            <div class=\"thumb\" style=\"background-image: url(https:\/\/cybernet.com.co\/wp-content\/uploads\/2024\/07\/cam-1-e1722356515173.jpg);\"><\/div>\r\n\t                            \t                                <i class=\"flaticon-augmented-reality\"><\/i>\r\n\t                            \t                            \t                            \t                            <h4><a href=\"\">C\u00e1maras y Control de acceso<\/a><\/h4>\r\n\t                            <p>\r\n\t                                \t                            <\/p>\r\n\t                            <div class=\"bottom\">\r\n\t                                <span>03<\/span>\r\n\t                                <a href=\"\"><i class=\"fas fa-arrow-right\"><\/i><\/a>\r\n\t                            <\/div>\r\n\t                        <\/div>\r\n\t                    <\/div>\r\n\t                    <!-- End Single Item -->\r\n                   \t\t                    <!-- Single Item -->\r\n\t                    <div class=\"services-style-four col-xl-3 col-md-6\">\r\n\t                        <div class=\"item style-four-item\">\r\n\t                            <div class=\"bg-shape\" style=\"background-image: url(https:\/\/validthemes.net\/themeforest\/wp\/crysa\/wp-content\/uploads\/2022\/07\/28.png);\"><\/div>\r\n\t                            <div class=\"thumb\" style=\"background-image: url(https:\/\/cybernet.com.co\/wp-content\/uploads\/2024\/07\/contro.jpg);\"><\/div>\r\n\t                            \t                                <i class=\"flaticon-stock-market\"><\/i>\r\n\t                            \t                            \t                            \t                            <h4><a href=\"\">Alarmas<\/a><\/h4>\r\n\t                            <p>\r\n\t                                \t                            <\/p>\r\n\t                            <div class=\"bottom\">\r\n\t                                <span>04<\/span>\r\n\t                                <a href=\"\"><i class=\"fas fa-arrow-right\"><\/i><\/a>\r\n\t                            <\/div>\r\n\t                        <\/div>\r\n\t                    <\/div>\r\n\t                    <!-- End Single Item -->\r\n                   \t                <\/div>\r\n            <\/div>\r\n        <\/div>\r\n    <\/div>\r\n    <!-- End Services Four -->\r\n    \t\t<\/div>\n\t\t\t\t<\/div>\n\t\t\t\t<section class=\"elementor-section elementor-inner-section elementor-element elementor-element-db068ac elementor-section-boxed elementor-section-height-default elementor-section-height-default\" data-id=\"db068ac\" data-element_type=\"section\">\n\t\t\t\t\t\t<div class=\"elementor-container elementor-column-gap-no\">\n\t\t\t\t\t<div class=\"elementor-column elementor-col-50 elementor-inner-column elementor-element elementor-element-5b8ef2b\" data-id=\"5b8ef2b\" data-element_type=\"column\">\n\t\t\t<div class=\"elementor-widget-wrap elementor-element-populated\">\n\t\t\t\t\t\t<div class=\"elementor-element elementor-element-de8d771 elementor-widget elementor-widget-about_image\" data-id=\"de8d771\" data-element_type=\"widget\" data-widget_type=\"about_image.default\">\n\t\t\t\t<div class=\"elementor-widget-container\">\n\t\t\t    \t<!-- Start About Image Style Two -->\r\n    \t<div class=\"about-style-two\">\r\n            <div class=\"thumb\">\r\n                <img decoding=\"async\" src=\"https:\/\/cybernet.com.co\/wp-content\/uploads\/2024\/06\/infraestructura-e1722023715427.jpg\" alt=\"Cybernet\">\r\n                                <div class=\"shape\">\r\n                    <img decoding=\"async\" src=\"https:\/\/validthemes.net\/themeforest\/wp\/crysa\/wp-content\/uploads\/2022\/06\/circle.png\" alt=\"Cybernet\">\r\n                <\/div>\r\n            \t            \t                <div class=\"fun-fact\">\r\n                    <div class=\"counter\">\r\n                        <div class=\"timer\" data-to=\"34\" data-speed=\"5000\">34<\/div>\r\n                        <div class=\"operator\">K<\/div>\r\n                    <\/div>\r\n                    <span class=\"medium\">Clientes <\/span>\r\n                <\/div>\r\n                            <\/div>\r\n        <\/div>\r\n        <!-- End About Image Style Two -->\r\n    \t\t<\/div>\n\t\t\t\t<\/div>\n\t\t\t\t\t<\/div>\n\t\t<\/div>\n\t\t\t\t<div class=\"elementor-column elementor-col-50 elementor-inner-column elementor-element elementor-element-7bfcfdf\" data-id=\"7bfcfdf\" data-element_type=\"column\">\n\t\t\t<div class=\"elementor-widget-wrap elementor-element-populated\">\n\t\t\t\t\t\t<div class=\"elementor-element elementor-element-e21c557 elementor-widget elementor-widget-about_content\" data-id=\"e21c557\" data-element_type=\"widget\" data-widget_type=\"about_content.default\">\n\t\t\t\t<div class=\"elementor-widget-container\">\n\t\t\t\t    <div class=\"about-style-two\">\r\n\t        <div class=\"content\">\r\n\t            <h2 class=\"heading\">Nuestro servicio de<br>\nGesti\u00f3n Tecnol\u00f3gica Avanzada<\/h2>\r\n\t            <p>\r\n\t                Ofrecemos soluciones de Gesti\u00f3n Tecnol\u00f3gica Avanzada dise\u00f1adas para cubrir todas las necesidades de tu infraestructura de TI, garantizando rendimiento, seguridad y escalabilidad en todo momento. Nuestro enfoque integral asegura que tu infraestructura est\u00e9 optimizada, protegida y lista para enfrentar cualquier desaf\u00edo tecnol\u00f3gico.\t            <\/p>\r\n\t            <ul><li>Evaluaci\u00f3n y Planificaci\u00f3n Estrat\u00e9gica<\/li><li>Implementaci\u00f3n de Soluciones Personalizadas<\/li><li>Soporte T\u00e9cnico Especializado<\/li><li>Eficiencia Operativa<\/li><\/ul>\t        <\/div>\r\n\t        <div class=\"expertise text-light\" style=\"background-image: url(https:\/\/cybernet.com.co\/wp-content\/uploads\/2024\/06\/imag2.jpg);\">\r\n\t            <div class=\"left\">\r\n\t                <h2><strong><\/strong> <\/h2>\r\n\t            <\/div>\r\n\t            \t        <\/div>\r\n\t    <\/div>\r\n    \t\t<\/div>\n\t\t\t\t<\/div>\n\t\t\t\t\t<\/div>\n\t\t<\/div>\n\t\t\t\t\t<\/div>\n\t\t<\/section>\n\t\t\t\t\t<\/div>\n\t\t<\/div>\n\t\t\t\t\t<\/div>\n\t\t<\/section>\n\t\t\t\t<section class=\"elementor-section elementor-top-section elementor-element elementor-element-8d32eaa elementor-section-full_width elementor-section-stretched elementor-section-height-default elementor-section-height-default\" data-id=\"8d32eaa\" data-element_type=\"section\" data-settings=\"{&quot;stretch_section&quot;:&quot;section-stretched&quot;}\">\n\t\t\t\t\t\t<div class=\"elementor-container elementor-column-gap-no\">\n\t\t\t\t\t<div class=\"elementor-column elementor-col-100 elementor-top-column elementor-element elementor-element-0890f94\" data-id=\"0890f94\" data-element_type=\"column\">\n\t\t\t<div class=\"elementor-widget-wrap\">\n\t\t\t\t\t\t\t<\/div>\n\t\t<\/div>\n\t\t\t\t\t<\/div>\n\t\t<\/section>\n\t\t\t\t<section class=\"elementor-section elementor-top-section elementor-element elementor-element-c4cc0f3 elementor-section-full_width elementor-section-stretched bg-gradient text-light elementor-section-height-default elementor-section-height-default\" data-id=\"c4cc0f3\" data-element_type=\"section\" data-settings=\"{&quot;stretch_section&quot;:&quot;section-stretched&quot;,&quot;background_background&quot;:&quot;slideshow&quot;,&quot;background_slideshow_gallery&quot;:[{&quot;id&quot;:2780,&quot;url&quot;:&quot;https:\\\/\\\/cybernet.com.co\\\/wp-content\\\/uploads\\\/2024\\\/06\\\/fondo-contacto.png&quot;}],&quot;background_slideshow_loop&quot;:&quot;yes&quot;,&quot;background_slideshow_slide_duration&quot;:5000,&quot;background_slideshow_slide_transition&quot;:&quot;fade&quot;,&quot;background_slideshow_transition_duration&quot;:500}\">\n\t\t\t\t\t\t\t<div class=\"elementor-background-overlay\"><\/div>\n\t\t\t\t\t\t\t<div class=\"elementor-container elementor-column-gap-no\">\n\t\t\t\t\t<div class=\"elementor-column elementor-col-100 elementor-top-column elementor-element elementor-element-35c4220\" data-id=\"35c4220\" data-element_type=\"column\">\n\t\t\t<div class=\"elementor-widget-wrap elementor-element-populated\">\n\t\t\t\t\t\t<section class=\"elementor-section elementor-inner-section elementor-element elementor-element-da87c85 elementor-section-boxed elementor-section-height-default elementor-section-height-default\" data-id=\"da87c85\" data-element_type=\"section\">\n\t\t\t\t\t\t<div class=\"elementor-container elementor-column-gap-no\">\n\t\t\t\t\t<div class=\"elementor-column elementor-col-50 elementor-inner-column elementor-element elementor-element-5b4ac76\" data-id=\"5b4ac76\" data-element_type=\"column\">\n\t\t\t<div class=\"elementor-widget-wrap elementor-element-populated\">\n\t\t\t\t\t\t<div class=\"elementor-element elementor-element-5f1fe3b elementor-widget elementor-widget-quick_contact_content\" data-id=\"5f1fe3b\" data-element_type=\"widget\" data-widget_type=\"quick_contact_content.default\">\n\t\t\t\t<div class=\"elementor-widget-container\">\n\t\t\t\r\n    <!-- Start Quick Contact Content Area \r\n    ============================================= -->\r\n    <div class=\"quick-contact-style-one\">\r\n        <h4 class=\"sub-heading light\">QUIERES SABER M\u00c1S?<\/h4>\r\n        <h2 class=\"heading\">Para realizar solicitudes de m\u00e1s informaci\u00f3n, cont\u00e1ctenos a trav\u00e9s de nuestros canales <\/h2>\r\n        <ul><li>Soporte 24\/7<\/li><li>Respuesta en menos de 1 hora<\/li><\/ul>    <\/div>\r\n    <!-- End Quick Contact Content  Area -->\r\n\t\t\t<\/div>\n\t\t\t\t<\/div>\n\t\t\t\t\t<\/div>\n\t\t<\/div>\n\t\t\t\t<div class=\"elementor-column elementor-col-50 elementor-inner-column elementor-element elementor-element-3ea4567\" data-id=\"3ea4567\" data-element_type=\"column\">\n\t\t\t<div class=\"elementor-widget-wrap elementor-element-populated\">\n\t\t\t\t\t\t<div class=\"elementor-element elementor-element-b99995b elementor-widget elementor-widget-quick_contact_form\" data-id=\"b99995b\" data-element_type=\"widget\" data-widget_type=\"quick_contact_form.default\">\n\t\t\t\t<div class=\"elementor-widget-container\">\n\t\t\t\r\n    <!-- Start Quick Contact Form Area \r\n    ============================================= -->\r\n    \n<div class=\"wpcf7 no-js\" id=\"wpcf7-f2456-o1\" lang=\"en-US\" dir=\"ltr\">\n<div class=\"screen-reader-response\"><p role=\"status\" aria-live=\"polite\" aria-atomic=\"true\"><\/p> <ul><\/ul><\/div>\n<form action=\"\/index.php\/wp-json\/wp\/v2\/pages\/2439#wpcf7-f2456-o1\" method=\"post\" class=\"wpcf7-form init consultation-form theme\" aria-label=\"Contact form\" novalidate=\"novalidate\" data-status=\"init\">\n<div style=\"display: none;\">\n<input type=\"hidden\" name=\"_wpcf7\" value=\"2456\" \/>\n<input type=\"hidden\" name=\"_wpcf7_version\" value=\"5.9.7\" \/>\n<input type=\"hidden\" name=\"_wpcf7_locale\" value=\"en_US\" \/>\n<input type=\"hidden\" name=\"_wpcf7_unit_tag\" value=\"wpcf7-f2456-o1\" \/>\n<input type=\"hidden\" name=\"_wpcf7_container_post\" value=\"0\" \/>\n<input type=\"hidden\" name=\"_wpcf7_posted_data_hash\" value=\"\" \/>\n<\/div>\n<div class=\"row\">\n    <div class=\"col-lg-6\">\n        <div class=\"form-group\">\n            <label for=\"name\">Tu nombre<\/label>\n                <span class=\"wpcf7-form-control-wrap\" data-name=\"text-748\"><input size=\"40\" maxlength=\"400\" class=\"wpcf7-form-control wpcf7-text form-control\" id=\"name\" aria-invalid=\"false\" placeholder=\"Nombre\" value=\"\" type=\"text\" name=\"text-748\" \/><\/span>\n            <\/div>\n        <\/div>\n    <div class=\"col-lg-6\">\n        <div class=\"form-group\">\n            <label for=\"email\">Email<\/label>\n                <span class=\"wpcf7-form-control-wrap\" data-name=\"email-83\"><input size=\"40\" maxlength=\"400\" class=\"wpcf7-form-control wpcf7-email wpcf7-validates-as-required wpcf7-text wpcf7-validates-as-email form-control\" id=\"email\" aria-required=\"true\" aria-invalid=\"false\" placeholder=\"support@cybernet.com.co\" value=\"\" type=\"email\" name=\"email-83\" \/><\/span>\n        <\/div>\n    <\/div>\n    <div class=\"col-lg-6\">\n        <div class=\"form-group\">\n            <label for=\"Tel\u00e9fono\">Phone Number<\/label>\n                <span class=\"wpcf7-form-control-wrap\" data-name=\"text-748\"><input size=\"40\" maxlength=\"400\" class=\"wpcf7-form-control wpcf7-text form-control\" id=\"phone\" aria-invalid=\"false\" placeholder=\"+57\" value=\"\" type=\"text\" name=\"text-748\" \/><\/span>\n        <\/div>\n    <\/div>\n    <div class=\"col-lg-6\">\n        <div class=\"form-group\">\n            <label for=\"subject\">Asunto<\/label>\n<span class=\"wpcf7-form-control-wrap\" data-name=\"menu-500\"><select class=\"wpcf7-form-control wpcf7-select wpcf7-validates-as-required\" id=\"subject\" aria-required=\"true\" aria-invalid=\"false\" name=\"menu-500\"><option value=\"&lt;option value=&quot;1&quot;&gt;Seleccione asunto&lt;\/option&gt;\">&lt;option value=&quot;1&quot;&gt;Seleccione asunto&lt;\/option&gt;<\/option><option value=\"&lt;option value=&quot;2&quot;&gt;Soporte Soluciones IT&lt;\/option&gt;\">&lt;option value=&quot;2&quot;&gt;Soporte Soluciones IT&lt;\/option&gt;<\/option><option value=\"&lt;option value=&quot;4&quot;&gt;Tecnolog\u00eda de Seguridad&lt;\/option&gt;\">&lt;option value=&quot;4&quot;&gt;Tecnolog\u00eda de Seguridad&lt;\/option&gt;<\/option><option value=\"&lt;option value=&quot;5&quot;&gt;Desarrollo de Software&lt;\/option&gt;\">&lt;option value=&quot;5&quot;&gt;Desarrollo de Software&lt;\/option&gt;<\/option><option value=\"&lt;option value=&quot;6&quot;&gt;Consultor\u00eda&lt;\/option&gt;\">&lt;option value=&quot;6&quot;&gt;Consultor\u00eda&lt;\/option&gt;<\/option><\/select><\/span>\n        <\/div>\n    <\/div>\n<\/div>\n    <div class=\"row\">\n        <div class=\"col-lg-12\">\n            <button type=\"submit\" name=\"submit\" id=\"submit\">Enviar<i class=\"fas fa-angle-right\"><\/i>\n            <\/button>\n        <\/div>\n    <\/div><div class=\"wpcf7-response-output\" aria-hidden=\"true\"><\/div>\n<\/form>\n<\/div>\n    <ul class=\"contact-list\">\r\n        <li>\r\n            <div class=\"icon\">\r\n                                                                    <i class=\"fal fa-user-headset\"><\/i>\r\n                            <\/div>\r\n            <div class=\"info\">\r\n                <h5>Para soporte comunicate con nosotros<\/h5>\r\n                <a href=\"tel:\"><\/a>\r\n            <\/div>\r\n        <\/li>\r\n    <\/ul>\r\n    <!-- End Quick Contact Form  Area -->\r\n\t\t\t<\/div>\n\t\t\t\t<\/div>\n\t\t\t\t\t<\/div>\n\t\t<\/div>\n\t\t\t\t\t<\/div>\n\t\t<\/section>\n\t\t\t\t\t<\/div>\n\t\t<\/div>\n\t\t\t\t\t<\/div>\n\t\t<\/section>\n\t\t\t\t<\/div>\n\t\t","protected":false},"excerpt":{"rendered":"<p>Gesti\u00f3nTecnol\u00f3gica Avanzada Infraestructura TI Contacto LA OFERTA Monitoreo 24\/7 01 Servicios en Nube 02 C\u00e1maras y Control de acceso 03 Alarmas 04 34 K Clientes Nuestro servicio de Gesti\u00f3n Tecnol\u00f3gica Avanzada Ofrecemos soluciones de Gesti\u00f3n Tecnol\u00f3gica Avanzada dise\u00f1adas para cubrir todas las necesidades de tu infraestructura de TI, garantizando rendimiento, seguridad y escalabilidad en todo [&hellip;]<\/p>\n","protected":false},"author":1,"featured_media":0,"parent":0,"menu_order":0,"comment_status":"closed","ping_status":"closed","template":"elementor_header_footer","meta":{"footnotes":""},"class_list":["post-2439","page","type-page","status-publish","hentry"],"_links":{"self":[{"href":"https:\/\/cybernet.com.co\/index.php\/wp-json\/wp\/v2\/pages\/2439","targetHints":{"allow":["GET"]}}],"collection":[{"href":"https:\/\/cybernet.com.co\/index.php\/wp-json\/wp\/v2\/pages"}],"about":[{"href":"https:\/\/cybernet.com.co\/index.php\/wp-json\/wp\/v2\/types\/page"}],"author":[{"embeddable":true,"href":"https:\/\/cybernet.com.co\/index.php\/wp-json\/wp\/v2\/users\/1"}],"replies":[{"embeddable":true,"href":"https:\/\/cybernet.com.co\/index.php\/wp-json\/wp\/v2\/comments?post=2439"}],"version-history":[{"count":46,"href":"https:\/\/cybernet.com.co\/index.php\/wp-json\/wp\/v2\/pages\/2439\/revisions"}],"predecessor-version":[{"id":4337,"href":"https:\/\/cybernet.com.co\/index.php\/wp-json\/wp\/v2\/pages\/2439\/revisions\/4337"}],"wp:attachment":[{"href":"https:\/\/cybernet.com.co\/index.php\/wp-json\/wp\/v2\/media?parent=2439"}],"curies":[{"name":"wp","href":"https:\/\/api.w.org\/{rel}","templated":true}]}}