{"id":2026,"date":"2022-09-18T14:31:31","date_gmt":"2022-09-18T14:31:31","guid":{"rendered":"https:\/\/validthemes.net\/themeforest\/wp\/crysa\/?page_id=2026"},"modified":"2024-08-23T19:27:12","modified_gmt":"2024-08-23T19:27:12","slug":"seguridad_fisica","status":"publish","type":"page","link":"https:\/\/cybernet.com.co\/index.php\/seguridad_fisica\/","title":{"rendered":"Seguridad F\u00edsica"},"content":{"rendered":"\t\t<div data-elementor-type=\"wp-page\" data-elementor-id=\"2026\" class=\"elementor elementor-2026\" data-elementor-post-type=\"page\">\n\t\t\t\t\t\t<section class=\"elementor-section elementor-top-section elementor-element elementor-element-2db4a9e elementor-section-full_width elementor-section-stretched elementor-section-height-default elementor-section-height-default\" data-id=\"2db4a9e\" data-element_type=\"section\" data-settings=\"{&quot;stretch_section&quot;:&quot;section-stretched&quot;}\">\n\t\t\t\t\t\t<div class=\"elementor-container elementor-column-gap-no\">\n\t\t\t\t\t<div class=\"elementor-column elementor-col-100 elementor-top-column elementor-element elementor-element-bb45fff\" data-id=\"bb45fff\" data-element_type=\"column\">\n\t\t\t<div class=\"elementor-widget-wrap elementor-element-populated\">\n\t\t\t\t\t\t<div class=\"elementor-element elementor-element-eb3053c elementor-widget elementor-widget-crysa_slider\" data-id=\"eb3053c\" data-element_type=\"widget\" data-widget_type=\"crysa_slider.default\">\n\t\t\t\t<div class=\"elementor-widget-container\">\n\t\t\t\t <!-- Start Banner Area Seven\r\n    ============================================= -->\r\n    <div class=\"banner-style-seven-area bg-cover pt-160 pb-120\" style=\"background-image: url(https:\/\/validthemes.net\/themeforest\/wp\/crysa\/wp-content\/uploads\/2022\/09\/49.png);\">\r\n    \t        <div class=\"mini-shape\">\r\n            <img decoding=\"async\" src=\"https:\/\/validthemes.net\/themeforest\/wp\/crysa\/wp-content\/uploads\/2022\/09\/51.png\" alt=\"Cybernet\">\r\n        <\/div>\r\n                <div class=\"container\">\r\n            <div class=\"banner-items\">\r\n                <div class=\"row align-center\">\r\n                    <div class=\"col-lg-6 banner-style-seven\">\r\n                        <div class=\"info\">\r\n                            <h4>Cybernet<\/h4>\r\n                            <h2>Seguridad Inteligente, <br>resiliente y eficaz\n<\/h2>\r\n                            <p>\r\n                               La protecci\u00f3n f\u00edsica se dedica a resguardar personas, propiedades y activos frente a riesgos f\u00edsicos. Es vital para la tranquilidad, seguridad y cuidar                             <\/p>\r\n                                                        <div class=\"button mt-40\">\r\n                                <a class=\"btn btn-gradient btn-md radius animation\" href=\"https:\/\/cybernet.com.co\/index.php\/servicios\/\">Nuestros Servicios <i class=\"fas fa-plus\"><\/i> <\/a>\r\n                            <\/div>\r\n                                                    <\/div>\r\n                    <\/div>\r\n                    <div class=\"col-lg-5 offset-lg-1 banner-style-seven\">\r\n                        <div class=\"thumb\">\r\n                        \t\t                            <div class=\"thumb-inner\">\r\n\t                                <img decoding=\"async\" src=\"https:\/\/cybernet.com.co\/wp-content\/uploads\/2024\/07\/seguridad-fisica.webp\" alt=\"Cybernet\">\r\n\t                            <\/div>\r\n                        \t                        <\/div>\r\n                    <\/div>\r\n                <\/div>\r\n            <\/div>\r\n        <\/div>\r\n    <\/div>\r\n    <!-- End Banner Seven -->\r\n\t\t\t<\/div>\n\t\t\t\t<\/div>\n\t\t\t\t\t<\/div>\n\t\t<\/div>\n\t\t\t\t\t<\/div>\n\t\t<\/section>\n\t\t\t\t<section class=\"elementor-section elementor-top-section elementor-element elementor-element-c10c030 elementor-section-full_width elementor-section-stretched elementor-section-height-default elementor-section-height-default\" data-id=\"c10c030\" data-element_type=\"section\" data-settings=\"{&quot;stretch_section&quot;:&quot;section-stretched&quot;}\">\n\t\t\t\t\t\t<div class=\"elementor-container elementor-column-gap-no\">\n\t\t\t\t\t<div class=\"elementor-column elementor-col-100 elementor-top-column elementor-element elementor-element-6850e33\" data-id=\"6850e33\" data-element_type=\"column\">\n\t\t\t<div class=\"elementor-widget-wrap elementor-element-populated\">\n\t\t\t\t\t\t<section class=\"elementor-section elementor-inner-section elementor-element elementor-element-89deac5 elementor-section-boxed elementor-section-height-default elementor-section-height-default\" data-id=\"89deac5\" data-element_type=\"section\">\n\t\t\t\t\t\t<div class=\"elementor-container elementor-column-gap-default\">\n\t\t\t\t\t<div class=\"elementor-column elementor-col-50 elementor-inner-column elementor-element elementor-element-87fde22\" data-id=\"87fde22\" data-element_type=\"column\">\n\t\t\t<div class=\"elementor-widget-wrap elementor-element-populated\">\n\t\t\t\t\t\t<div class=\"elementor-element elementor-element-503dcd0 elementor-widget elementor-widget-about_image\" data-id=\"503dcd0\" data-element_type=\"widget\" data-widget_type=\"about_image.default\">\n\t\t\t\t<div class=\"elementor-widget-container\">\n\t\t\t    <div class=\"about-style-seven\">\r\n        <div class=\"thumb\">\r\n            <img decoding=\"async\" src=\"https:\/\/cybernet.com.co\/wp-content\/uploads\/2024\/07\/cam.jpg\" alt=\"Cybernet\">\r\n            <img decoding=\"async\" src=\"https:\/\/cybernet.com.co\/wp-content\/uploads\/2024\/07\/contro.jpg\" alt=\"Cybernet\">\r\n            <div class=\"shape-fixed\">\r\n                <img decoding=\"async\" src=\"https:\/\/validthemes.net\/themeforest\/wp\/crysa\/wp-content\/uploads\/2022\/09\/52.png\" alt=\"Cybernet\">\r\n            <\/div>\r\n        <\/div>\r\n    <\/div>  \r\n    \t\t<\/div>\n\t\t\t\t<\/div>\n\t\t\t\t\t<\/div>\n\t\t<\/div>\n\t\t\t\t<div class=\"elementor-column elementor-col-50 elementor-inner-column elementor-element elementor-element-76600f8\" data-id=\"76600f8\" data-element_type=\"column\">\n\t\t\t<div class=\"elementor-widget-wrap elementor-element-populated\">\n\t\t\t\t\t\t<div class=\"elementor-element elementor-element-03646bc elementor-widget elementor-widget-about_content\" data-id=\"03646bc\" data-element_type=\"widget\" data-widget_type=\"about_content.default\">\n\t\t\t\t<div class=\"elementor-widget-container\">\n\t\t\t\t\t<div class=\"about-style-seven\">\r\n            <h4 class=\"sub-title mb-25\">CYBERNET<\/h4>\r\n            <h2 class=\"heading mb-30\">Combinamos la tecnolog\u00eda<br>\ncon tu seguridad<\/h2>\r\n            <p class=\"mb-0\">\r\n               Redefinimos el control de acceso con tecnolog\u00eda biom\u00e9trica de vanguardia. Olvida las llaves y tarjetas; tu identidad es tu credencial. Seguridad personalizada al m\u00e1ximo nivel, donde cada entrada es tan \u00fanica como t\u00fa.\n\n            <\/p>\r\n            <ul><li><h5>Videovigilancia Inteligente y Detecci\u00f3n de Intrusos<\/h5><p>\u00a0<\/p><\/li><li><h5>Control de Acceso Biom\u00e9trico y Plataforma Unificada<\/h5><\/li><\/ul>                    <\/div>\r\n    \t\t<\/div>\n\t\t\t\t<\/div>\n\t\t\t\t\t<\/div>\n\t\t<\/div>\n\t\t\t\t\t<\/div>\n\t\t<\/section>\n\t\t\t\t\t<\/div>\n\t\t<\/div>\n\t\t\t\t\t<\/div>\n\t\t<\/section>\n\t\t\t\t<section class=\"elementor-section elementor-top-section elementor-element elementor-element-82d26ee elementor-section-full_width elementor-section-stretched bg-dark elementor-section-height-default elementor-section-height-default\" data-id=\"82d26ee\" data-element_type=\"section\" data-settings=\"{&quot;stretch_section&quot;:&quot;section-stretched&quot;}\">\n\t\t\t\t\t\t<div class=\"elementor-container elementor-column-gap-no\">\n\t\t\t\t\t<div class=\"elementor-column elementor-col-100 elementor-top-column elementor-element elementor-element-6efd822\" data-id=\"6efd822\" data-element_type=\"column\">\n\t\t\t<div class=\"elementor-widget-wrap elementor-element-populated\">\n\t\t\t\t\t\t<div class=\"elementor-element elementor-element-08d4bd2 elementor-widget elementor-widget-crysa_featured\" data-id=\"08d4bd2\" data-element_type=\"widget\" data-widget_type=\"crysa_featured.default\">\n\t\t\t\t<div class=\"elementor-widget-container\">\n\t\t\t    <!-- Start Feature \r\n    ============================================= -->\r\n    <div class=\"feature-style-four-area\">\r\n        <div class=\"container\">\r\n            <div class=\"feature-style-four-box\">\r\n                <div class=\"row\">\r\n                \t\t                    <!-- Single Item -->\r\n\t                    <div class=\"feature-style-four col-xl-4 col-md-6\">\r\n\t                        <div class=\"item\">\r\n\t                            <div class=\"content\">\r\n\t                                <div class=\"icon\">\r\n\t                                    \t\t                                    <i class=\"flaticon-cyber-security\"><\/i>\r\n\t\t\t                            \t\t\t                            \t\t\t                            \t                                <\/div>\r\n\t                                <div class=\"info\">\r\n\t                                    <span>Sistemas de videovigilancia con inteligencia artificial que no solo observan, sino que comprenden y anticipan eventos, actuando como vigilantes inteligentes.<\/span>\r\n\t                                    <h4><a href=\"https:\/\/validthemes.net\/themeforest\/wp\/crysa\/contact\/\">Videovigilancia Inteligente<\/a><\/h4>\r\n\t                                    <div class=\"bottom\">\r\n\t                                        <a href=\"https:\/\/validthemes.net\/themeforest\/wp\/crysa\/contact\/\">\t\t                                    <i class=\"fas fa-arrow-right\"><\/i>\r\n\t\t                                <\/a>\r\n\t                                    <\/div>\r\n\t                                <\/div>\r\n\t                            <\/div>\r\n\t                        <\/div>\r\n\t                    <\/div>\r\n\t                    <!-- End Single Item -->\r\n                    \t                    <!-- Single Item -->\r\n\t                    <div class=\"feature-style-four col-xl-4 col-md-6\">\r\n\t                        <div class=\"item\">\r\n\t                            <div class=\"content\">\r\n\t                                <div class=\"icon\">\r\n\t                                    \t\t                                    <i class=\"flaticon-security\"><\/i>\r\n\t\t\t                            \t\t\t                            \t\t\t                            \t                                <\/div>\r\n\t                                <div class=\"info\">\r\n\t                                    <span>Tecnolog\u00eda biom\u00e9trica avanzada que elimina la necesidad de llaves y tarjetas, utilizando la identidad del usuario como credencial para una seguridad personalizada y \u00fanica.<\/span>\r\n\t                                    <h4><a href=\"\">Control de Acceso Biom\u00e9trico<\/a><\/h4>\r\n\t                                    <div class=\"bottom\">\r\n\t                                        <a href=\"\">\t\t                                    <i class=\"fas fa-arrow-right\"><\/i>\r\n\t\t                                <\/a>\r\n\t                                    <\/div>\r\n\t                                <\/div>\r\n\t                            <\/div>\r\n\t                        <\/div>\r\n\t                    <\/div>\r\n\t                    <!-- End Single Item -->\r\n                    \t                    <!-- Single Item -->\r\n\t                    <div class=\"feature-style-four col-xl-4 col-md-6\">\r\n\t                        <div class=\"item\">\r\n\t                            <div class=\"content\">\r\n\t                                <div class=\"icon\">\r\n\t                                    \t\t                                    <i class=\"flaticon-select\"><\/i>\r\n\t\t\t                            \t\t\t                            \t\t\t                            \t                                <\/div>\r\n\t                                <div class=\"info\">\r\n\t                                    <span>Sistemas de detecci\u00f3n de intrusos altamente precisos y una plataforma integrada que permite el control total y la visibilidad desde cualquier dispositivo m\u00f3vil, complementados por formaci\u00f3n especializada para el personal en seguridad.<\/span>\r\n\t                                    <h4><a href=\"https:\/\/validthemes.net\/themeforest\/wp\/crysa\/contact\/\">Detecci\u00f3n de Intrusos y Plataforma Unificada<\/a><\/h4>\r\n\t                                    <div class=\"bottom\">\r\n\t                                        <a href=\"https:\/\/validthemes.net\/themeforest\/wp\/crysa\/contact\/\">\t\t                                    <i class=\"fas fa-arrow-right\"><\/i>\r\n\t\t                                <\/a>\r\n\t                                    <\/div>\r\n\t                                <\/div>\r\n\t                            <\/div>\r\n\t                        <\/div>\r\n\t                    <\/div>\r\n\t                    <!-- End Single Item -->\r\n                                    <\/div>\r\n            <\/div>\r\n        <\/div>\r\n    <\/div>\r\n    <!-- End Feature -->\r\n\t\t\t<\/div>\n\t\t\t\t<\/div>\n\t\t\t\t\t<\/div>\n\t\t<\/div>\n\t\t\t\t\t<\/div>\n\t\t<\/section>\n\t\t\t\t<\/div>\n\t\t","protected":false},"excerpt":{"rendered":"<p>Cybernet Seguridad Inteligente, resiliente y eficaz La protecci\u00f3n f\u00edsica se dedica a resguardar personas, propiedades y activos frente a riesgos f\u00edsicos. Es vital para la tranquilidad, seguridad y cuidar Nuestros Servicios CYBERNET Combinamos la tecnolog\u00eda con tu seguridad Redefinimos el control de acceso con tecnolog\u00eda biom\u00e9trica de vanguardia. Olvida las llaves y tarjetas; tu identidad [&hellip;]<\/p>\n","protected":false},"author":1,"featured_media":0,"parent":0,"menu_order":0,"comment_status":"closed","ping_status":"closed","template":"elementor_header_footer","meta":{"footnotes":""},"class_list":["post-2026","page","type-page","status-publish","hentry"],"_links":{"self":[{"href":"https:\/\/cybernet.com.co\/index.php\/wp-json\/wp\/v2\/pages\/2026","targetHints":{"allow":["GET"]}}],"collection":[{"href":"https:\/\/cybernet.com.co\/index.php\/wp-json\/wp\/v2\/pages"}],"about":[{"href":"https:\/\/cybernet.com.co\/index.php\/wp-json\/wp\/v2\/types\/page"}],"author":[{"embeddable":true,"href":"https:\/\/cybernet.com.co\/index.php\/wp-json\/wp\/v2\/users\/1"}],"replies":[{"embeddable":true,"href":"https:\/\/cybernet.com.co\/index.php\/wp-json\/wp\/v2\/comments?post=2026"}],"version-history":[{"count":34,"href":"https:\/\/cybernet.com.co\/index.php\/wp-json\/wp\/v2\/pages\/2026\/revisions"}],"predecessor-version":[{"id":4325,"href":"https:\/\/cybernet.com.co\/index.php\/wp-json\/wp\/v2\/pages\/2026\/revisions\/4325"}],"wp:attachment":[{"href":"https:\/\/cybernet.com.co\/index.php\/wp-json\/wp\/v2\/media?parent=2026"}],"curies":[{"name":"wp","href":"https:\/\/api.w.org\/{rel}","templated":true}]}}