{"id":1672,"date":"2022-08-17T19:41:18","date_gmt":"2022-08-17T19:41:18","guid":{"rendered":"https:\/\/validthemes.net\/themeforest\/wp\/crysa\/?page_id=1672"},"modified":"2024-08-24T00:13:45","modified_gmt":"2024-08-24T00:13:45","slug":"nosotros","status":"publish","type":"page","link":"https:\/\/cybernet.com.co\/index.php\/nosotros\/","title":{"rendered":"Nosotros"},"content":{"rendered":"\t\t<div data-elementor-type=\"wp-page\" data-elementor-id=\"1672\" class=\"elementor elementor-1672\" data-elementor-post-type=\"page\">\n\t\t\t\t\t\t<section class=\"elementor-section elementor-inner-section elementor-element elementor-element-42d5fdf elementor-section-boxed elementor-section-height-default elementor-section-height-default\" data-id=\"42d5fdf\" data-element_type=\"section\" data-settings=\"{&quot;background_background&quot;:&quot;classic&quot;}\">\n\t\t\t\t\t\t<div class=\"elementor-container elementor-column-gap-default\">\n\t\t\t\t\t<div class=\"elementor-column elementor-col-50 elementor-inner-column elementor-element elementor-element-0af1cf3\" data-id=\"0af1cf3\" data-element_type=\"column\">\n\t\t\t<div class=\"elementor-widget-wrap elementor-element-populated\">\n\t\t\t\t\t\t<div class=\"elementor-element elementor-element-fb4d876 elementor-widget elementor-widget-about_image\" data-id=\"fb4d876\" data-element_type=\"widget\" data-widget_type=\"about_image.default\">\n\t\t\t\t<div class=\"elementor-widget-container\">\n\t\t\t    \r\n        <div class=\"about-style-four\">\r\n            <div class=\"thumb\">\r\n                <img decoding=\"async\" src=\"https:\/\/cybernet.com.co\/wp-content\/uploads\/2024\/08\/Logo_Cybernet.png\" alt=\"Cybernet\">\r\n                <div class=\"shape-move\"><\/div>\r\n                <div class=\"shape-move\"><\/div>\r\n            <\/div>\r\n        <\/div>\r\n    \t\t<\/div>\n\t\t\t\t<\/div>\n\t\t\t\t\t<\/div>\n\t\t<\/div>\n\t\t\t\t<div class=\"elementor-column elementor-col-50 elementor-inner-column elementor-element elementor-element-c1f32c6\" data-id=\"c1f32c6\" data-element_type=\"column\">\n\t\t\t<div class=\"elementor-widget-wrap elementor-element-populated\">\n\t\t\t\t\t\t<div class=\"elementor-element elementor-element-e43c4e7 elementor-widget elementor-widget-about_content\" data-id=\"e43c4e7\" data-element_type=\"widget\" data-widget_type=\"about_content.default\">\n\t\t\t\t<div class=\"elementor-widget-container\">\n\t\t\t    \t <div class=\"about-style-four\">\r\n            <h4 class=\"sub-heading mb-20\"><\/h4>\r\n            <h2 class=\"heading\">CYBERNET<br> Tecnolog\u00eda y Seguridad<\/h2>\r\n            <p class=\"mb-0\">\r\n                 En Cybernet, nos dedicamos a ofrecer soluciones tecnol\u00f3gicas integrales que impulsan el crecimiento y la eficiencia de nuestros clientes. Desde nuestra fundaci\u00f3n hemos trabajado incansablemente para posicionarnos como l\u00edderes en el sector tecnol\u00f3gico en Colombia y Am\u00e9rica Latina.            <\/p>\r\n           <ul><li><span style=\"color: #000000;\"><strong>Soluciones tecnol\u00f3gicas integrales<\/strong><\/span><\/li><li><span style=\"color: #000000;\"><strong>Impulso al crecimiento y eficiencia<\/strong><\/span><\/li><li><span style=\"color: #000000;\"><strong>Liderazgo en Colombia<\/strong><\/span><\/li><\/ul>                       <a class=\"btn mt-30 btn-md btn-theme\" href=\"https:\/\/cybernet.com.co\/index.php\/contacto\">Contacto<\/a>\r\n        \t        <\/div>\r\n    \t\t<\/div>\n\t\t\t\t<\/div>\n\t\t\t\t\t<\/div>\n\t\t<\/div>\n\t\t\t\t\t<\/div>\n\t\t<\/section>\n\t\t\t\t<section class=\"elementor-section elementor-top-section elementor-element elementor-element-1901728 elementor-section-full_width elementor-section-stretched about-style-five-area bg-gray elementor-section-height-default elementor-section-height-default\" data-id=\"1901728\" data-element_type=\"section\" data-settings=\"{&quot;stretch_section&quot;:&quot;section-stretched&quot;}\">\n\t\t\t\t\t\t<div class=\"elementor-container elementor-column-gap-no\">\n\t\t\t\t\t<div class=\"elementor-column elementor-col-100 elementor-top-column elementor-element elementor-element-742f8f2\" data-id=\"742f8f2\" data-element_type=\"column\">\n\t\t\t<div class=\"elementor-widget-wrap elementor-element-populated\">\n\t\t\t\t\t\t<section class=\"elementor-section elementor-inner-section elementor-element elementor-element-361d59b elementor-section-content-middle elementor-section-boxed elementor-section-height-default elementor-section-height-default\" data-id=\"361d59b\" data-element_type=\"section\">\n\t\t\t\t\t\t<div class=\"elementor-container elementor-column-gap-default\">\n\t\t\t\t\t<div class=\"elementor-column elementor-col-50 elementor-inner-column elementor-element elementor-element-1f034c5\" data-id=\"1f034c5\" data-element_type=\"column\">\n\t\t\t<div class=\"elementor-widget-wrap elementor-element-populated\">\n\t\t\t\t\t\t<div class=\"elementor-element elementor-element-4df0183 elementor-widget elementor-widget-about_image\" data-id=\"4df0183\" data-element_type=\"widget\" data-widget_type=\"about_image.default\">\n\t\t\t\t<div class=\"elementor-widget-container\">\n\t\t\t    <div class=\"about-style-five mb-md-50 mb-xs-50\">\r\n        <div class=\"thumb\">\r\n            <img decoding=\"async\" src=\"https:\/\/validthemes.net\/themeforest\/wp\/crysa\/wp-content\/uploads\/2022\/08\/14.png\" alt=\"Cybernet\">\r\n        <\/div>\r\n    <\/div>\r\n    \t\t<\/div>\n\t\t\t\t<\/div>\n\t\t\t\t\t<\/div>\n\t\t<\/div>\n\t\t\t\t<div class=\"elementor-column elementor-col-50 elementor-inner-column elementor-element elementor-element-7c33880\" data-id=\"7c33880\" data-element_type=\"column\">\n\t\t\t<div class=\"elementor-widget-wrap elementor-element-populated\">\n\t\t\t\t\t\t<div class=\"elementor-element elementor-element-037ddc9 elementor-widget elementor-widget-about_content\" data-id=\"037ddc9\" data-element_type=\"widget\" data-widget_type=\"about_content.default\">\n\t\t\t\t<div class=\"elementor-widget-container\">\n\t\t\t\t    <div class=\"about-style-five pl-60 pl-md-15 pl-xs-15\">\r\n\t        <h4 class=\"sub-heading mb-20\"><\/h4>\r\n\t        <h2 class=\"heading mb-30\">Nuestra misi\u00f3n\n<br><\/h2>\r\n\t        <p class=\"mb-0\">\r\n\t            Nuestra misi\u00f3n es transformar la manera en que las empresas interact\u00faan con la tecnolog\u00eda, proporcionando herramientas y servicios de alta calidad que faciliten la innovaci\u00f3n, optimicen los procesos y maximicen la productividad.\t        <\/p>\r\n\t       <ul><li><h5>Innovaci\u00f3n<\/h5><p>Nos esforzamos por estar siempre a la vanguardia de las \u00faltimas tendencias y avances.<\/p><\/li><li><h5>Calidad<\/h5><p style=\"text-align: left;\">Nos comprometemos a ofrecer productos y servicios que cumplan con los m\u00e1s altos est\u00e1ndares de calidad.<\/p><\/li><\/ul>\t    <\/div>\r\n\t\t\t<\/div>\n\t\t\t\t<\/div>\n\t\t\t\t\t<\/div>\n\t\t<\/div>\n\t\t\t\t\t<\/div>\n\t\t<\/section>\n\t\t\t\t\t<\/div>\n\t\t<\/div>\n\t\t\t\t\t<\/div>\n\t\t<\/section>\n\t\t\t\t<section class=\"elementor-section elementor-top-section elementor-element elementor-element-f72cad8 elementor-section-full_width elementor-section-stretched elementor-section-height-default elementor-section-height-default\" data-id=\"f72cad8\" data-element_type=\"section\" data-settings=\"{&quot;stretch_section&quot;:&quot;section-stretched&quot;}\">\n\t\t\t\t\t\t<div class=\"elementor-container elementor-column-gap-no\">\n\t\t\t\t\t<div class=\"elementor-column elementor-col-100 elementor-top-column elementor-element elementor-element-31bb673\" data-id=\"31bb673\" data-element_type=\"column\">\n\t\t\t<div class=\"elementor-widget-wrap elementor-element-populated\">\n\t\t\t\t\t\t<div class=\"elementor-element elementor-element-790964d elementor-widget elementor-widget-crysa_service\" data-id=\"790964d\" data-element_type=\"widget\" data-widget_type=\"crysa_service.default\">\n\t\t\t\t<div class=\"elementor-widget-container\">\n\t\t\t    <!-- Start Services \r\n    ============================================= -->\r\n    <div class=\"services-area services-style-five-area\" style=\"background-image: url(https:\/\/cybernet.com.co\/wp-content\/uploads\/2022\/08\/48.png);\">\r\n    \t        <div class=\"container\">\r\n            <div class=\"row\">\r\n                <div class=\"col-lg-8 offset-lg-2\">\r\n                    <div class=\"site-heading text-center\">\r\n                       \t                        \t<h4 class=\"sub-title\">Nuestros servicios<\/h4>\r\n                                                                        \t<h2 class=\"title\">Cybernet ofrece una variedad de servicios dise\u00f1ados para satisfacer las necesidades tecnol\u00f3gicas de su empresa. Nuestra oferta incluye:\n\n<\/h2>\r\n                                            <\/div>\r\n                <\/div>\r\n            <\/div>\r\n        <\/div>\r\n                <div class=\"container\">\r\n            <div class=\"services-style-five-box\">\r\n                <div class=\"row\">\r\n                \t                    <!-- Single Item -->\r\n                    <div class=\"services-style-five col-xl-3 col-md-6\">\r\n                        <div class=\"services-style-five-item \">\r\n                            <div class=\"shape\">\r\n                                <img decoding=\"async\" src=\"https:\/\/validthemes.net\/themeforest\/wp\/crysa\/wp-content\/uploads\/2022\/08\/50.png\" alt=\"Cybernet\">\r\n                            <\/div>\r\n                            <div class=\"icon\">\r\n                                \t                            \t                                <img decoding=\"async\" src=\"https:\/\/validthemes.net\/themeforest\/wp\/crysa\/wp-content\/uploads\/2022\/08\/7-1.png\">\r\n\t                            \t                                                            <div class=\"circle-border\"><\/div>\r\n                            <\/div>\r\n                            <h4><a href=\"https:\/\/cybernet.com.co\/index.php\/sistemas_de_seguridad\/\">Consultor\u00eda Tecnol\u00f3gica<\/a><\/h4>\r\n                            <p>\r\n                               Asesoramiento experto para la implementaci\u00f3n de tecnolog\u00edas avanzadas.                            <\/p>\r\n                            <div class=\"bottom mt-25\">\r\n                                <a class=\"btn-border-secondary\" href=\"https:\/\/cybernet.com.co\/index.php\/sistemas_de_seguridad\/\"><i class=\"fas fa-arrow-right\"><\/i> Saber m\u00e1s<\/a>\r\n                            <\/div>\r\n                        <\/div>\r\n                    <\/div>\r\n                    <!-- End Single Item -->\r\n                                        <!-- Single Item -->\r\n                    <div class=\"services-style-five col-xl-3 col-md-6\">\r\n                        <div class=\"services-style-five-item active\">\r\n                            <div class=\"shape\">\r\n                                <img decoding=\"async\" src=\"https:\/\/validthemes.net\/themeforest\/wp\/crysa\/wp-content\/uploads\/2022\/08\/50.png\" alt=\"Cybernet\">\r\n                            <\/div>\r\n                            <div class=\"icon\">\r\n                                \t                            \t                                <img decoding=\"async\" src=\"https:\/\/validthemes.net\/themeforest\/wp\/crysa\/wp-content\/uploads\/2022\/08\/6.png\">\r\n\t                            \t                                                            <div class=\"circle-border\"><\/div>\r\n                            <\/div>\r\n                            <h4><a href=\"https:\/\/cybernet.com.co\/index.php\/atencion_a_emergencias\/\">Desarrollo de Software<\/a><\/h4>\r\n                            <p>\r\n                               Creamos soluciones personalizadas que optimizan el desarrollo seguro de comunidades, empresas y entidades                            <\/p>\r\n                            <div class=\"bottom mt-25\">\r\n                                <a class=\"btn-border-secondary\" href=\"https:\/\/cybernet.com.co\/index.php\/atencion_a_emergencias\/\"><i class=\"fas fa-arrow-right\"><\/i> Saber m\u00e1s<\/a>\r\n                            <\/div>\r\n                        <\/div>\r\n                    <\/div>\r\n                    <!-- End Single Item -->\r\n                                        <!-- Single Item -->\r\n                    <div class=\"services-style-five col-xl-3 col-md-6\">\r\n                        <div class=\"services-style-five-item \">\r\n                            <div class=\"shape\">\r\n                                <img decoding=\"async\" src=\"https:\/\/validthemes.net\/themeforest\/wp\/crysa\/wp-content\/uploads\/2022\/08\/50.png\" alt=\"Cybernet\">\r\n                            <\/div>\r\n                            <div class=\"icon\">\r\n                                \t                            \t                                <img decoding=\"async\" src=\"https:\/\/validthemes.net\/themeforest\/wp\/crysa\/wp-content\/uploads\/2022\/08\/8-1.png\">\r\n\t                            \t                                                            <div class=\"circle-border\"><\/div>\r\n                            <\/div>\r\n                            <h4><a href=\"https:\/\/cybernet.com.co\/index.php\/seguridad_cibernetica\/\">Ciberseguridad<\/a><\/h4>\r\n                            <p>\r\n                               Consultorias, cursos y servicios de protecci\u00f3n integral contra amenazas digitales                             <\/p>\r\n                            <div class=\"bottom mt-25\">\r\n                                <a class=\"btn-border-secondary\" href=\"https:\/\/cybernet.com.co\/index.php\/seguridad_cibernetica\/\"><i class=\"fas fa-arrow-right\"><\/i> Saber m\u00e1s<\/a>\r\n                            <\/div>\r\n                        <\/div>\r\n                    <\/div>\r\n                    <!-- End Single Item -->\r\n                                        <!-- Single Item -->\r\n                    <div class=\"services-style-five col-xl-3 col-md-6\">\r\n                        <div class=\"services-style-five-item \">\r\n                            <div class=\"shape\">\r\n                                <img decoding=\"async\" src=\"https:\/\/validthemes.net\/themeforest\/wp\/crysa\/wp-content\/uploads\/2022\/08\/50.png\" alt=\"Cybernet\">\r\n                            <\/div>\r\n                            <div class=\"icon\">\r\n                                \t                            \t                                <img decoding=\"async\" src=\"https:\/\/validthemes.net\/themeforest\/wp\/crysa\/wp-content\/uploads\/2022\/08\/9.png\">\r\n\t                            \t                                                            <div class=\"circle-border\"><\/div>\r\n                            <\/div>\r\n                            <h4><a href=\"https:\/\/cybernet.com.co\/index.php\/infraestructurati\/\">Infraestructura TI<\/a><\/h4>\r\n                            <p>\r\n                               Dise\u00f1amos e implementamos infraestructuras tecnol\u00f3gicas robustas y escalables que soportan el crecimiento de cada cliente                            <\/p>\r\n                            <div class=\"bottom mt-25\">\r\n                                <a class=\"btn-border-secondary\" href=\"https:\/\/cybernet.com.co\/index.php\/infraestructurati\/\"><i class=\"fas fa-arrow-right\"><\/i> Saber m\u00e1s<\/a>\r\n                            <\/div>\r\n                        <\/div>\r\n                    <\/div>\r\n                    <!-- End Single Item -->\r\n                                    <\/div>\r\n            <\/div>\r\n        <\/div>\r\n    <\/div>\r\n    <!-- End Services -->\r\n\r\n\t\t\t<\/div>\n\t\t\t\t<\/div>\n\t\t\t\t\t<\/div>\n\t\t<\/div>\n\t\t\t\t\t<\/div>\n\t\t<\/section>\n\t\t\t\t<section class=\"elementor-section elementor-top-section elementor-element elementor-element-f2ecfaa elementor-section-full_width elementor-section-stretched text-light elementor-section-height-default elementor-section-height-default\" data-id=\"f2ecfaa\" data-element_type=\"section\" data-settings=\"{&quot;stretch_section&quot;:&quot;section-stretched&quot;,&quot;background_background&quot;:&quot;classic&quot;}\">\n\t\t\t\t\t\t\t<div class=\"elementor-background-overlay\"><\/div>\n\t\t\t\t\t\t\t<div class=\"elementor-container elementor-column-gap-no\">\n\t\t\t\t\t<div class=\"elementor-column elementor-col-100 elementor-top-column elementor-element elementor-element-8be621f\" data-id=\"8be621f\" data-element_type=\"column\">\n\t\t\t<div class=\"elementor-widget-wrap elementor-element-populated\">\n\t\t\t\t\t\t<section class=\"elementor-section elementor-inner-section elementor-element elementor-element-abc84da elementor-section-content-middle elementor-section-boxed elementor-section-height-default elementor-section-height-default\" data-id=\"abc84da\" data-element_type=\"section\">\n\t\t\t\t\t\t<div class=\"elementor-container elementor-column-gap-no\">\n\t\t\t\t\t<div class=\"elementor-column elementor-col-50 elementor-inner-column elementor-element elementor-element-6de8fe9\" data-id=\"6de8fe9\" data-element_type=\"column\">\n\t\t\t<div class=\"elementor-widget-wrap elementor-element-populated\">\n\t\t\t\t\t\t<div class=\"elementor-element elementor-element-4e453fd elementor-widget elementor-widget-crysa_process\" data-id=\"4e453fd\" data-element_type=\"widget\" data-widget_type=\"crysa_process.default\">\n\t\t\t\t<div class=\"elementor-widget-container\">\n\t\t\t    <div class=\"processs-style-three\">\r\n        <h4 class=\"sub-heading\">NUESTRAS SOLUCIONES<\/h4>\r\n        <h2 class=\"heading mb-50\">C\u00f3mo gestionamos los servicios tecnol\u00f3gicos para su sector<\/h2>\r\n        <ul class=\"process-list\">\r\n        \t        \t\t<!-- Single Item --> \r\n\t            <li>\r\n\t                <div class=\"number\">\r\n\t                    <span>01<\/span>\r\n\t                <\/div>\r\n\t                <div class=\"content\">\r\n\t                    <h4>Reciba un plan personalizado<\/h4>\r\n\t                    <p>\r\n\t                        Estrategia \u00fanica dise\u00f1ada para usted. Soluciones adaptadas a sus objetivos y necesidades espec\u00edficas.\t                    <\/p>\r\n\t                <\/div>\r\n\t            <\/li>\r\n\t            <!-- Single Item --> \r\n                    \t\t<!-- Single Item --> \r\n\t            <li>\r\n\t                <div class=\"number\">\r\n\t                    <span>02<\/span>\r\n\t                <\/div>\r\n\t                <div class=\"content\">\r\n\t                    <h4>Hecha para sus necesidades<\/h4>\r\n\t                    <p>\r\n\t                        Servicio adaptado que encaja exactamente con sus demandas y situaci\u00f3n particular.\t                    <\/p>\r\n\t                <\/div>\r\n\t            <\/li>\r\n\t            <!-- Single Item --> \r\n                    <\/ul>\r\n    <\/div>\r\n    \t\t<\/div>\n\t\t\t\t<\/div>\n\t\t\t\t\t<\/div>\n\t\t<\/div>\n\t\t\t\t<div class=\"elementor-column elementor-col-50 elementor-inner-column elementor-element elementor-element-61cce99\" data-id=\"61cce99\" data-element_type=\"column\">\n\t\t\t<div class=\"elementor-widget-wrap elementor-element-populated\">\n\t\t\t\t\t\t<div class=\"elementor-element elementor-element-c5d7ea0 elementor-widget elementor-widget-crysa_process_img\" data-id=\"c5d7ea0\" data-element_type=\"widget\" data-widget_type=\"crysa_process_img.default\">\n\t\t\t\t<div class=\"elementor-widget-container\">\n\t\t\t    <!-- Start Processs Image\r\n    ============================================= -->\r\n    <div class=\"processs-style-three\">\r\n        <div class=\"thumb\">\r\n            <img decoding=\"async\" src=\"https:\/\/validthemes.net\/themeforest\/wp\/crysa\/wp-content\/uploads\/2022\/08\/21.png\" alt=\"Cybernet\">\r\n        <\/div>\r\n    <\/div>\r\n    <!-- End Processs Image -->\r\n\t\t\t<\/div>\n\t\t\t\t<\/div>\n\t\t\t\t\t<\/div>\n\t\t<\/div>\n\t\t\t\t\t<\/div>\n\t\t<\/section>\n\t\t\t\t\t<\/div>\n\t\t<\/div>\n\t\t\t\t\t<\/div>\n\t\t<\/section>\n\t\t\t\t<\/div>\n\t\t","protected":false},"excerpt":{"rendered":"<p>CYBERNET Tecnolog\u00eda y Seguridad En Cybernet, nos dedicamos a ofrecer soluciones tecnol\u00f3gicas integrales que impulsan el crecimiento y la eficiencia de nuestros clientes. Desde nuestra fundaci\u00f3n hemos trabajado incansablemente para posicionarnos como l\u00edderes en el sector tecnol\u00f3gico en Colombia y Am\u00e9rica Latina. Soluciones tecnol\u00f3gicas integrales Impulso al crecimiento y eficiencia Liderazgo en Colombia Contacto Nuestra [&hellip;]<\/p>\n","protected":false},"author":1,"featured_media":0,"parent":0,"menu_order":0,"comment_status":"closed","ping_status":"closed","template":"elementor_header_footer","meta":{"footnotes":""},"class_list":["post-1672","page","type-page","status-publish","hentry"],"_links":{"self":[{"href":"https:\/\/cybernet.com.co\/index.php\/wp-json\/wp\/v2\/pages\/1672","targetHints":{"allow":["GET"]}}],"collection":[{"href":"https:\/\/cybernet.com.co\/index.php\/wp-json\/wp\/v2\/pages"}],"about":[{"href":"https:\/\/cybernet.com.co\/index.php\/wp-json\/wp\/v2\/types\/page"}],"author":[{"embeddable":true,"href":"https:\/\/cybernet.com.co\/index.php\/wp-json\/wp\/v2\/users\/1"}],"replies":[{"embeddable":true,"href":"https:\/\/cybernet.com.co\/index.php\/wp-json\/wp\/v2\/comments?post=1672"}],"version-history":[{"count":96,"href":"https:\/\/cybernet.com.co\/index.php\/wp-json\/wp\/v2\/pages\/1672\/revisions"}],"predecessor-version":[{"id":4394,"href":"https:\/\/cybernet.com.co\/index.php\/wp-json\/wp\/v2\/pages\/1672\/revisions\/4394"}],"wp:attachment":[{"href":"https:\/\/cybernet.com.co\/index.php\/wp-json\/wp\/v2\/media?parent=1672"}],"curies":[{"name":"wp","href":"https:\/\/api.w.org\/{rel}","templated":true}]}}