{"id":1572,"date":"2022-08-16T19:09:14","date_gmt":"2022-08-16T19:09:14","guid":{"rendered":"https:\/\/validthemes.net\/themeforest\/wp\/crysa\/?page_id=1572"},"modified":"2024-08-23T19:25:35","modified_gmt":"2024-08-23T19:25:35","slug":"gestion_de_emergencias","status":"publish","type":"page","link":"https:\/\/cybernet.com.co\/index.php\/gestion_de_emergencias\/","title":{"rendered":"Gesti\u00f3n de emergencias"},"content":{"rendered":"\t\t<div data-elementor-type=\"wp-page\" data-elementor-id=\"1572\" class=\"elementor elementor-1572\" data-elementor-post-type=\"page\">\n\t\t\t\t\t\t<section class=\"elementor-section elementor-top-section elementor-element elementor-element-d1c8f09 elementor-section-full_width elementor-section-stretched elementor-section-height-default elementor-section-height-default\" data-id=\"d1c8f09\" data-element_type=\"section\" data-settings=\"{&quot;stretch_section&quot;:&quot;section-stretched&quot;}\">\n\t\t\t\t\t\t<div class=\"elementor-container elementor-column-gap-no\">\n\t\t\t\t\t<div class=\"elementor-column elementor-col-100 elementor-top-column elementor-element elementor-element-d0b9859\" data-id=\"d0b9859\" data-element_type=\"column\">\n\t\t\t<div class=\"elementor-widget-wrap elementor-element-populated\">\n\t\t\t\t\t\t<div class=\"elementor-element elementor-element-ebcec44 elementor-widget elementor-widget-crysa_slider\" data-id=\"ebcec44\" data-element_type=\"widget\" data-widget_type=\"crysa_slider.default\">\n\t\t\t\t<div class=\"elementor-widget-container\">\n\t\t\t\t<!-- Start Banner Style Five\r\n    ============================================= -->\r\n    <div class=\"banner-style-five-area bg-cover text-center text-light\" style=\"background-image: url(https:\/\/cybernet.com.co\/wp-content\/uploads\/2024\/07\/fondo-gris.jpg);\">\r\n        <div class=\"banner-shape-bottom\" style=\"background-image: url(https:\/\/validthemes.net\/themeforest\/wp\/crysa\/wp-content\/uploads\/2022\/08\/42.png);\"><\/div>\r\n        <div class=\"container\">\r\n            <div class=\"banner-items\">\r\n                <div class=\"row\">\r\n                    <div class=\"col-lg-8 offset-lg-2 banner-style-five\">\r\n                        <div class=\"info\">\r\n                            <h2 class=\"title\">Gesti\u00f3n de Emergencias<\/h2>\r\n                            <p>\r\n                                La gesti\u00f3n de emergencias es esencial en todos los niveles de gobierno, as\u00ed como en organizaciones grandes y complejas. Es crucial para la protecci\u00f3n de vidas, infraestructuras cr\u00edticas y la continuidad de operaciones en situaciones de crisis.\n                            <\/p>\r\n                            <div class=\"button\">\r\n                                <a href=\"\" class=\"popup-youtube video-play-button light with-text\">\r\n                                    <div class=\"effect\"><\/div>\r\n                                    <span><i class=\"fas fa-play\"><\/i><\/span>\r\n                                <\/a>\r\n                            <\/div>\r\n                        <\/div>\r\n                        <div class=\"thumb\">\r\n                            <img decoding=\"async\" class=\"wow fadeInDown\" src=\"https:\/\/validthemes.net\/themeforest\/wp\/crysa\/wp-content\/uploads\/2022\/08\/12.png\" alt=\"Cybernet\">\r\n                        <\/div>\r\n                    <\/div>\r\n                <\/div>\r\n            <\/div>\r\n        <\/div>\r\n    <\/div>\r\n    <!-- End Banner  Style Five -->\r\n    \t\t<\/div>\n\t\t\t\t<\/div>\n\t\t\t\t\t<\/div>\n\t\t<\/div>\n\t\t\t\t\t<\/div>\n\t\t<\/section>\n\t\t\t\t<section class=\"elementor-section elementor-top-section elementor-element elementor-element-3ac02da elementor-section-full_width elementor-section-stretched elementor-section-height-default elementor-section-height-default\" data-id=\"3ac02da\" data-element_type=\"section\" data-settings=\"{&quot;stretch_section&quot;:&quot;section-stretched&quot;}\">\n\t\t\t\t\t\t<div class=\"elementor-container elementor-column-gap-no\">\n\t\t\t\t\t<div class=\"elementor-column elementor-col-100 elementor-top-column elementor-element elementor-element-644f8c5\" data-id=\"644f8c5\" data-element_type=\"column\">\n\t\t\t<div class=\"elementor-widget-wrap elementor-element-populated\">\n\t\t\t\t\t\t<div class=\"elementor-element elementor-element-b880be5 elementor-widget elementor-widget-crysa_featured\" data-id=\"b880be5\" data-element_type=\"widget\" data-widget_type=\"crysa_featured.default\">\n\t\t\t\t<div class=\"elementor-widget-container\">\n\t\t\t\r\n\t<!-- Start Features \r\n    ============================================= -->\r\n    <div class=\"featuresa-area default-padding\">\r\n    \t        <!-- Shape -->\r\n        <div class=\"shape-right-center\" style=\"background-image: url(https:\/\/validthemes.net\/themeforest\/wp\/crysa\/wp-content\/uploads\/2022\/08\/circle-border.png);\">\r\n        <\/div>\r\n        <!-- End Shape -->\r\n    \t        <div class=\"container\">\r\n            <div class=\"row align-center\">\r\n                <div class=\"col-lg-7 pr-60 pr-md-15 pr-xs-15 feature-style-five\">\r\n                \t                    <div class=\"shape-left-bottom-animated\">\r\n                        <img decoding=\"async\" src=\"https:\/\/cybernet.com.co\/wp-content\/uploads\/2022\/06\/1.png\" alt=\"Cybernet\">\r\n                    <\/div>\r\n                                        <div class=\"row\">\r\n                    \t                        <!-- Single Item -->\r\n                        <div class=\"col-lg-6 col-md-6 wow fadeInUp\">\r\n                            <div class=\"feature-style-five-item\">\r\n                                \t                            \t                                                                <i class=\"fas fa-stopwatch\"><\/i>\r\n                                                                <h4>\u2022\tProcesamiento simult\u00e1neo de llamadas\/mensajes<\/h4>\r\n                                <p>\r\n                                                                    <\/p>\r\n                            <\/div>\r\n                        <\/div>\r\n                        <!-- End Single Item -->\r\n                                                <!-- Single Item -->\r\n                        <div class=\"col-lg-6 col-md-6 wow fadeInUp\">\r\n                            <div class=\"feature-style-five-item\">\r\n                                                                    <i class=\"flaticon-tech-service\"><\/i>\r\n\t                            \t                            \t                                                            <h4>\u2022\tPrecisi\u00f3n de geolocalizaci\u00f3n <\/h4>\r\n                                <p>\r\n                                                                    <\/p>\r\n                            <\/div>\r\n                        <\/div>\r\n                        <!-- End Single Item -->\r\n                                                <!-- Single Item -->\r\n                        <div class=\"col-lg-6 col-md-6 wow fadeInUp\">\r\n                            <div class=\"feature-style-five-item\">\r\n                                                                    <i class=\"flaticon-conveyor\"><\/i>\r\n\t                            \t                            \t                                                            <h4>\u2022\tCapacidad de transcripci\u00f3n en tiempo real <\/h4>\r\n                                <p>\r\n                                                                    <\/p>\r\n                            <\/div>\r\n                        <\/div>\r\n                        <!-- End Single Item -->\r\n                                                <!-- Single Item -->\r\n                        <div class=\"col-lg-6 col-md-6 wow fadeInUp\">\r\n                            <div class=\"feature-style-five-item\">\r\n                                                                    <i class=\"flaticon-shield\"><\/i>\r\n\t                            \t                            \t                                                            <h4>\u2022\tRedundancia 99.999% <\/h4>\r\n                                <p>\r\n                                                                    <\/p>\r\n                            <\/div>\r\n                        <\/div>\r\n                        <!-- End Single Item -->\r\n                                            <\/div>\r\n                <\/div>\r\n                <div class=\"col-lg-5 feature-style-five mt-xs-50 mt-md-50\">\r\n                    <h4 class=\"sub-heading\">CYBERNET<\/h4>\r\n                    <h2 class=\"heading\">Gestiona emergencias <\/h2>\r\n                    <p>Se centra en la implementaci\u00f3n y manejo de sistemas y procesos para responder eficazmente a situaciones de crisis. Incluye plataformas avanzadas de gesti\u00f3n de llamadas de emergencia (como sistemas 911\/112), tecnolog\u00edas de geolocalizaci\u00f3n precisa para llamadas m\u00f3viles, y soluciones de comunicaci\u00f3n multicanal que integran voz, texto y multimedia.                     <\/p>\r\n                                        <a class=\"btn mt-15 btn-md btn-gradient circle\" href=\"\">Conoce nuestros Servicios<\/a>\r\n                \t                <\/div>\r\n            <\/div>\r\n        <\/div>\r\n    <\/div>\r\n    <!-- End Features -->\r\n    \t\t<\/div>\n\t\t\t\t<\/div>\n\t\t\t\t\t<\/div>\n\t\t<\/div>\n\t\t\t\t\t<\/div>\n\t\t<\/section>\n\t\t\t\t<section class=\"elementor-section elementor-top-section elementor-element elementor-element-f17ebbe elementor-section-full_width elementor-section-stretched elementor-section-height-default elementor-section-height-default\" data-id=\"f17ebbe\" data-element_type=\"section\" data-settings=\"{&quot;stretch_section&quot;:&quot;section-stretched&quot;}\">\n\t\t\t\t\t\t<div class=\"elementor-container elementor-column-gap-no\">\n\t\t\t\t\t<div class=\"elementor-column elementor-col-100 elementor-top-column elementor-element elementor-element-033cfc5\" data-id=\"033cfc5\" data-element_type=\"column\">\n\t\t\t<div class=\"elementor-widget-wrap elementor-element-populated\">\n\t\t\t\t\t\t<div class=\"elementor-element elementor-element-1c05ba4 elementor-widget elementor-widget-crysa_counter\" data-id=\"1c05ba4\" data-element_type=\"widget\" data-widget_type=\"crysa_counter.default\">\n\t\t\t\t<div class=\"elementor-widget-container\">\n\t\t\t\t<!-- Start Fun factor area\r\n    ============================================= -->\r\n    <div class=\"fun-factor-area overflow-hidden default-padding bg-fixed shadow dark-small text-light\" style=\"background-image: url(https:\/\/cybernet.com.co\/wp-content\/uploads\/2024\/07\/fondo.jpg);\">\r\n        <div class=\"container\">\r\n            <div class=\"fun-fact-style-one-box\">\r\n                <div class=\"row\">\r\n                \t\t                    <div class=\"col-lg-4 fun-fact-style-one\">\r\n\t                        <div class=\"fun-fact\">\r\n\t                            <div class=\"counter\">\r\n\t                                <div class=\"timer\" data-to=\"100\n\" data-speed=\"2000\">100\n<\/div>\r\n\t                                <div class=\"operator\">%<\/div>\r\n\t                            <\/div>\r\n\t                            <span class=\"medium\">Acceso seguro<\/span>\r\n\t                        <\/div>\r\n\t                    <\/div>\r\n                    \t                    <div class=\"col-lg-4 fun-fact-style-one\">\r\n\t                        <div class=\"fun-fact\">\r\n\t                            <div class=\"counter\">\r\n\t                                <div class=\"timer\" data-to=\"165\" data-speed=\"2000\">165<\/div>\r\n\t                                <div class=\"operator\">K<\/div>\r\n\t                            <\/div>\r\n\t                            <span class=\"medium\">Usuarios recurrentes<\/span>\r\n\t                        <\/div>\r\n\t                    <\/div>\r\n                    \t                    <div class=\"col-lg-4 fun-fact-style-one\">\r\n\t                        <div class=\"fun-fact\">\r\n\t                            <div class=\"counter\">\r\n\t                                <div class=\"timer\" data-to=\"99\n\" data-speed=\"2000\">99\n<\/div>\r\n\t                                <div class=\"operator\">%\n<\/div>\r\n\t                            <\/div>\r\n\t                            <span class=\"medium\">Casos de exito<\/span>\r\n\t                        <\/div>\r\n\t                    <\/div>\r\n                                    <\/div>\r\n            <\/div>\r\n        <\/div>\r\n    <\/div>\r\n    <!-- End fun factor area -->\r\n\t\t\t<\/div>\n\t\t\t\t<\/div>\n\t\t\t\t\t<\/div>\n\t\t<\/div>\n\t\t\t\t\t<\/div>\n\t\t<\/section>\n\t\t\t\t<section class=\"elementor-section elementor-top-section elementor-element elementor-element-42b3d10 elementor-section-full_width elementor-section-stretched elementor-section-height-default elementor-section-height-default\" data-id=\"42b3d10\" data-element_type=\"section\" data-settings=\"{&quot;stretch_section&quot;:&quot;section-stretched&quot;}\">\n\t\t\t\t\t\t<div class=\"elementor-container elementor-column-gap-no\">\n\t\t\t\t\t<div class=\"elementor-column elementor-col-100 elementor-top-column elementor-element elementor-element-1a02be3\" data-id=\"1a02be3\" data-element_type=\"column\">\n\t\t\t<div class=\"elementor-widget-wrap\">\n\t\t\t\t\t\t\t<\/div>\n\t\t<\/div>\n\t\t\t\t\t<\/div>\n\t\t<\/section>\n\t\t\t\t<section class=\"elementor-section elementor-top-section elementor-element elementor-element-e327d50 elementor-section-full_width elementor-section-stretched elementor-section-height-default elementor-section-height-default\" data-id=\"e327d50\" data-element_type=\"section\" data-settings=\"{&quot;stretch_section&quot;:&quot;section-stretched&quot;}\">\n\t\t\t\t\t\t<div class=\"elementor-container elementor-column-gap-no\">\n\t\t\t\t\t<div class=\"elementor-column elementor-col-100 elementor-top-column elementor-element elementor-element-86b0764\" data-id=\"86b0764\" data-element_type=\"column\">\n\t\t\t<div class=\"elementor-widget-wrap elementor-element-populated\">\n\t\t\t\t\t\t<div class=\"elementor-element elementor-element-7e360e5 elementor-widget elementor-widget-crysa_contact\" data-id=\"7e360e5\" data-element_type=\"widget\" data-widget_type=\"crysa_contact.default\">\n\t\t\t\t<div class=\"elementor-widget-container\">\n\t\t\t    <!-- Start Contact Form \r\n    ============================================= -->\r\n    <div id=\"contact\" class=\"contact-form-area contact-style-two-area overflow-hidden default-padding\" style=\"background-image: url(https:\/\/validthemes.net\/themeforest\/wp\/crysa\/wp-content\/uploads\/2022\/08\/18.png);\">\r\n        <div class=\"container\">\r\n            <!-- Contact Form -->\r\n            <div class=\"row\">\r\n                \r\n                <div class=\"col-lg-7\">\r\n                    <div class=\"form\">\r\n                        \n<div class=\"wpcf7 no-js\" id=\"wpcf7-f490-o1\" lang=\"en-US\" dir=\"ltr\">\n<div class=\"screen-reader-response\"><p role=\"status\" aria-live=\"polite\" aria-atomic=\"true\"><\/p> <ul><\/ul><\/div>\n<form action=\"\/index.php\/wp-json\/wp\/v2\/pages\/1572#wpcf7-f490-o1\" method=\"post\" class=\"wpcf7-form init\" aria-label=\"Contact form\" novalidate=\"novalidate\" data-status=\"init\">\n<div style=\"display: none;\">\n<input type=\"hidden\" name=\"_wpcf7\" value=\"490\" \/>\n<input type=\"hidden\" name=\"_wpcf7_version\" value=\"5.9.7\" \/>\n<input type=\"hidden\" name=\"_wpcf7_locale\" value=\"en_US\" \/>\n<input type=\"hidden\" name=\"_wpcf7_unit_tag\" value=\"wpcf7-f490-o1\" \/>\n<input type=\"hidden\" name=\"_wpcf7_container_post\" value=\"0\" \/>\n<input type=\"hidden\" name=\"_wpcf7_posted_data_hash\" value=\"\" \/>\n<\/div>\n<div class=\"row\">\n    <div class=\"col-lg-12\">\n        <div class=\"form-group\">\n           <span class=\"wpcf7-form-control-wrap\" data-name=\"text-590\"><input size=\"40\" maxlength=\"400\" class=\"wpcf7-form-control wpcf7-text form-control\" id=\"name\" aria-invalid=\"false\" placeholder=\"Nombre*\" value=\"\" type=\"text\" name=\"text-590\" \/><\/span>\n        <\/div>\n    <\/div>\n<\/div>\n<div class=\"row\">\n    <div class=\"col-lg-6\">\n        <div class=\"form-group\">\n            <span class=\"wpcf7-form-control-wrap\" data-name=\"email-568\"><input size=\"40\" maxlength=\"400\" class=\"wpcf7-form-control wpcf7-email wpcf7-validates-as-required wpcf7-text wpcf7-validates-as-email form-control\" id=\"email\" aria-required=\"true\" aria-invalid=\"false\" placeholder=\"Email*\" value=\"\" type=\"email\" name=\"email-568\" \/><\/span>\n        <\/div>\n    <\/div>\n    <div class=\"col-lg-6\">\n        <div class=\"form-group\">\n            <span class=\"wpcf7-form-control-wrap\" data-name=\"text-826\"><input size=\"40\" maxlength=\"400\" class=\"wpcf7-form-control wpcf7-text form-control\" id=\"phone\" aria-invalid=\"false\" placeholder=\"Tel\u00e9fono\" value=\"\" type=\"text\" name=\"text-826\" \/><\/span>\n        <\/div>\n    <\/div>\n<\/div>\n<div class=\"row\">\n    <div class=\"col-lg-12\">\n        <div class=\"form-group comments\">\n            <span class=\"wpcf7-form-control-wrap\" data-name=\"textarea-498\"><textarea cols=\"40\" rows=\"10\" maxlength=\"2000\" class=\"wpcf7-form-control wpcf7-textarea wpcf7-validates-as-required form-control\" id=\"comments\" aria-required=\"true\" aria-invalid=\"false\" placeholder=\"Comentario\" name=\"textarea-498\"><\/textarea><\/span>\n        <\/div>\n    <\/div>\n<\/div>\n<div class=\"row\">\n    <div class=\"col-lg-12\">\n        <button type=\"submit\" name=\"submit\" id=\"submit\"><i class=\"fa fa-paper-plane\"><\/i> Enviar <\/button>\n    <\/div>\n<\/div><div class=\"wpcf7-response-output\" aria-hidden=\"true\"><\/div>\n<\/form>\n<\/div>\n\n                    <\/div>\r\n                <\/div>\r\n\r\n                <div class=\"col-lg-5\">\r\n                    <div class=\"thumb\">\r\n                        <div class=\"contact-info\">\r\n                            <h2 class=\"heading\">\u00bfTienes preguntas?<br>\nPonte en contacto<\/h2>\r\n                            \t                            <!-- Single Item -->\r\n\t                            <div class=\"item\">\r\n\t                                <div class=\"icon\">\r\n\t                                    \t\t\t                            \t\t\t                            \t\t                                    <i class=\"fas fa-map-marker-alt\"><\/i>\r\n\t\t                                \t                                <\/div>\r\n\t                                <div class=\"info\">\r\n\t                                    <h5>Ubicaci\u00f3n<\/h5>\r\n\t                                    <p>\r\n\t                                        Carrera 40b # 19 - 23,<br>\nBogot\u00e1 - Colombia\t                                    <\/p>\r\n\t                                <\/div>\r\n\t                            <\/div>\r\n\t                            <!-- End Single Item -->\r\n                            \t                            <!-- Single Item -->\r\n\t                            <div class=\"item\">\r\n\t                                <div class=\"icon\">\r\n\t                                    \t\t\t                            \t\t\t                            \t\t                                    <i class=\"fas fa-phone\"><\/i>\r\n\t\t                                \t                                <\/div>\r\n\t                                <div class=\"info\">\r\n\t                                    <h5>Tel\u00e9fono<\/h5>\r\n\t                                    <p>\r\n\t                                        (+57) 601 805 35 73<br>\n\t                                    <\/p>\r\n\t                                <\/div>\r\n\t                            <\/div>\r\n\t                            <!-- End Single Item -->\r\n                                                    <\/div>\r\n                    <\/div>\r\n                <\/div>\r\n                \r\n            <\/div>\r\n            <!-- End Contact Form -->\r\n        <\/div>\r\n    <\/div>\r\n    <!-- End Contact Form -->\r\n\t\t\t<\/div>\n\t\t\t\t<\/div>\n\t\t\t\t\t<\/div>\n\t\t<\/div>\n\t\t\t\t\t<\/div>\n\t\t<\/section>\n\t\t\t\t<\/div>\n\t\t","protected":false},"excerpt":{"rendered":"<p>Gesti\u00f3n de Emergencias La gesti\u00f3n de emergencias es esencial en todos los niveles de gobierno, as\u00ed como en organizaciones grandes y complejas. Es crucial para la protecci\u00f3n de vidas, infraestructuras cr\u00edticas y la continuidad de operaciones en situaciones de crisis. \u2022 Procesamiento simult\u00e1neo de llamadas\/mensajes \u2022 Precisi\u00f3n de geolocalizaci\u00f3n \u2022 Capacidad de transcripci\u00f3n en tiempo [&hellip;]<\/p>\n","protected":false},"author":1,"featured_media":0,"parent":0,"menu_order":0,"comment_status":"closed","ping_status":"closed","template":"elementor_header_footer","meta":{"footnotes":""},"class_list":["post-1572","page","type-page","status-publish","hentry"],"_links":{"self":[{"href":"https:\/\/cybernet.com.co\/index.php\/wp-json\/wp\/v2\/pages\/1572","targetHints":{"allow":["GET"]}}],"collection":[{"href":"https:\/\/cybernet.com.co\/index.php\/wp-json\/wp\/v2\/pages"}],"about":[{"href":"https:\/\/cybernet.com.co\/index.php\/wp-json\/wp\/v2\/types\/page"}],"author":[{"embeddable":true,"href":"https:\/\/cybernet.com.co\/index.php\/wp-json\/wp\/v2\/users\/1"}],"replies":[{"embeddable":true,"href":"https:\/\/cybernet.com.co\/index.php\/wp-json\/wp\/v2\/comments?post=1572"}],"version-history":[{"count":44,"href":"https:\/\/cybernet.com.co\/index.php\/wp-json\/wp\/v2\/pages\/1572\/revisions"}],"predecessor-version":[{"id":4322,"href":"https:\/\/cybernet.com.co\/index.php\/wp-json\/wp\/v2\/pages\/1572\/revisions\/4322"}],"wp:attachment":[{"href":"https:\/\/cybernet.com.co\/index.php\/wp-json\/wp\/v2\/media?parent=1572"}],"curies":[{"name":"wp","href":"https:\/\/api.w.org\/{rel}","templated":true}]}}