{"id":1551,"date":"2022-07-22T14:32:50","date_gmt":"2022-07-22T14:32:50","guid":{"rendered":"https:\/\/validthemes.net\/themeforest\/wp\/crysa\/?page_id=1551"},"modified":"2024-08-23T23:35:46","modified_gmt":"2024-08-23T23:35:46","slug":"sistemas_de_seguridad","status":"publish","type":"page","link":"https:\/\/cybernet.com.co\/index.php\/sistemas_de_seguridad\/","title":{"rendered":"Consultoria y Dise\u00f1o de Sistemas de Seguridad"},"content":{"rendered":"\t\t<div data-elementor-type=\"wp-page\" data-elementor-id=\"1551\" class=\"elementor elementor-1551\" data-elementor-post-type=\"page\">\n\t\t\t\t\t\t<section class=\"elementor-section elementor-top-section elementor-element elementor-element-b14f86d elementor-section-full_width elementor-section-stretched elementor-section-height-default elementor-section-height-default\" data-id=\"b14f86d\" data-element_type=\"section\" id=\"home\" data-settings=\"{&quot;stretch_section&quot;:&quot;section-stretched&quot;}\">\n\t\t\t\t\t\t<div class=\"elementor-container elementor-column-gap-no\">\n\t\t\t\t\t<div class=\"elementor-column elementor-col-100 elementor-top-column elementor-element elementor-element-9464a1c\" data-id=\"9464a1c\" data-element_type=\"column\">\n\t\t\t<div class=\"elementor-widget-wrap elementor-element-populated\">\n\t\t\t\t\t\t<div class=\"elementor-element elementor-element-e1a0fd8 elementor-widget elementor-widget-crysa_slider\" data-id=\"e1a0fd8\" data-element_type=\"widget\" data-widget_type=\"crysa_slider.default\">\n\t\t\t\t<div class=\"elementor-widget-container\">\n\t\t\t    <!-- Start Banner Style Four  -->\r\n    <div class=\"banner-style-four-area bg-cover text-light\" style=\"background-image: url(https:\/\/validthemes.net\/themeforest\/wp\/crysa\/wp-content\/uploads\/2022\/07\/1.jpg);\">\r\n        <div class=\"container\">\r\n            <div class=\"banner-items\">\r\n                <div class=\"row align-center\">\r\n                    <div class=\"col-lg-6 banner-style-four\">\r\n                        <div class=\"info\">\r\n                            <h4 class=\"sub-title\">Cybernet<\/h4>\r\n                            <h2 class=\"title\">Consultoria y Dise\u00f1o de \n<strong>Sistemas de Seguridad<\/strong><\/h2>\r\n                            <p>\r\n                               Ofrecemos consultor\u00eda experta y dise\u00f1o personalizado de sistemas de seguridad, adaptados a las necesidades espec\u00edficas de cada cliente para garantizar la protecci\u00f3n integral de sus activos. Nuestro enfoque combina tecnolog\u00eda avanzada y experiencia para crear soluciones seguras y eficientes.                            <\/p>\r\n                            <div class=\"button\">\r\n                                <a class=\"btn btn-gradient btn-md radius animation\" href=\"https:\/\/cybernet.com.co\/index.php\/contacto\">contacto<\/a>\r\n                            <\/div>\r\n                        <\/div>\r\n                    <\/div>\r\n                    <div class=\"col-lg-6 banner-style-four\">\r\n                        <div class=\"thumb\">\r\n                            <img decoding=\"async\" src=\"https:\/\/cybernet.com.co\/wp-content\/uploads\/2024\/07\/cam.jpg\" alt=\"Cybernet\">\r\n                        <\/div>\r\n                    <\/div>\r\n                <\/div>\r\n            <\/div>\r\n        <\/div>\r\n    <\/div>\r\n    <!-- End Banner Style Four -->\r\n    \t\t<\/div>\n\t\t\t\t<\/div>\n\t\t\t\t\t<\/div>\n\t\t<\/div>\n\t\t\t\t\t<\/div>\n\t\t<\/section>\n\t\t\t\t<section class=\"elementor-section elementor-top-section elementor-element elementor-element-b333e24 elementor-section-full_width elementor-section-stretched bg-dark  elementor-section-height-default elementor-section-height-default\" data-id=\"b333e24\" data-element_type=\"section\" data-settings=\"{&quot;stretch_section&quot;:&quot;section-stretched&quot;}\">\n\t\t\t\t\t\t<div class=\"elementor-container elementor-column-gap-no\">\n\t\t\t\t\t<div class=\"elementor-column elementor-col-100 elementor-top-column elementor-element elementor-element-9dd2150\" data-id=\"9dd2150\" data-element_type=\"column\">\n\t\t\t<div class=\"elementor-widget-wrap elementor-element-populated\">\n\t\t\t\t\t\t<div class=\"elementor-element elementor-element-083eb64 elementor-widget elementor-widget-crysa_process\" data-id=\"083eb64\" data-element_type=\"widget\" data-widget_type=\"crysa_process.default\">\n\t\t\t\t<div class=\"elementor-widget-container\">\n\t\t\t    <div class=\"process-area text-center text-light\">\r\n        <div class=\"container\">\r\n            <div class=\"row\">\r\n                <div class=\"col-lg-8 offset-lg-2\">\r\n                    <div class=\"site-heading text-center\">\r\n                        <h4 class=\"sub-title\"><\/h4>\r\n                        <h2 class=\"title\">Sistemas de Seguridad<\/h2>\r\n                    <\/div>\r\n                <\/div>\r\n            <\/div>\r\n        <\/div>\r\n        <div class=\"container\">\r\n            <div class=\"row\">\r\n                                <!-- Single Item -->\r\n                <div class=\"col-lg-4 col-md-6 process-style-two\">\r\n                    <div class=\"item\">\r\n                         \t                    \t                        <img decoding=\"async\" src=\"https:\/\/validthemes.net\/themeforest\/wp\/crysa\/wp-content\/uploads\/2022\/07\/3.png\" alt=\"Cybernet\">\r\n\t                    \t                                            <h4>App m\u00f3vil<\/h4>\r\n                        <p>\r\n                          Contamos con los software moviles necesarios para realizar la integraci\u00f3n de nuestros sistemas de seguridad                        <\/p>\r\n                        <a href=\"\"><i class=\"fas fa-angle-right\"><\/i><\/a>\r\n                    <\/div>\r\n                <\/div>               \r\n                <!-- Single Item --> \r\n                                <!-- Single Item -->\r\n                <div class=\"col-lg-4 col-md-6 process-style-two\">\r\n                    <div class=\"item\">\r\n                         \t                    \t                        <img decoding=\"async\" src=\"https:\/\/cybernet.com.co\/wp-content\/uploads\/2024\/08\/camaras-e1724455163558.png\" alt=\"Cybernet\">\r\n\t                    \t                                            <h4>C\u00e1maras y Control de acceso<\/h4>\r\n                        <p>\r\n                          Sistema de Videovigilancia con An\u00e1lisis de Video Inteligente C\u00e1maras de alta resoluci\u00f3n con capacidades de an\u00e1lisis de video basado en IA,                         <\/p>\r\n                        <a href=\"\"><i class=\"fas fa-angle-right\"><\/i><\/a>\r\n                    <\/div>\r\n                <\/div>               \r\n                <!-- Single Item --> \r\n                                <!-- Single Item -->\r\n                <div class=\"col-lg-4 col-md-6 process-style-two\">\r\n                    <div class=\"item\">\r\n                         \t                    \t                        <img decoding=\"async\" src=\"https:\/\/cybernet.com.co\/wp-content\/uploads\/2024\/08\/alarma-e1724455221375.png\" alt=\"Cybernet\">\r\n\t                    \t                                            <h4>Alarmas Inteligentes<\/h4>\r\n                        <p>\r\n                          Nuestras alarmas, integradas con todos los sistemas de dom\u00f3tica existentes, ofrecen notificaciones en tiempo real, mensajes personalizados, y operan de manera aut\u00f3noma para una seguridad completa y sin complicaciones.                        <\/p>\r\n                        <a href=\"\"><i class=\"fas fa-angle-right\"><\/i><\/a>\r\n                    <\/div>\r\n                <\/div>               \r\n                <!-- Single Item --> \r\n                            <\/div>\r\n        <\/div>\r\n    <\/div>\r\n    \t\t<\/div>\n\t\t\t\t<\/div>\n\t\t\t\t\t<\/div>\n\t\t<\/div>\n\t\t\t\t\t<\/div>\n\t\t<\/section>\n\t\t\t\t<section class=\"elementor-section elementor-top-section elementor-element elementor-element-7c3583f elementor-section-full_width elementor-section-stretched elementor-section-height-default elementor-section-height-default\" data-id=\"7c3583f\" data-element_type=\"section\" id=\"service\" data-settings=\"{&quot;stretch_section&quot;:&quot;section-stretched&quot;}\">\n\t\t\t\t\t\t<div class=\"elementor-container elementor-column-gap-no\">\n\t\t\t\t\t<div class=\"elementor-column elementor-col-100 elementor-top-column elementor-element elementor-element-788620c\" data-id=\"788620c\" data-element_type=\"column\">\n\t\t\t<div class=\"elementor-widget-wrap elementor-element-populated\">\n\t\t\t\t\t\t<div class=\"elementor-element elementor-element-c53b6b8 elementor-widget elementor-widget-crysa_service\" data-id=\"c53b6b8\" data-element_type=\"widget\" data-widget_type=\"crysa_service.default\">\n\t\t\t\t<div class=\"elementor-widget-container\">\n\t\t\t    <!-- Start Services Four\r\n    ============================================= -->\r\n    <div class=\"services-area\">\r\n        \t        <div class=\"container\">\r\n\t            <div class=\"row\">\r\n\t                <div class=\"col-lg-8 offset-lg-2\">\r\n\t                    <div class=\"site-heading text-center\">\r\n\t                    \t\t                        \t                        \t<h2 class=\"title\">LA OFERTA<\/h2>\r\n\t                        \t                    <\/div>\r\n\t                <\/div>\r\n\t            <\/div>\r\n\t        <\/div>\r\n                <div class=\"container\">\r\n            <div class=\"services-style-one-box\">\r\n                <div class=\"row\">\r\n                \t\t                    <!-- Single Item -->\r\n\t                    <div class=\"services-style-four col-xl-3 col-md-6\">\r\n\t                        <div class=\"item style-four-item\">\r\n\t                            <div class=\"bg-shape\" style=\"background-image: url(https:\/\/validthemes.net\/themeforest\/wp\/crysa\/wp-content\/uploads\/2022\/07\/28.png);\"><\/div>\r\n\t                            <div class=\"thumb\" style=\"background-image: url(https:\/\/validthemes.net\/themeforest\/wp\/crysa\/wp-content\/uploads\/2022\/07\/4.jpg);\"><\/div>\r\n\t                            \t                                <i class=\"flaticon-data-processing\"><\/i>\r\n\t                            \t                            \t                            \t                            <h4><a href=\"\">Monitoreo 24\/7<\/a><\/h4>\r\n\t                            <p>\r\n\t                                \t                            <\/p>\r\n\t                            <div class=\"bottom\">\r\n\t                                <span>01<\/span>\r\n\t                                <a href=\"\"><i class=\"fas fa-arrow-right\"><\/i><\/a>\r\n\t                            <\/div>\r\n\t                        <\/div>\r\n\t                    <\/div>\r\n\t                    <!-- End Single Item -->\r\n                   \t\t                    <!-- Single Item -->\r\n\t                    <div class=\"services-style-four col-xl-3 col-md-6\">\r\n\t                        <div class=\"item style-four-item\">\r\n\t                            <div class=\"bg-shape\" style=\"background-image: url(https:\/\/validthemes.net\/themeforest\/wp\/crysa\/wp-content\/uploads\/2022\/07\/28.png);\"><\/div>\r\n\t                            <div class=\"thumb\" style=\"background-image: url(https:\/\/cybernet.com.co\/wp-content\/uploads\/2024\/07\/it.png);\"><\/div>\r\n\t                            \t                                <i class=\"flaticon-data-security\"><\/i>\r\n\t                            \t                            \t                            \t                            <h4><a href=\"\">Servicios en Nube<\/a><\/h4>\r\n\t                            <p>\r\n\t                                \t                            <\/p>\r\n\t                            <div class=\"bottom\">\r\n\t                                <span>02<\/span>\r\n\t                                <a href=\"\"><i class=\"fas fa-arrow-right\"><\/i><\/a>\r\n\t                            <\/div>\r\n\t                        <\/div>\r\n\t                    <\/div>\r\n\t                    <!-- End Single Item -->\r\n                   \t\t                    <!-- Single Item -->\r\n\t                    <div class=\"services-style-four col-xl-3 col-md-6\">\r\n\t                        <div class=\"item style-four-item\">\r\n\t                            <div class=\"bg-shape\" style=\"background-image: url(https:\/\/validthemes.net\/themeforest\/wp\/crysa\/wp-content\/uploads\/2022\/07\/28.png);\"><\/div>\r\n\t                            <div class=\"thumb\" style=\"background-image: url(https:\/\/cybernet.com.co\/wp-content\/uploads\/2024\/07\/cam-1-e1722356515173.jpg);\"><\/div>\r\n\t                            \t                                <i class=\"flaticon-augmented-reality\"><\/i>\r\n\t                            \t                            \t                            \t                            <h4><a href=\"\">C\u00e1maras y Control de acceso<\/a><\/h4>\r\n\t                            <p>\r\n\t                                \t                            <\/p>\r\n\t                            <div class=\"bottom\">\r\n\t                                <span>03<\/span>\r\n\t                                <a href=\"\"><i class=\"fas fa-arrow-right\"><\/i><\/a>\r\n\t                            <\/div>\r\n\t                        <\/div>\r\n\t                    <\/div>\r\n\t                    <!-- End Single Item -->\r\n                   \t\t                    <!-- Single Item -->\r\n\t                    <div class=\"services-style-four col-xl-3 col-md-6\">\r\n\t                        <div class=\"item style-four-item\">\r\n\t                            <div class=\"bg-shape\" style=\"background-image: url(https:\/\/validthemes.net\/themeforest\/wp\/crysa\/wp-content\/uploads\/2022\/07\/28.png);\"><\/div>\r\n\t                            <div class=\"thumb\" style=\"background-image: url(https:\/\/cybernet.com.co\/wp-content\/uploads\/2024\/07\/contro.jpg);\"><\/div>\r\n\t                            \t                                <i class=\"flaticon-stock-market\"><\/i>\r\n\t                            \t                            \t                            \t                            <h4><a href=\"\">Alarmas<\/a><\/h4>\r\n\t                            <p>\r\n\t                                \t                            <\/p>\r\n\t                            <div class=\"bottom\">\r\n\t                                <span>04<\/span>\r\n\t                                <a href=\"\"><i class=\"fas fa-arrow-right\"><\/i><\/a>\r\n\t                            <\/div>\r\n\t                        <\/div>\r\n\t                    <\/div>\r\n\t                    <!-- End Single Item -->\r\n                   \t                <\/div>\r\n            <\/div>\r\n        <\/div>\r\n    <\/div>\r\n    <!-- End Services Four -->\r\n    \t\t<\/div>\n\t\t\t\t<\/div>\n\t\t\t\t\t<\/div>\n\t\t<\/div>\n\t\t\t\t\t<\/div>\n\t\t<\/section>\n\t\t\t\t<section class=\"elementor-section elementor-top-section elementor-element elementor-element-03ffd02 elementor-section-full_width elementor-section-stretched bg-gradient text-light elementor-section-height-default elementor-section-height-default\" data-id=\"03ffd02\" data-element_type=\"section\" data-settings=\"{&quot;stretch_section&quot;:&quot;section-stretched&quot;,&quot;background_background&quot;:&quot;slideshow&quot;,&quot;background_slideshow_gallery&quot;:[{&quot;id&quot;:2780,&quot;url&quot;:&quot;https:\\\/\\\/cybernet.com.co\\\/wp-content\\\/uploads\\\/2024\\\/06\\\/fondo-contacto.png&quot;}],&quot;background_slideshow_loop&quot;:&quot;yes&quot;,&quot;background_slideshow_slide_duration&quot;:5000,&quot;background_slideshow_slide_transition&quot;:&quot;fade&quot;,&quot;background_slideshow_transition_duration&quot;:500}\">\n\t\t\t\t\t\t\t<div class=\"elementor-background-overlay\"><\/div>\n\t\t\t\t\t\t\t<div class=\"elementor-container elementor-column-gap-no\">\n\t\t\t\t\t<div class=\"elementor-column elementor-col-100 elementor-top-column elementor-element elementor-element-36750c9\" data-id=\"36750c9\" data-element_type=\"column\">\n\t\t\t<div class=\"elementor-widget-wrap elementor-element-populated\">\n\t\t\t\t\t\t<section class=\"elementor-section elementor-inner-section elementor-element elementor-element-101acc4 elementor-section-boxed elementor-section-height-default elementor-section-height-default\" data-id=\"101acc4\" data-element_type=\"section\">\n\t\t\t\t\t\t<div class=\"elementor-container elementor-column-gap-no\">\n\t\t\t\t\t<div class=\"elementor-column elementor-col-50 elementor-inner-column elementor-element elementor-element-f1ea05a\" data-id=\"f1ea05a\" data-element_type=\"column\">\n\t\t\t<div class=\"elementor-widget-wrap elementor-element-populated\">\n\t\t\t\t\t\t<div class=\"elementor-element elementor-element-15b62de elementor-widget elementor-widget-quick_contact_content\" data-id=\"15b62de\" data-element_type=\"widget\" data-widget_type=\"quick_contact_content.default\">\n\t\t\t\t<div class=\"elementor-widget-container\">\n\t\t\t\r\n    <!-- Start Quick Contact Content Area \r\n    ============================================= -->\r\n    <div class=\"quick-contact-style-one\">\r\n        <h4 class=\"sub-heading light\">QUIERES SABER M\u00c1S?<\/h4>\r\n        <h2 class=\"heading\">Para realizar solicitudes de m\u00e1s informaci\u00f3n, cont\u00e1ctenos a trav\u00e9s de nuestros canales <\/h2>\r\n        <ul><li>Soporte 24\/7<\/li><li>Respuesta en menos de 1 hora<\/li><\/ul>    <\/div>\r\n    <!-- End Quick Contact Content  Area -->\r\n\t\t\t<\/div>\n\t\t\t\t<\/div>\n\t\t\t\t\t<\/div>\n\t\t<\/div>\n\t\t\t\t<div class=\"elementor-column elementor-col-50 elementor-inner-column elementor-element elementor-element-d26ec66\" data-id=\"d26ec66\" data-element_type=\"column\">\n\t\t\t<div class=\"elementor-widget-wrap elementor-element-populated\">\n\t\t\t\t\t\t<div class=\"elementor-element elementor-element-6de50f5 elementor-widget elementor-widget-quick_contact_form\" data-id=\"6de50f5\" data-element_type=\"widget\" data-widget_type=\"quick_contact_form.default\">\n\t\t\t\t<div class=\"elementor-widget-container\">\n\t\t\t\r\n    <!-- Start Quick Contact Form Area \r\n    ============================================= -->\r\n    \n<div class=\"wpcf7 no-js\" id=\"wpcf7-f2456-o1\" lang=\"en-US\" dir=\"ltr\">\n<div class=\"screen-reader-response\"><p role=\"status\" aria-live=\"polite\" aria-atomic=\"true\"><\/p> <ul><\/ul><\/div>\n<form action=\"\/index.php\/wp-json\/wp\/v2\/pages\/1551#wpcf7-f2456-o1\" method=\"post\" class=\"wpcf7-form init consultation-form theme\" aria-label=\"Contact form\" novalidate=\"novalidate\" data-status=\"init\">\n<div style=\"display: none;\">\n<input type=\"hidden\" name=\"_wpcf7\" value=\"2456\" \/>\n<input type=\"hidden\" name=\"_wpcf7_version\" value=\"5.9.7\" \/>\n<input type=\"hidden\" name=\"_wpcf7_locale\" value=\"en_US\" \/>\n<input type=\"hidden\" name=\"_wpcf7_unit_tag\" value=\"wpcf7-f2456-o1\" \/>\n<input type=\"hidden\" name=\"_wpcf7_container_post\" value=\"0\" \/>\n<input type=\"hidden\" name=\"_wpcf7_posted_data_hash\" value=\"\" \/>\n<\/div>\n<div class=\"row\">\n    <div class=\"col-lg-6\">\n        <div class=\"form-group\">\n            <label for=\"name\">Tu nombre<\/label>\n                <span class=\"wpcf7-form-control-wrap\" data-name=\"text-748\"><input size=\"40\" maxlength=\"400\" class=\"wpcf7-form-control wpcf7-text form-control\" id=\"name\" aria-invalid=\"false\" placeholder=\"Nombre\" value=\"\" type=\"text\" name=\"text-748\" \/><\/span>\n            <\/div>\n        <\/div>\n    <div class=\"col-lg-6\">\n        <div class=\"form-group\">\n            <label for=\"email\">Email<\/label>\n                <span class=\"wpcf7-form-control-wrap\" data-name=\"email-83\"><input size=\"40\" maxlength=\"400\" class=\"wpcf7-form-control wpcf7-email wpcf7-validates-as-required wpcf7-text wpcf7-validates-as-email form-control\" id=\"email\" aria-required=\"true\" aria-invalid=\"false\" placeholder=\"support@cybernet.com.co\" value=\"\" type=\"email\" name=\"email-83\" \/><\/span>\n        <\/div>\n    <\/div>\n    <div class=\"col-lg-6\">\n        <div class=\"form-group\">\n            <label for=\"Tel\u00e9fono\">Phone Number<\/label>\n                <span class=\"wpcf7-form-control-wrap\" data-name=\"text-748\"><input size=\"40\" maxlength=\"400\" class=\"wpcf7-form-control wpcf7-text form-control\" id=\"phone\" aria-invalid=\"false\" placeholder=\"+57\" value=\"\" type=\"text\" name=\"text-748\" \/><\/span>\n        <\/div>\n    <\/div>\n    <div class=\"col-lg-6\">\n        <div class=\"form-group\">\n            <label for=\"subject\">Asunto<\/label>\n<span class=\"wpcf7-form-control-wrap\" data-name=\"menu-500\"><select class=\"wpcf7-form-control wpcf7-select wpcf7-validates-as-required\" id=\"subject\" aria-required=\"true\" aria-invalid=\"false\" name=\"menu-500\"><option value=\"&lt;option value=&quot;1&quot;&gt;Seleccione asunto&lt;\/option&gt;\">&lt;option value=&quot;1&quot;&gt;Seleccione asunto&lt;\/option&gt;<\/option><option value=\"&lt;option value=&quot;2&quot;&gt;Soporte Soluciones IT&lt;\/option&gt;\">&lt;option value=&quot;2&quot;&gt;Soporte Soluciones IT&lt;\/option&gt;<\/option><option value=\"&lt;option value=&quot;4&quot;&gt;Tecnolog\u00eda de Seguridad&lt;\/option&gt;\">&lt;option value=&quot;4&quot;&gt;Tecnolog\u00eda de Seguridad&lt;\/option&gt;<\/option><option value=\"&lt;option value=&quot;5&quot;&gt;Desarrollo de Software&lt;\/option&gt;\">&lt;option value=&quot;5&quot;&gt;Desarrollo de Software&lt;\/option&gt;<\/option><option value=\"&lt;option value=&quot;6&quot;&gt;Consultor\u00eda&lt;\/option&gt;\">&lt;option value=&quot;6&quot;&gt;Consultor\u00eda&lt;\/option&gt;<\/option><\/select><\/span>\n        <\/div>\n    <\/div>\n<\/div>\n    <div class=\"row\">\n        <div class=\"col-lg-12\">\n            <button type=\"submit\" name=\"submit\" id=\"submit\">Enviar<i class=\"fas fa-angle-right\"><\/i>\n            <\/button>\n        <\/div>\n    <\/div><div class=\"wpcf7-response-output\" aria-hidden=\"true\"><\/div>\n<\/form>\n<\/div>\n    <ul class=\"contact-list\">\r\n        <li>\r\n            <div class=\"icon\">\r\n                                                                    <i class=\"fal fa-user-headset\"><\/i>\r\n                            <\/div>\r\n            <div class=\"info\">\r\n                <h5>Para soporte comunicate con nosotros<\/h5>\r\n                <a href=\"tel:\"><\/a>\r\n            <\/div>\r\n        <\/li>\r\n    <\/ul>\r\n    <!-- End Quick Contact Form  Area -->\r\n\t\t\t<\/div>\n\t\t\t\t<\/div>\n\t\t\t\t\t<\/div>\n\t\t<\/div>\n\t\t\t\t\t<\/div>\n\t\t<\/section>\n\t\t\t\t\t<\/div>\n\t\t<\/div>\n\t\t\t\t\t<\/div>\n\t\t<\/section>\n\t\t\t\t<\/div>\n\t\t","protected":false},"excerpt":{"rendered":"<p>Cybernet Consultoria y Dise\u00f1o de Sistemas de Seguridad Ofrecemos consultor\u00eda experta y dise\u00f1o personalizado de sistemas de seguridad, adaptados a las necesidades espec\u00edficas de cada cliente para garantizar la protecci\u00f3n integral de sus activos. Nuestro enfoque combina tecnolog\u00eda avanzada y experiencia para crear soluciones seguras y eficientes. contacto Sistemas de Seguridad App m\u00f3vil Contamos con [&hellip;]<\/p>\n","protected":false},"author":1,"featured_media":0,"parent":0,"menu_order":0,"comment_status":"closed","ping_status":"closed","template":"elementor_header_footer","meta":{"footnotes":""},"class_list":["post-1551","page","type-page","status-publish","hentry"],"_links":{"self":[{"href":"https:\/\/cybernet.com.co\/index.php\/wp-json\/wp\/v2\/pages\/1551","targetHints":{"allow":["GET"]}}],"collection":[{"href":"https:\/\/cybernet.com.co\/index.php\/wp-json\/wp\/v2\/pages"}],"about":[{"href":"https:\/\/cybernet.com.co\/index.php\/wp-json\/wp\/v2\/types\/page"}],"author":[{"embeddable":true,"href":"https:\/\/cybernet.com.co\/index.php\/wp-json\/wp\/v2\/users\/1"}],"replies":[{"embeddable":true,"href":"https:\/\/cybernet.com.co\/index.php\/wp-json\/wp\/v2\/comments?post=1551"}],"version-history":[{"count":28,"href":"https:\/\/cybernet.com.co\/index.php\/wp-json\/wp\/v2\/pages\/1551\/revisions"}],"predecessor-version":[{"id":4378,"href":"https:\/\/cybernet.com.co\/index.php\/wp-json\/wp\/v2\/pages\/1551\/revisions\/4378"}],"wp:attachment":[{"href":"https:\/\/cybernet.com.co\/index.php\/wp-json\/wp\/v2\/media?parent=1551"}],"curies":[{"name":"wp","href":"https:\/\/api.w.org\/{rel}","templated":true}]}}