{"id":1286,"date":"2022-07-04T16:54:32","date_gmt":"2022-07-04T16:54:32","guid":{"rendered":"https:\/\/validthemes.net\/themeforest\/wp\/crysa\/?page_id=1286"},"modified":"2024-09-11T17:28:16","modified_gmt":"2024-09-11T17:28:16","slug":"c_comandoycontrol","status":"publish","type":"page","link":"https:\/\/cybernet.com.co\/index.php\/c_comandoycontrol\/","title":{"rendered":"Centros de Comando y Control"},"content":{"rendered":"\t\t<div data-elementor-type=\"wp-page\" data-elementor-id=\"1286\" class=\"elementor elementor-1286\" data-elementor-post-type=\"page\">\n\t\t\t\t\t\t<section class=\"elementor-section elementor-top-section elementor-element elementor-element-77b075e elementor-section-full_width elementor-section-stretched elementor-section-height-default elementor-section-height-default\" data-id=\"77b075e\" data-element_type=\"section\" id=\"home\" data-settings=\"{&quot;stretch_section&quot;:&quot;section-stretched&quot;}\">\n\t\t\t\t\t\t<div class=\"elementor-container elementor-column-gap-no\">\n\t\t\t\t\t<div class=\"elementor-column elementor-col-100 elementor-top-column elementor-element elementor-element-a046a09\" data-id=\"a046a09\" data-element_type=\"column\">\n\t\t\t<div class=\"elementor-widget-wrap elementor-element-populated\">\n\t\t\t\t\t\t<div class=\"elementor-element elementor-element-1763f58 elementor-widget elementor-widget-crysa_slider\" data-id=\"1763f58\" data-element_type=\"widget\" data-widget_type=\"crysa_slider.default\">\n\t\t\t\t<div class=\"elementor-widget-container\">\n\t\t\t    <!-- Start Banner Style Three\r\n    ============================================= -->\r\n    <div class=\"banner-style-three-area bg-cover text-light\" style=\"background-image: url(https:\/\/validthemes.net\/themeforest\/wp\/crysa\/wp-content\/uploads\/2022\/07\/banner-2.jpg);\">\r\n        <div class=\"container\">\r\n            <div class=\"banner-items\">\r\n                <div class=\"row align-center\">\r\n                    <div class=\"col-lg-6 banner-style-three\">\r\n                        <div class=\"info\">\r\n                            <h4 class=\"sub-title\">CYBERNET<\/h4>\r\n                            <h2 class=\"title\">CENTROS DE<br>\nCOMANDO Y CONTROL<\/h2>\r\n                            <a class=\"btn btn-md animated-arrow\" href=\"https:\/\/cybernet.com.co\/index.php\/contacto\/\">\r\n                                <span class=\"circle\">\r\n                                    <span class=\"icon arrow\"><\/span>\r\n                                <\/span>\r\n                                <span class=\"button-text\">Cont\u00e1ctanos<\/span>\r\n                            <\/a>\r\n                        <\/div>\r\n                    <\/div>\r\n                    <div class=\"col-lg-6 banner-style-three\">\r\n                        <img decoding=\"async\" src=\"https:\/\/cybernet.com.co\/wp-content\/uploads\/2024\/09\/pngwing.com2_.png\" alt=\"Cybernet\">\r\n                    <\/div>\r\n                <\/div>\r\n            <\/div>\r\n        <\/div>\r\n    <\/div>\r\n    <!-- End Banner Style Three -->\r\n    \t\t<\/div>\n\t\t\t\t<\/div>\n\t\t\t\t\t<\/div>\n\t\t<\/div>\n\t\t\t\t\t<\/div>\n\t\t<\/section>\n\t\t\t\t<section class=\"elementor-section elementor-top-section elementor-element elementor-element-0002841 elementor-section-full_width elementor-section-stretched elementor-section-height-default elementor-section-height-default\" data-id=\"0002841\" data-element_type=\"section\" data-settings=\"{&quot;stretch_section&quot;:&quot;section-stretched&quot;,&quot;background_background&quot;:&quot;classic&quot;}\">\n\t\t\t\t\t\t<div class=\"elementor-container elementor-column-gap-no\">\n\t\t\t\t\t<div class=\"elementor-column elementor-col-100 elementor-top-column elementor-element elementor-element-747bb2f\" data-id=\"747bb2f\" data-element_type=\"column\">\n\t\t\t<div class=\"elementor-widget-wrap elementor-element-populated\">\n\t\t\t\t\t\t<div class=\"elementor-element elementor-element-d452134 elementor-widget elementor-widget-crysa_accordian\" data-id=\"d452134\" data-element_type=\"widget\" data-widget_type=\"crysa_accordian.default\">\n\t\t\t\t<div class=\"elementor-widget-container\">\n\t\t\t\r\n    <!-- Start Faq \r\n    ============================================= -->\r\n    <div class=\"faq-area bg-gray\">\r\n        <!-- Start Shape -->\r\n        <div class=\"shape\">\r\n            <div class=\"circle-shape\"><\/div>\r\n            <div class=\"circle-shape\"><\/div>\r\n        <\/div>\r\n        <!-- End  Shape -->\r\n        <div class=\"container\">\r\n            <div class=\"row align-center\">\r\n                <div class=\"col-lg-6 faq-style-one\">\r\n                    <div class=\"thumb\">\r\n                        <img decoding=\"async\" src=\"https:\/\/cybernet.com.co\/wp-content\/uploads\/2024\/06\/imag3.jpg\" alt=\"Cybernet\">\r\n                    <\/div>\r\n                <\/div>\r\n                <div class=\"col-lg-6 faq-style-one\">\r\n                    <div class=\"heading-left\">\r\n                        <h4 class=\"sub-title\"><\/h4>\r\n            \t\t\t<h2 class=\"heading\">Salas Operativas<br>\nde \u00faltima generaci\u00f3n<\/h2>\r\n                    <\/div>\r\n                    <div class=\"accordion\" id=\"faqAccordion\">\r\n                        \t\t\t\t            <div class=\"accordion-item\">\r\n\t\t\t\t               <h2 class=\"accordion-header\" id=\"heading1\">\r\n\t\t\t\t                  <button class=\"accordion-button \" type=\"button\" data-bs-toggle=\"collapse\" data-bs-target=\"#collapse1\" aria-expanded=\"true\" aria-controls=\"collapse1\">\r\n\t\t\t\t                    Dise\u00f1o de nuestros Centros de Control\t\t\t\t                  <\/button>\r\n\t\t\t\t               <\/h2>\r\n\t\t\t\t               <div id=\"collapse1\" class=\"accordion-collapse collapse show\" aria-labelledby=\"heading1\" data-bs-parent=\"#faqAccordion\">\r\n\t\t\t\t                  <div class=\"accordion-body\">\r\n\t\t\t\t                        <p>\r\n\t\t\t\t                            \u2022 Planificaci\u00f3n ergon\u00f3mica para optimizar el flujo de trabajo y la comodidad del operador<br>\n\n\u2022 Dise\u00f1o de espacios modulares adaptables a diferentes configuraciones y escalables<br>\n\u2022 Dise\u00f1o de sistemas de visualizaci\u00f3n para maximizar la eficiencia en la toma de decisiones\t\t\t\t                        <\/p>\r\n\t\t\t\t                  <\/div>\r\n\t\t\t\t               <\/div>\r\n\t\t\t\t            <\/div>\r\n\t\t\t            \t\t\t\t            <div class=\"accordion-item\">\r\n\t\t\t\t               <h2 class=\"accordion-header\" id=\"heading2\">\r\n\t\t\t\t                  <button class=\"accordion-button collapsed\" type=\"button\" data-bs-toggle=\"collapse\" data-bs-target=\"#collapse2\" aria-expanded=\"true\" aria-controls=\"collapse2\">\r\n\t\t\t\t                    Planificaci\u00f3n\t\t\t\t                  <\/button>\r\n\t\t\t\t               <\/h2>\r\n\t\t\t\t               <div id=\"collapse2\" class=\"accordion-collapse collapse\" aria-labelledby=\"heading2\" data-bs-parent=\"#faqAccordion\">\r\n\t\t\t\t                  <div class=\"accordion-body\">\r\n\t\t\t\t                        <p>\r\n\t\t\t\t                            \u2022 Construcci\u00f3n de estructuras antis\u00edsmicas y resistentes a desastres naturales<br>\n\u2022 Implementaci\u00f3n de sistemas de climatizaci\u00f3n redundantes de alta eficiencia<br>\n\u2022 Instalaci\u00f3n de pisos t\u00e9cnicos elevados para f\u00e1cil acceso a cableado y servicios\t\t\t\t                        <\/p>\r\n\t\t\t\t                  <\/div>\r\n\t\t\t\t               <\/div>\r\n\t\t\t\t            <\/div>\r\n\t\t\t            \t\t\t\t            <div class=\"accordion-item\">\r\n\t\t\t\t               <h2 class=\"accordion-header\" id=\"heading3\">\r\n\t\t\t\t                  <button class=\"accordion-button collapsed\" type=\"button\" data-bs-toggle=\"collapse\" data-bs-target=\"#collapse3\" aria-expanded=\"true\" aria-controls=\"collapse3\">\r\n\t\t\t\t                    Resultado Final\t\t\t\t                  <\/button>\r\n\t\t\t\t               <\/h2>\r\n\t\t\t\t               <div id=\"collapse3\" class=\"accordion-collapse collapse\" aria-labelledby=\"heading3\" data-bs-parent=\"#faqAccordion\">\r\n\t\t\t\t                  <div class=\"accordion-body\">\r\n\t\t\t\t                        <p>\r\n\t\t\t\t                            \u2022 Implementaci\u00f3n de videowall de alta resoluci\u00f3n con tecnolog\u00eda LED o LCD<br>\n\u2022 Instalaci\u00f3n de consolas de operador con m\u00faltiples pantallas y controles ergon\u00f3micos<br>\n\u2022 Implementaci\u00f3n de software de gesti\u00f3n de incidentes y recursos\t\t\t\t                        <\/p>\r\n\t\t\t\t                  <\/div>\r\n\t\t\t\t               <\/div>\r\n\t\t\t\t            <\/div>\r\n\t\t\t                                <\/div>\r\n                <\/div>\r\n\r\n            <\/div>\r\n        <\/div>\r\n    <\/div>\r\n    <!-- End Faq Area -->\r\n\t\t\t<\/div>\n\t\t\t\t<\/div>\n\t\t\t\t\t<\/div>\n\t\t<\/div>\n\t\t\t\t\t<\/div>\n\t\t<\/section>\n\t\t\t\t<section class=\"elementor-section elementor-top-section elementor-element elementor-element-98ed3f1 elementor-section-full_width elementor-section-stretched elementor-section-height-default elementor-section-height-default\" data-id=\"98ed3f1\" data-element_type=\"section\" data-settings=\"{&quot;stretch_section&quot;:&quot;section-stretched&quot;,&quot;background_background&quot;:&quot;classic&quot;}\">\n\t\t\t\t\t\t<div class=\"elementor-container elementor-column-gap-no\">\n\t\t\t\t\t<div class=\"elementor-column elementor-col-100 elementor-top-column elementor-element elementor-element-b2c4d69\" data-id=\"b2c4d69\" data-element_type=\"column\">\n\t\t\t<div class=\"elementor-widget-wrap elementor-element-populated\">\n\t\t\t\t\t\t<div class=\"elementor-element elementor-element-864e495 elementor-widget elementor-widget-crysa_service\" data-id=\"864e495\" data-element_type=\"widget\" data-widget_type=\"crysa_service.default\">\n\t\t\t\t<div class=\"elementor-widget-container\">\n\t\t\t\r\n    <!-- Start Services Style Two\r\n    ============================================= -->\r\n   \t<div class=\"services-style-two-area text-light\">\r\n   \t\t\t        <!-- Shape -->\r\n\t        <div class=\"shape\" style=\"background-image: url(https:\/\/themelocker.tech\/crysa\/wp-content\/uploads\/2022\/06\/29.png);\"><\/div>\r\n\t        <!-- End Shape -->\r\n                <div class=\"container\">\r\n            <div class=\"heading-left\">\r\n                <div class=\"row\">\r\n                    <div class=\"col-lg-5\">\r\n                    \t                        <h5 class=\"sub-heading light\">CYBERNET<\/h5>\r\n                                                                        <h2 class=\"heading\">Nuestros Centros de Comando y Control <\/h2>\r\n                                            <\/div>\r\n                                        <div class=\"col-lg-6 offset-lg-1\">\r\n                        <p>\r\n                            Nuestros Centros de Comando y Control estan dise\u00f1ados y optimizados de acuerdo con los lineamientos de mas alta calidad con la tecnologia optima para su funcionamiento                        <\/p>\r\n                    <\/div>\r\n                                    <\/div>\r\n            <\/div>\r\n        <\/div>\r\n        <div class=\"container\">\r\n            <div class=\"row\">\r\n                <div class=\"col-md-12\">\r\n                    <div class=\"services-carousel text-center swiper\">\r\n                        <!-- Additional required wrapper -->\r\n                        <div class=\"swiper-wrapper\">\r\n                        \t                            <!-- Single Item -->\r\n                            <div class=\"swiper-slide\">\r\n                                <div class=\"services-style-two\">\r\n                                    <a href=\"\">\r\n                                        \t\t\t                                <i class=\"flaticon-cloud\"><\/i>\r\n\t\t\t                            \t\t\t                            \t\t\t                                                                    <h5>Tecnolog\u00eda<\/h5>\r\n                                    <\/a>\r\n                                <\/div>\r\n                            <\/div>\r\n                            <!-- End Single Item -->\r\n                                                        <!-- Single Item -->\r\n                            <div class=\"swiper-slide\">\r\n                                <div class=\"services-style-two\">\r\n                                    <a href=\"\">\r\n                                        \t\t\t                                <i class=\"flaticon-smart-city\"><\/i>\r\n\t\t\t                            \t\t\t                            \t\t\t                                                                    <h5>Infraestructura<\/h5>\r\n                                    <\/a>\r\n                                <\/div>\r\n                            <\/div>\r\n                            <!-- End Single Item -->\r\n                                                        <!-- Single Item -->\r\n                            <div class=\"swiper-slide\">\r\n                                <div class=\"services-style-two\">\r\n                                    <a href=\"\">\r\n                                        \t\t\t                                <i class=\"flaticon-plan\"><\/i>\r\n\t\t\t                            \t\t\t                            \t\t\t                                                                    <h5>Dise\u00f1o<\/h5>\r\n                                    <\/a>\r\n                                <\/div>\r\n                            <\/div>\r\n                            <!-- End Single Item -->\r\n                                                        <!-- Single Item -->\r\n                            <div class=\"swiper-slide\">\r\n                                <div class=\"services-style-two\">\r\n                                    <a href=\"\">\r\n                                        \t\t\t                                <i class=\"flaticon-dashboard\"><\/i>\r\n\t\t\t                            \t\t\t                            \t\t\t                                                                    <h5>Planificaci\u00f3n<\/h5>\r\n                                    <\/a>\r\n                                <\/div>\r\n                            <\/div>\r\n                            <!-- End Single Item -->\r\n                                                        <!-- Single Item -->\r\n                            <div class=\"swiper-slide\">\r\n                                <div class=\"services-style-two\">\r\n                                    <a href=\"\">\r\n                                        \t\t\t                                <i class=\"flaticon-smart-house\"><\/i>\r\n\t\t\t                            \t\t\t                            \t\t\t                                                                    <h5>Obra Civil<\/h5>\r\n                                    <\/a>\r\n                                <\/div>\r\n                            <\/div>\r\n                            <!-- End Single Item -->\r\n                                                \t<\/div>\r\n                \t<\/div>\r\n            \t<\/div>\r\n        \t<\/div>\r\n        <\/div>\r\n            <\/div>\r\n    <!-- End Services Area Style Two -->\r\n    \t\t<\/div>\n\t\t\t\t<\/div>\n\t\t\t\t\t<\/div>\n\t\t<\/div>\n\t\t\t\t\t<\/div>\n\t\t<\/section>\n\t\t\t\t<section class=\"elementor-section elementor-top-section elementor-element elementor-element-51f20d2 elementor-section-full_width elementor-section-stretched elementor-section-height-default elementor-section-height-default\" data-id=\"51f20d2\" data-element_type=\"section\" data-settings=\"{&quot;stretch_section&quot;:&quot;section-stretched&quot;}\">\n\t\t\t\t\t\t<div class=\"elementor-container elementor-column-gap-no\">\n\t\t\t\t\t<div class=\"elementor-column elementor-col-100 elementor-top-column elementor-element elementor-element-4101a13\" data-id=\"4101a13\" data-element_type=\"column\">\n\t\t\t<div class=\"elementor-widget-wrap elementor-element-populated\">\n\t\t\t\t\t\t<div class=\"elementor-element elementor-element-eb228ff elementor-widget elementor-widget-crysa_meeting\" data-id=\"eb228ff\" data-element_type=\"widget\" data-widget_type=\"crysa_meeting.default\">\n\t\t\t\t<div class=\"elementor-widget-container\">\n\t\t\t\r\n    <!-- Start Meeting \r\n    ============================================= -->\r\n    <div class=\"meeting-style-one-area bg-cover default-padding text-light\" style=\"background-image: url(https:\/\/cybernet.com.co\/wp-content\/uploads\/2024\/06\/FONDO1-1.png);\">\r\n        <!-- Shape -->\r\n                \t<div class=\"shape-left-top\" style=\"background-image: url(https:\/\/themelocker.tech\/crysa\/wp-content\/uploads\/2022\/06\/41.png);\"><\/div>\r\n        <!-- End Shape -->\r\n                <!-- End Shape -->\r\n        <div class=\"container\">\r\n            <div class=\"row align-center\">\r\n                <div class=\"col-xl-6 col-lg-5 meeting-style-one\">\r\n                    <h4 class=\"sub-title\">CONTACTANOS<\/h4>\r\n                    <h2 class=\"heading\">Conoce nuestros servicios<\/h2>\r\n                    <ul class=\"list\"><li>Salas de Comando y Control<\/li><li>Dise\u00f1o y planificaci\u00f3n<\/li><li>Proyecto llave en mano<\/li><\/ul>                <\/div>\r\n                <div class=\"col-xl-6 col-lg-7 meeting-style-one\">\r\n                    <ul class=\"text-end\">\r\n                    \t                        <li>\r\n                            <a href=\"#\">\r\n                                \t                            \t                            \t                                <i class=\"fas fa-envelope-open-text\"><\/i>\r\n\t                                                            <h5>Email<\/h5>\r\n                                <p>\r\n                                    info@cybernet.com.co                                <\/p>\r\n                            <\/a>\r\n                        <\/li>\r\n                                                <li>\r\n                            <a href=\"#\">\r\n                                \t                            \t                            \t                                <i class=\"fas fa-phone-plus\"><\/i>\r\n\t                                                            <h5>Tel\u00e9fono<\/h5>\r\n                                <p>\r\n                                    (+57) 601 805 35 73                                <\/p>\r\n                            <\/a>\r\n                        <\/li>\r\n                                            <\/ul>\r\n                <\/div>\r\n            <\/div>\r\n        <\/div>\r\n    <\/div>\r\n    <!-- End Meeting -->\r\n\t\t\t<\/div>\n\t\t\t\t<\/div>\n\t\t\t\t\t<\/div>\n\t\t<\/div>\n\t\t\t\t\t<\/div>\n\t\t<\/section>\n\t\t\t\t<\/div>\n\t\t","protected":false},"excerpt":{"rendered":"<p>CYBERNET CENTROS DE COMANDO Y CONTROL Cont\u00e1ctanos Salas Operativas de \u00faltima generaci\u00f3n Dise\u00f1o de nuestros Centros de Control \u2022 Planificaci\u00f3n ergon\u00f3mica para optimizar el flujo de trabajo y la comodidad del operador \u2022 Dise\u00f1o de espacios modulares adaptables a diferentes configuraciones y escalables \u2022 Dise\u00f1o de sistemas de visualizaci\u00f3n para maximizar la eficiencia en la [&hellip;]<\/p>\n","protected":false},"author":1,"featured_media":0,"parent":0,"menu_order":0,"comment_status":"closed","ping_status":"closed","template":"elementor_header_footer","meta":{"footnotes":""},"class_list":["post-1286","page","type-page","status-publish","hentry"],"_links":{"self":[{"href":"https:\/\/cybernet.com.co\/index.php\/wp-json\/wp\/v2\/pages\/1286","targetHints":{"allow":["GET"]}}],"collection":[{"href":"https:\/\/cybernet.com.co\/index.php\/wp-json\/wp\/v2\/pages"}],"about":[{"href":"https:\/\/cybernet.com.co\/index.php\/wp-json\/wp\/v2\/types\/page"}],"author":[{"embeddable":true,"href":"https:\/\/cybernet.com.co\/index.php\/wp-json\/wp\/v2\/users\/1"}],"replies":[{"embeddable":true,"href":"https:\/\/cybernet.com.co\/index.php\/wp-json\/wp\/v2\/comments?post=1286"}],"version-history":[{"count":21,"href":"https:\/\/cybernet.com.co\/index.php\/wp-json\/wp\/v2\/pages\/1286\/revisions"}],"predecessor-version":[{"id":4523,"href":"https:\/\/cybernet.com.co\/index.php\/wp-json\/wp\/v2\/pages\/1286\/revisions\/4523"}],"wp:attachment":[{"href":"https:\/\/cybernet.com.co\/index.php\/wp-json\/wp\/v2\/media?parent=1286"}],"curies":[{"name":"wp","href":"https:\/\/api.w.org\/{rel}","templated":true}]}}