{"id":1183,"date":"2022-07-04T12:35:22","date_gmt":"2022-07-04T12:35:22","guid":{"rendered":"https:\/\/validthemes.net\/themeforest\/wp\/crysa\/?page_id=1183"},"modified":"2024-08-23T19:18:29","modified_gmt":"2024-08-23T19:18:29","slug":"infraestructurati","status":"publish","type":"page","link":"https:\/\/cybernet.com.co\/index.php\/infraestructurati\/","title":{"rendered":"Infraestructura y TI"},"content":{"rendered":"\t\t<div data-elementor-type=\"wp-page\" data-elementor-id=\"1183\" class=\"elementor elementor-1183\" data-elementor-post-type=\"page\">\n\t\t\t\t\t\t<section class=\"elementor-section elementor-top-section elementor-element elementor-element-324d784 elementor-section-full_width elementor-section-stretched elementor-section-height-default elementor-section-height-default\" data-id=\"324d784\" data-element_type=\"section\" data-settings=\"{&quot;stretch_section&quot;:&quot;section-stretched&quot;}\">\n\t\t\t\t\t\t<div class=\"elementor-container elementor-column-gap-no\">\n\t\t\t\t\t<div class=\"elementor-column elementor-col-100 elementor-top-column elementor-element elementor-element-ee291b3\" data-id=\"ee291b3\" data-element_type=\"column\">\n\t\t\t<div class=\"elementor-widget-wrap elementor-element-populated\">\n\t\t\t\t\t\t<div class=\"elementor-element elementor-element-aa1eb2e elementor-widget elementor-widget-crysa_slider\" data-id=\"aa1eb2e\" data-element_type=\"widget\" data-widget_type=\"crysa_slider.default\">\n\t\t\t\t<div class=\"elementor-widget-container\">\n\t\t\t    <!-- Start Banner Style Three\r\n    ============================================= -->\r\n    <div class=\"banner-style-three-area bg-cover text-light\" style=\"background-image: url(https:\/\/cybernet.com.co\/wp-content\/uploads\/2024\/07\/banner-2.png);\">\r\n        <div class=\"container\">\r\n            <div class=\"banner-items\">\r\n                <div class=\"row align-center\">\r\n                    <div class=\"col-lg-6 banner-style-three\">\r\n                        <div class=\"info\">\r\n                            <h4 class=\"sub-title\">OPTIMICE SUS SISTEMAS<\/h4>\r\n                            <h2 class=\"title\">Infraestructura TI<\/h2>\r\n                            <a class=\"btn btn-md animated-arrow\" href=\"https:\/\/cybernet.com.co\/index.php\/servicios\/\">\r\n                                <span class=\"circle\">\r\n                                    <span class=\"icon arrow\"><\/span>\r\n                                <\/span>\r\n                                <span class=\"button-text\">nuestros servicios<\/span>\r\n                            <\/a>\r\n                        <\/div>\r\n                    <\/div>\r\n                    <div class=\"col-lg-6 banner-style-three\">\r\n                        <img decoding=\"async\" src=\"https:\/\/cybernet.com.co\/wp-content\/uploads\/2024\/07\/CableadoEstrucuradoAnimado-1.png\" alt=\"Cybernet\">\r\n                    <\/div>\r\n                <\/div>\r\n            <\/div>\r\n        <\/div>\r\n    <\/div>\r\n    <!-- End Banner Style Three -->\r\n    \t\t<\/div>\n\t\t\t\t<\/div>\n\t\t\t\t\t<\/div>\n\t\t<\/div>\n\t\t\t\t\t<\/div>\n\t\t<\/section>\n\t\t\t\t<section class=\"elementor-section elementor-top-section elementor-element elementor-element-03f25c6 elementor-section-full_width elementor-section-height-default elementor-section-height-default\" data-id=\"03f25c6\" data-element_type=\"section\" data-settings=\"{&quot;background_background&quot;:&quot;classic&quot;}\">\n\t\t\t\t\t\t<div class=\"elementor-container elementor-column-gap-no\">\n\t\t\t\t\t<div class=\"elementor-column elementor-col-100 elementor-top-column elementor-element elementor-element-88d1e3a\" data-id=\"88d1e3a\" data-element_type=\"column\">\n\t\t\t<div class=\"elementor-widget-wrap elementor-element-populated\">\n\t\t\t\t\t\t<div class=\"elementor-element elementor-element-180b103 elementor-widget elementor-widget-crysa_service\" data-id=\"180b103\" data-element_type=\"widget\" data-widget_type=\"crysa_service.default\">\n\t\t\t\t<div class=\"elementor-widget-container\">\n\t\t\t    <!-- Start Services Six\r\n    ============================================= -->\r\n    <div class=\"services-style-seven-area bg-fixed\">\r\n                <div class=\"container\">\r\n            <div class=\"row\">\r\n                <div class=\"col-lg-12\">\r\n                    <div class=\"services-style-seven-carousel swiper\">\r\n                        <!-- Additional required wrapper -->\r\n                        <div class=\"swiper-wrapper\">\r\n                        \t                            <!-- Single Item -->\r\n                            <div class=\"swiper-slide\">\r\n                                <div class=\"services-style-seven\">\r\n                                    \t\t                            \t\t                                <img decoding=\"async\" src=\"https:\/\/cybernet.com.co\/wp-content\/uploads\/2024\/07\/cable-de-ethernet.png\">\r\n\t\t                            \t\t                                                                <h4><a href=\"#\">Cableado y tecnolog\u00edas inal\u00e1mbricas<\/a><\/h4>\r\n                                    <p>\r\n                                        \u2022 Instalaci\u00f3n de cableado Cat6a o superior.<br> \u2022 Configuraci\u00f3n de redes Wi-Fi avanzadas.<br> \u2022 Mantenimiento de conexiones inal\u00e1mbricas.<br>                                    <\/p> \r\n                                <\/div>\r\n                            <\/div>\r\n                            <!-- End Single Item -->\r\n                                                        <!-- Single Item -->\r\n                            <div class=\"swiper-slide\">\r\n                                <div class=\"services-style-seven\">\r\n                                    \t\t                            \t\t                                <img decoding=\"async\" src=\"https:\/\/cybernet.com.co\/wp-content\/uploads\/2024\/07\/centro-de-datos.png\">\r\n\t\t                            \t\t                                                                <h4><a href=\"#\">Planificaci\u00f3n de centros de datos<\/a><\/h4>\r\n                                    <p>\r\n                                        \u2022 Dise\u00f1o de infraestructura de centros de datos.<br>\n\u2022 Optimizaci\u00f3n de espacio y recursos.<br>\n\u2022 Planificaci\u00f3n de crecimiento y escalabilidad.<br>                                    <\/p> \r\n                                <\/div>\r\n                            <\/div>\r\n                            <!-- End Single Item -->\r\n                                                        <!-- Single Item -->\r\n                            <div class=\"swiper-slide\">\r\n                                <div class=\"services-style-seven\">\r\n                                    \t\t                            \t\t                                <img decoding=\"async\" src=\"https:\/\/cybernet.com.co\/wp-content\/uploads\/2024\/07\/sistema-de-energia.png\">\r\n\t\t                            \t\t                                                                <h4><a href=\"#\">Sistemas el\u00e9ctricos redundantes<\/a><\/h4>\r\n                                    <p>\r\n                                        \u2022 Implementaci\u00f3n de sistemas el\u00e9ctricos robustos.<br>\n\u2022 Instalaci\u00f3n de circuitos redundantes.<br>\n\u2022 Supervisi\u00f3n de la integridad el\u00e9ctrica.<br>                                    <\/p> \r\n                                <\/div>\r\n                            <\/div>\r\n                            <!-- End Single Item -->\r\n                                                        <!-- Single Item -->\r\n                            <div class=\"swiper-slide\">\r\n                                <div class=\"services-style-seven\">\r\n                                    \t\t                            \t\t                                <img decoding=\"async\" src=\"https:\/\/cybernet.com.co\/wp-content\/uploads\/2024\/07\/generador-electrico.png\">\r\n\t\t                            \t\t                                                                <h4><a href=\"#\">UPS y generadores de respaldo<\/a><\/h4>\r\n                                    <p>\r\n                                        \u2022 Instalaci\u00f3n de fuentes de alimentaci\u00f3n ininterrumpida (UPS).<br>\n\u2022 Mantenimiento de generadores de respaldo.<br>\n\u2022 Monitoreo de sistemas de energ\u00eda de emergencia.<br>                                    <\/p> \r\n                                <\/div>\r\n                            <\/div>\r\n                            <!-- End Single Item -->\r\n                                                    <\/div>\r\n                    <\/div>\r\n                <\/div>\r\n            <\/div>\r\n        <\/div>\r\n    <\/div>\r\n    <!-- End Services Six -->\r\n\t\t\t<\/div>\n\t\t\t\t<\/div>\n\t\t\t\t\t<\/div>\n\t\t<\/div>\n\t\t\t\t\t<\/div>\n\t\t<\/section>\n\t\t\t\t<section class=\"elementor-section elementor-top-section elementor-element elementor-element-486b43d elementor-section-full_width elementor-section-stretched bg-dark elementor-section-height-default elementor-section-height-default\" data-id=\"486b43d\" data-element_type=\"section\" data-settings=\"{&quot;stretch_section&quot;:&quot;section-stretched&quot;}\">\n\t\t\t\t\t\t<div class=\"elementor-container elementor-column-gap-no\">\n\t\t\t\t\t<div class=\"elementor-column elementor-col-100 elementor-top-column elementor-element elementor-element-c761121\" data-id=\"c761121\" data-element_type=\"column\">\n\t\t\t<div class=\"elementor-widget-wrap elementor-element-populated\">\n\t\t\t\t\t\t<section class=\"elementor-section elementor-inner-section elementor-element elementor-element-27bbcc3 elementor-section-boxed elementor-section-height-default elementor-section-height-default\" data-id=\"27bbcc3\" data-element_type=\"section\">\n\t\t\t\t\t\t<div class=\"elementor-container elementor-column-gap-no\">\n\t\t\t\t\t<div class=\"elementor-column elementor-col-50 elementor-inner-column elementor-element elementor-element-17dd0b2\" data-id=\"17dd0b2\" data-element_type=\"column\">\n\t\t\t<div class=\"elementor-widget-wrap elementor-element-populated\">\n\t\t\t\t\t\t<div class=\"elementor-element elementor-element-a2d4de0 elementor-widget elementor-widget-about_image\" data-id=\"a2d4de0\" data-element_type=\"widget\" data-widget_type=\"about_image.default\">\n\t\t\t\t<div class=\"elementor-widget-container\">\n\t\t\t        <div class=\"thumb-style-three\">\r\n            <img decoding=\"async\" src=\"https:\/\/cybernet.com.co\/wp-content\/uploads\/2024\/07\/it.png\" alt=\"Cybernet\">\r\n            <img decoding=\"async\" src=\"https:\/\/cybernet.com.co\/wp-content\/uploads\/2024\/07\/it2.png\" alt=\"Cybernet\">\r\n            <div class=\"experience\">\r\n                <img decoding=\"async\" src=\"https:\/\/cybernet.com.co\/wp-content\/uploads\/2024\/07\/GARANTIA-DE-CALIDAD.png\" alt=\"Cybernet\">\r\n            <\/div>\r\n        <\/div>\r\n    \t\t<\/div>\n\t\t\t\t<\/div>\n\t\t\t\t\t<\/div>\n\t\t<\/div>\n\t\t\t\t<div class=\"elementor-column elementor-col-50 elementor-inner-column elementor-element elementor-element-3fc4261\" data-id=\"3fc4261\" data-element_type=\"column\">\n\t\t\t<div class=\"elementor-widget-wrap elementor-element-populated\">\n\t\t\t\t\t\t<div class=\"elementor-element elementor-element-10d3d7d elementor-widget elementor-widget-crysa_accordian_widget\" data-id=\"10d3d7d\" data-element_type=\"widget\" data-widget_type=\"crysa_accordian_widget.default\">\n\t\t\t\t<div class=\"elementor-widget-container\">\n\t\t\t    <!-- Start Accordian \r\n    ============================================= -->\r\n    <div class=\"about-style-three text-light\">\r\n        <h2>Ayudamos a las empresas a ampliar su capacidad de ingenier\u00eda TI<\/h2>\r\n        <p>\r\n            La infraestructura de TI es el fundamento tecnol\u00f3gico que soporta las operaciones digitales de organizaciones en todo el mundo. Abarca una amplia gama de componentes esenciales:<br>\n<br>\n\u2022 Implementaci\u00f3n de redes de alta velocidad y baja latencia<br>\n\u2022 Dise\u00f1o y gesti\u00f3n de centros de datos eficientes y seguros<br>\n\u2022 Integraci\u00f3n de sistemas de almacenamiento escalables<br>\n\u2022 Internet de las Cosas (IoT) para conectividad avanzada        <\/p>\r\n        <div class=\"accordion\" id=\"faqAccordion\">\r\n            \t            <div class=\"accordion-item\">\r\n\t               <h2 class=\"accordion-header\" id=\"heading1\">\r\n\t                  <button class=\"accordion-button \" type=\"button\" data-bs-toggle=\"collapse\" data-bs-target=\"#collapse1\" aria-expanded=\"true\" aria-controls=\"collapse1\">\r\n\t                    \u00bfPor qu\u00e9 tener una buena infraestructura de TI?\t                  <\/button>\r\n\t               <\/h2>\r\n\t               <div id=\"collapse1\" class=\"accordion-collapse collapse show\" aria-labelledby=\"heading1\" data-bs-parent=\"#faqAccordion\">\r\n\t                  <div class=\"accordion-body\">\r\n\t                        <p>\r\n\t                            Tener buenas infraestructuras de TI asegura la continuidad operativa y minimiza el tiempo de inactividad. Facilita la escalabilidad y adaptaci\u00f3n a nuevas tecnolog\u00edas, manteniendo a las empresas competitivas. Adem\u00e1s, optimiza recursos y reduce costos a largo plazo.\t                        <\/p>\r\n\t                  <\/div>\r\n\t               <\/div>\r\n\t            <\/div>\r\n            \t            <div class=\"accordion-item\">\r\n\t               <h2 class=\"accordion-header\" id=\"heading2\">\r\n\t                  <button class=\"accordion-button collapsed\" type=\"button\" data-bs-toggle=\"collapse\" data-bs-target=\"#collapse2\" aria-expanded=\"true\" aria-controls=\"collapse2\">\r\n\t                    Campos de acci\u00f3n\t                  <\/button>\r\n\t               <\/h2>\r\n\t               <div id=\"collapse2\" class=\"accordion-collapse collapse\" aria-labelledby=\"heading2\" data-bs-parent=\"#faqAccordion\">\r\n\t                  <div class=\"accordion-body\">\r\n\t                        <p>\r\n\t                            La infraestructura de TI es cr\u00edtica en pr\u00e1cticamente todos los sectores, desde finanzas y salud hasta manufactura y gobierno. Es fundamental para la transformaci\u00f3n digital, la innovaci\u00f3n tecnol\u00f3gica y la competitividad global de organizaciones y naciones.\t                        <\/p>\r\n\t                  <\/div>\r\n\t               <\/div>\r\n\t            <\/div>\r\n                    <\/div>\r\n    <\/div>\r\n    <!-- End Accordian -->\r\n\t\t\t<\/div>\n\t\t\t\t<\/div>\n\t\t\t\t\t<\/div>\n\t\t<\/div>\n\t\t\t\t\t<\/div>\n\t\t<\/section>\n\t\t\t\t\t<\/div>\n\t\t<\/div>\n\t\t\t\t\t<\/div>\n\t\t<\/section>\n\t\t\t\t<\/div>\n\t\t","protected":false},"excerpt":{"rendered":"<p>OPTIMICE SUS SISTEMAS Infraestructura TI nuestros servicios Cableado y tecnolog\u00edas inal\u00e1mbricas \u2022 Instalaci\u00f3n de cableado Cat6a o superior. \u2022 Configuraci\u00f3n de redes Wi-Fi avanzadas. \u2022 Mantenimiento de conexiones inal\u00e1mbricas. Planificaci\u00f3n de centros de datos \u2022 Dise\u00f1o de infraestructura de centros de datos. \u2022 Optimizaci\u00f3n de espacio y recursos. \u2022 Planificaci\u00f3n de crecimiento y escalabilidad. Sistemas [&hellip;]<\/p>\n","protected":false},"author":1,"featured_media":0,"parent":0,"menu_order":0,"comment_status":"closed","ping_status":"closed","template":"elementor_header_footer","meta":{"footnotes":""},"class_list":["post-1183","page","type-page","status-publish","hentry"],"_links":{"self":[{"href":"https:\/\/cybernet.com.co\/index.php\/wp-json\/wp\/v2\/pages\/1183","targetHints":{"allow":["GET"]}}],"collection":[{"href":"https:\/\/cybernet.com.co\/index.php\/wp-json\/wp\/v2\/pages"}],"about":[{"href":"https:\/\/cybernet.com.co\/index.php\/wp-json\/wp\/v2\/types\/page"}],"author":[{"embeddable":true,"href":"https:\/\/cybernet.com.co\/index.php\/wp-json\/wp\/v2\/users\/1"}],"replies":[{"embeddable":true,"href":"https:\/\/cybernet.com.co\/index.php\/wp-json\/wp\/v2\/comments?post=1183"}],"version-history":[{"count":76,"href":"https:\/\/cybernet.com.co\/index.php\/wp-json\/wp\/v2\/pages\/1183\/revisions"}],"predecessor-version":[{"id":4319,"href":"https:\/\/cybernet.com.co\/index.php\/wp-json\/wp\/v2\/pages\/1183\/revisions\/4319"}],"wp:attachment":[{"href":"https:\/\/cybernet.com.co\/index.php\/wp-json\/wp\/v2\/media?parent=1183"}],"curies":[{"name":"wp","href":"https:\/\/api.w.org\/{rel}","templated":true}]}}